{"id":108,"date":"2022-07-11T14:41:55","date_gmt":"2022-07-11T12:41:55","guid":{"rendered":"https:\/\/5.148.165.27\/plesk-site-preview\/www.amberg-zahnaerzte.ch\/https\/5.148.165.27?page_id=108"},"modified":"2023-01-17T15:47:00","modified_gmt":"2023-01-17T14:47:00","slug":"erwachsene","status":"publish","type":"page","link":"https:\/\/www.amberg-zahnaerzte.ch\/relaunch\/patienten\/erwachsene\/","title":{"rendered":"Erwachsene"},"content":{"rendered":"\n<h2>Sie und wir auf Augenh\u00f6he<\/h2>\n\n\n\n<p>Sie sch\u00e4tzen es bestimmt, wenn die Behandlung optimal auf Ihre gesch\u00e4ftlichen und privaten Bed\u00fcrfnisse abgestimmt ist, gerne auch zu Randzeiten. Wir arbeiten Montag bis Donnerstag jeweils am Abend bis 20.30 Uhr. Bei allem gesunden Respekt gegen\u00fcber der Medizin, behalten Sie auch bei einer Zahnbehandlung die Kosten gerne im Blick.<br><br><strong>Sie sch\u00e4tzen Seriosit\u00e4t<\/strong><br>Sie w\u00fcnschen sich weisse, sch\u00f6ne und gleichm\u00e4ssige Frontz\u00e4hne f\u00fcr ein strahlendes Lachen. Korrekturen oder ein allf\u00e4lliger Zahnersatz soll m\u00f6glichst unsichtbar sein. Sie erwarten eine schonende, schmerzlose Behandlung in angenehmer, ruhiger Atmosph\u00e4re. Sie m\u00f6chten, dass Ihre Anliegen, Bedenken und W\u00fcnsche ernst genommen werden und dass Sie Ihre Entscheidungsfreiheit behalten. Sie sind bereit, die notwendigen, aktuellen Techniken f\u00fcr die t\u00e4gliche Zahnpflege zu erlernen. Medikamente reduzieren Sie gerne auf ein Minimum.<br><br><strong>Sie m\u00f6chten selbst entscheiden<\/strong><br>Sie sch\u00e4tzen es, wenn ihr Anliegen oder eine bestimmte Behandlung nur einen Zahnarztbesuch erfordert, auch wenn dieser etwas l\u00e4nger dauert. Daher ist Ihnen Effizienz wichtig. Technische Details und Behandlungsmethoden lassen Sie sich jedoch gerne genauer erkl\u00e4ren. W\u00e4hlen und entscheiden m\u00f6chten Sie weitgehend selber. Die t\u00e4gliche Mundhygiene erf\u00fcllen Sie zwar routiniert, Sie brauchen jedoch hin und wieder jemanden, der sie freundlich daran erinnert, dass sich Gr\u00fcndlichkeit langfristig auszahlt. Das Gleiche gilt f\u00fcr den j\u00e4hrlichen Kontrollbesuch.<\/p>\n","protected":false},"excerpt":{"rendered":"<p>Sie und wir auf Augenh\u00f6he Sie sch\u00e4tzen es bestimmt, wenn die Behandlung optimal auf Ihre gesch\u00e4ftlichen und privaten Bed\u00fcrfnisse abgestimmt ist, gerne auch zu Randzeiten. Wir arbeiten Montag bis Donnerstag jeweils am Abend bis 20.30 Uhr. Bei allem gesunden Respekt gegen\u00fcber der Medizin, behalten Sie auch bei einer Zahnbehandlung die Kosten gerne im Blick. Sie [&hellip;]<\/p>\n","protected":false},"author":2,"featured_media":719,"parent":72,"menu_order":0,"comment_status":"closed","ping_status":"closed","template":"","meta":[],"acf":[],"yoast_head":"<!-- This site is optimized with the Yoast SEO plugin v20.1 - https:\/\/yoast.com\/wordpress\/plugins\/seo\/ -->\n<title>Erwachsene &bull; Amberg Zahn\u00e4rzte<\/title>\n<meta name=\"description\" content=\"Unsere verl\u00e4ngerten \u00d6ffnungszeiten von Montag- bis Donnerstagabend jeweils bis 20.30 Uhr geben Ihnen jeglichen Spielraum bei Ihrer Terminplanung.\" \/>\n<meta name=\"robots\" content=\"index, follow, max-snippet:-1, max-image-preview:large, max-video-preview:-1\" \/>\n<link rel=\"canonical\" href=\"https:\/\/www.amberg-zahnaerzte.ch\/relaunch\/patienten\/erwachsene\/\" \/>\n<meta property=\"og:locale\" content=\"de_DE\" \/>\n<meta property=\"og:type\" content=\"article\" \/>\n<meta property=\"og:title\" content=\"Erwachsene &bull; Amberg Zahn\u00e4rzte\" \/>\n<meta property=\"og:description\" content=\"Unsere verl\u00e4ngerten \u00d6ffnungszeiten von Montag- bis Donnerstagabend jeweils bis 20.30 Uhr geben Ihnen jeglichen Spielraum bei Ihrer Terminplanung.\" \/>\n<meta property=\"og:url\" content=\"https:\/\/www.amberg-zahnaerzte.ch\/relaunch\/patienten\/erwachsene\/\" \/>\n<meta property=\"og:site_name\" content=\"Amberg Zahn\u00e4rzte\" \/>\n<meta property=\"article:modified_time\" content=\"2023-01-17T14:47:00+00:00\" \/>\n<meta property=\"og:image\" content=\"https:\/\/www.amberg-zahnaerzte.ch\/relaunch\/wp-content\/uploads\/Erwachsene_Titelbild-e1662012731248.jpg\" \/>\n\t<meta property=\"og:image:width\" content=\"1772\" \/>\n\t<meta property=\"og:image:height\" content=\"974\" \/>\n\t<meta property=\"og:image:type\" content=\"image\/jpeg\" \/>\n<meta name=\"twitter:card\" content=\"summary_large_image\" \/>\n<meta name=\"twitter:label1\" content=\"Est. reading time\" \/>\n\t<meta name=\"twitter:data1\" content=\"2 Minuten\" \/>\n<script type=\"application\/ld+json\" class=\"yoast-schema-graph\">{\"@context\":\"https:\/\/schema.org\",\"@graph\":[{\"@type\":\"WebPage\",\"@id\":\"https:\/\/www.amberg-zahnaerzte.ch\/relaunch\/patienten\/erwachsene\/\",\"url\":\"https:\/\/www.amberg-zahnaerzte.ch\/relaunch\/patienten\/erwachsene\/\",\"name\":\"Erwachsene &bull; Amberg Zahn\u00e4rzte\",\"isPartOf\":{\"@id\":\"https:\/\/www.amberg-zahnaerzte.ch\/relaunch\/#website\"},\"datePublished\":\"2022-07-11T12:41:55+00:00\",\"dateModified\":\"2023-01-17T14:47:00+00:00\",\"description\":\"Unsere verl\u00e4ngerten \u00d6ffnungszeiten von Montag- bis Donnerstagabend jeweils bis 20.30 Uhr geben Ihnen jeglichen Spielraum bei Ihrer Terminplanung.\",\"breadcrumb\":{\"@id\":\"https:\/\/www.amberg-zahnaerzte.ch\/relaunch\/patienten\/erwachsene\/#breadcrumb\"},\"inLanguage\":\"de-CH\",\"potentialAction\":[{\"@type\":\"ReadAction\",\"target\":[\"https:\/\/www.amberg-zahnaerzte.ch\/relaunch\/patienten\/erwachsene\/\"]}]},{\"@type\":\"BreadcrumbList\",\"@id\":\"https:\/\/www.amberg-zahnaerzte.ch\/relaunch\/patienten\/erwachsene\/#breadcrumb\",\"itemListElement\":[{\"@type\":\"ListItem\",\"position\":1,\"name\":\"Home\",\"item\":\"https:\/\/www.amberg-zahnaerzte.ch\/relaunch\/\"},{\"@type\":\"ListItem\",\"position\":2,\"name\":\"Patienten\",\"item\":\"https:\/\/www.amberg-zahnaerzte.ch\/relaunch\/patienten\/\"},{\"@type\":\"ListItem\",\"position\":3,\"name\":\"Erwachsene\"}]},{\"@type\":\"WebSite\",\"@id\":\"https:\/\/www.amberg-zahnaerzte.ch\/relaunch\/#website\",\"url\":\"https:\/\/www.amberg-zahnaerzte.ch\/relaunch\/\",\"name\":\"Amberg Zahn\u00e4rzte\",\"description\":\"\",\"publisher\":{\"@id\":\"https:\/\/www.amberg-zahnaerzte.ch\/relaunch\/#organization\"},\"potentialAction\":[{\"@type\":\"SearchAction\",\"target\":{\"@type\":\"EntryPoint\",\"urlTemplate\":\"https:\/\/www.amberg-zahnaerzte.ch\/relaunch\/?s={search_term_string}\"},\"query-input\":\"required name=search_term_string\"}],\"inLanguage\":\"de-CH\"},{\"@type\":\"Organization\",\"@id\":\"https:\/\/www.amberg-zahnaerzte.ch\/relaunch\/#organization\",\"name\":\"Amberg Zahn\u00e4rzte\",\"url\":\"https:\/\/www.amberg-zahnaerzte.ch\/relaunch\/\",\"logo\":{\"@type\":\"ImageObject\",\"inLanguage\":\"de-CH\",\"@id\":\"https:\/\/www.amberg-zahnaerzte.ch\/relaunch\/#\/schema\/logo\/image\/\",\"url\":\"https:\/\/www.amberg-zahnaerzte.ch\/wp-content\/uploads\/logo_amberg.svg\",\"contentUrl\":\"https:\/\/www.amberg-zahnaerzte.ch\/wp-content\/uploads\/logo_amberg.svg\",\"width\":1,\"height\":1,\"caption\":\"Amberg Zahn\u00e4rzte\"},\"image\":{\"@id\":\"https:\/\/www.amberg-zahnaerzte.ch\/relaunch\/#\/schema\/logo\/image\/\"}}]}<\/script>\n<!-- \/ Yoast SEO plugin. -->","yoast_head_json":{"title":"Erwachsene &bull; Amberg Zahn\u00e4rzte","description":"Unsere verl\u00e4ngerten \u00d6ffnungszeiten von Montag- bis Donnerstagabend jeweils bis 20.30 Uhr geben Ihnen jeglichen Spielraum bei Ihrer Terminplanung.","robots":{"index":"index","follow":"follow","max-snippet":"max-snippet:-1","max-image-preview":"max-image-preview:large","max-video-preview":"max-video-preview:-1"},"canonical":"https:\/\/www.amberg-zahnaerzte.ch\/relaunch\/patienten\/erwachsene\/","og_locale":"de_DE","og_type":"article","og_title":"Erwachsene &bull; Amberg Zahn\u00e4rzte","og_description":"Unsere verl\u00e4ngerten \u00d6ffnungszeiten von Montag- bis Donnerstagabend jeweils bis 20.30 Uhr geben Ihnen jeglichen Spielraum bei Ihrer Terminplanung.","og_url":"https:\/\/www.amberg-zahnaerzte.ch\/relaunch\/patienten\/erwachsene\/","og_site_name":"Amberg Zahn\u00e4rzte","article_modified_time":"2023-01-17T14:47:00+00:00","og_image":[{"width":1772,"height":974,"url":"https:\/\/www.amberg-zahnaerzte.ch\/relaunch\/wp-content\/uploads\/Erwachsene_Titelbild-e1662012731248.jpg","type":"image\/jpeg"}],"twitter_card":"summary_large_image","twitter_misc":{"Est. reading time":"2 Minuten"},"schema":{"@context":"https:\/\/schema.org","@graph":[{"@type":"WebPage","@id":"https:\/\/www.amberg-zahnaerzte.ch\/relaunch\/patienten\/erwachsene\/","url":"https:\/\/www.amberg-zahnaerzte.ch\/relaunch\/patienten\/erwachsene\/","name":"Erwachsene &bull; Amberg Zahn\u00e4rzte","isPartOf":{"@id":"https:\/\/www.amberg-zahnaerzte.ch\/relaunch\/#website"},"datePublished":"2022-07-11T12:41:55+00:00","dateModified":"2023-01-17T14:47:00+00:00","description":"Unsere verl\u00e4ngerten \u00d6ffnungszeiten von Montag- bis Donnerstagabend jeweils bis 20.30 Uhr geben Ihnen jeglichen Spielraum bei Ihrer Terminplanung.","breadcrumb":{"@id":"https:\/\/www.amberg-zahnaerzte.ch\/relaunch\/patienten\/erwachsene\/#breadcrumb"},"inLanguage":"de-CH","potentialAction":[{"@type":"ReadAction","target":["https:\/\/www.amberg-zahnaerzte.ch\/relaunch\/patienten\/erwachsene\/"]}]},{"@type":"BreadcrumbList","@id":"https:\/\/www.amberg-zahnaerzte.ch\/relaunch\/patienten\/erwachsene\/#breadcrumb","itemListElement":[{"@type":"ListItem","position":1,"name":"Home","item":"https:\/\/www.amberg-zahnaerzte.ch\/relaunch\/"},{"@type":"ListItem","position":2,"name":"Patienten","item":"https:\/\/www.amberg-zahnaerzte.ch\/relaunch\/patienten\/"},{"@type":"ListItem","position":3,"name":"Erwachsene"}]},{"@type":"WebSite","@id":"https:\/\/www.amberg-zahnaerzte.ch\/relaunch\/#website","url":"https:\/\/www.amberg-zahnaerzte.ch\/relaunch\/","name":"Amberg Zahn\u00e4rzte","description":"","publisher":{"@id":"https:\/\/www.amberg-zahnaerzte.ch\/relaunch\/#organization"},"potentialAction":[{"@type":"SearchAction","target":{"@type":"EntryPoint","urlTemplate":"https:\/\/www.amberg-zahnaerzte.ch\/relaunch\/?s={search_term_string}"},"query-input":"required name=search_term_string"}],"inLanguage":"de-CH"},{"@type":"Organization","@id":"https:\/\/www.amberg-zahnaerzte.ch\/relaunch\/#organization","name":"Amberg Zahn\u00e4rzte","url":"https:\/\/www.amberg-zahnaerzte.ch\/relaunch\/","logo":{"@type":"ImageObject","inLanguage":"de-CH","@id":"https:\/\/www.amberg-zahnaerzte.ch\/relaunch\/#\/schema\/logo\/image\/","url":"https:\/\/www.amberg-zahnaerzte.ch\/wp-content\/uploads\/logo_amberg.svg","contentUrl":"https:\/\/www.amberg-zahnaerzte.ch\/wp-content\/uploads\/logo_amberg.svg","width":1,"height":1,"caption":"Amberg Zahn\u00e4rzte"},"image":{"@id":"https:\/\/www.amberg-zahnaerzte.ch\/relaunch\/#\/schema\/logo\/image\/"}}]}},"_links":{"self":[{"href":"https:\/\/www.amberg-zahnaerzte.ch\/relaunch\/wp-json\/wp\/v2\/pages\/108"}],"collection":[{"href":"https:\/\/www.amberg-zahnaerzte.ch\/relaunch\/wp-json\/wp\/v2\/pages"}],"about":[{"href":"https:\/\/www.amberg-zahnaerzte.ch\/relaunch\/wp-json\/wp\/v2\/types\/page"}],"author":[{"embeddable":true,"href":"https:\/\/www.amberg-zahnaerzte.ch\/relaunch\/wp-json\/wp\/v2\/users\/2"}],"replies":[{"embeddable":true,"href":"https:\/\/www.amberg-zahnaerzte.ch\/relaunch\/wp-json\/wp\/v2\/comments?post=108"}],"version-history":[{"count":2,"href":"https:\/\/www.amberg-zahnaerzte.ch\/relaunch\/wp-json\/wp\/v2\/pages\/108\/revisions"}],"predecessor-version":[{"id":1670,"href":"https:\/\/www.amberg-zahnaerzte.ch\/relaunch\/wp-json\/wp\/v2\/pages\/108\/revisions\/1670"}],"up":[{"embeddable":true,"href":"https:\/\/www.amberg-zahnaerzte.ch\/relaunch\/wp-json\/wp\/v2\/pages\/72"}],"wp:featuredmedia":[{"embeddable":true,"href":"https:\/\/www.amberg-zahnaerzte.ch\/relaunch\/wp-json\/wp\/v2\/media\/719"}],"wp:attachment":[{"href":"https:\/\/www.amberg-zahnaerzte.ch\/relaunch\/wp-json\/wp\/v2\/media?parent=108"}],"curies":[{"name":"wp","href":"https:\/\/api.w.org\/{rel}","templated":true}]}}