{"id":109,"date":"2022-07-11T14:41:55","date_gmt":"2022-07-11T12:41:55","guid":{"rendered":"https:\/\/5.148.165.27\/plesk-site-preview\/www.amberg-zahnaerzte.ch\/https\/5.148.165.27?page_id=109"},"modified":"2023-01-21T11:24:25","modified_gmt":"2023-01-21T10:24:25","slug":"senior-innen","status":"publish","type":"page","link":"https:\/\/www.amberg-zahnaerzte.ch\/relaunch\/patienten\/senior-innen\/","title":{"rendered":"Senior\/-innen"},"content":{"rendered":"\n<h2>Sie haben Lebenserfahrung, wir die medizinische<\/h2>\n\n\n\n<p>Problemloses Kauen mit den eigenen Z\u00e4hnen erm\u00f6glicht gerade die im hohen Alter so wichtige gesunde und ausgewogene Ern\u00e4hrung. Darum nehmen wir diese Anforderung sehr ernst. Wir haben 1994 ein professionelles Hygiene- und Prophylaxe-Management f\u00fcr Ihre Altersgruppe implementiert, das durch unsere Dentalhygienikerin und unsere Prophylaxe-Assistentinnen in enger Begleitung durch uns Zahn\u00e4rzte umgesetzt wird.<\/p>\n\n\n\n<p>Gerne erkl\u00e4ren wir Ihnen Sachverhalte ausf\u00fchrlich, damit Sie eine sichere Entscheidungsgrundlage haben.<\/p>\n","protected":false},"excerpt":{"rendered":"<p>Sie haben Lebenserfahrung, wir die medizinische Problemloses Kauen mit den eigenen Z\u00e4hnen erm\u00f6glicht gerade die im hohen Alter so wichtige gesunde und ausgewogene Ern\u00e4hrung. Darum nehmen wir diese Anforderung sehr ernst. Wir haben 1994 ein professionelles Hygiene- und Prophylaxe-Management f\u00fcr Ihre Altersgruppe implementiert, das durch unsere Dentalhygienikerin und unsere Prophylaxe-Assistentinnen in enger Begleitung durch uns [&hellip;]<\/p>\n","protected":false},"author":2,"featured_media":721,"parent":72,"menu_order":0,"comment_status":"closed","ping_status":"closed","template":"","meta":[],"acf":[],"yoast_head":"<!-- This site is optimized with the Yoast SEO plugin v20.1 - https:\/\/yoast.com\/wordpress\/plugins\/seo\/ -->\n<title>Senior\/-innen &bull; Amberg Zahn\u00e4rzte<\/title>\n<meta name=\"description\" content=\"Ein spezielles Hygiene- und Prophylaxe-Management gibt Seniorinnen und Senioren besondere Sicherheit bei der zahn\u00e4rztlichen Behandlung.\" \/>\n<meta name=\"robots\" content=\"index, follow, max-snippet:-1, max-image-preview:large, max-video-preview:-1\" \/>\n<link rel=\"canonical\" href=\"https:\/\/www.amberg-zahnaerzte.ch\/relaunch\/patienten\/senior-innen\/\" \/>\n<meta property=\"og:locale\" content=\"de_DE\" \/>\n<meta property=\"og:type\" content=\"article\" \/>\n<meta property=\"og:title\" content=\"Senior\/-innen &bull; Amberg Zahn\u00e4rzte\" \/>\n<meta property=\"og:description\" content=\"Ein spezielles Hygiene- und Prophylaxe-Management gibt Seniorinnen und Senioren besondere Sicherheit bei der zahn\u00e4rztlichen Behandlung.\" \/>\n<meta property=\"og:url\" content=\"https:\/\/www.amberg-zahnaerzte.ch\/relaunch\/patienten\/senior-innen\/\" \/>\n<meta property=\"og:site_name\" content=\"Amberg Zahn\u00e4rzte\" \/>\n<meta property=\"article:modified_time\" content=\"2023-01-21T10:24:25+00:00\" \/>\n<meta property=\"og:image\" content=\"https:\/\/www.amberg-zahnaerzte.ch\/relaunch\/wp-content\/uploads\/Senioren_Titelbild-e1662012771887.jpg\" \/>\n\t<meta property=\"og:image:width\" content=\"1772\" \/>\n\t<meta property=\"og:image:height\" content=\"943\" \/>\n\t<meta property=\"og:image:type\" content=\"image\/jpeg\" \/>\n<meta name=\"twitter:card\" content=\"summary_large_image\" \/>\n<meta name=\"twitter:label1\" content=\"Est. reading time\" \/>\n\t<meta name=\"twitter:data1\" content=\"1 Minute\" \/>\n<script type=\"application\/ld+json\" class=\"yoast-schema-graph\">{\"@context\":\"https:\/\/schema.org\",\"@graph\":[{\"@type\":\"WebPage\",\"@id\":\"https:\/\/www.amberg-zahnaerzte.ch\/relaunch\/patienten\/senior-innen\/\",\"url\":\"https:\/\/www.amberg-zahnaerzte.ch\/relaunch\/patienten\/senior-innen\/\",\"name\":\"Senior\/-innen &bull; Amberg Zahn\u00e4rzte\",\"isPartOf\":{\"@id\":\"https:\/\/www.amberg-zahnaerzte.ch\/relaunch\/#website\"},\"datePublished\":\"2022-07-11T12:41:55+00:00\",\"dateModified\":\"2023-01-21T10:24:25+00:00\",\"description\":\"Ein spezielles Hygiene- und Prophylaxe-Management gibt Seniorinnen und Senioren besondere Sicherheit bei der zahn\u00e4rztlichen Behandlung.\",\"breadcrumb\":{\"@id\":\"https:\/\/www.amberg-zahnaerzte.ch\/relaunch\/patienten\/senior-innen\/#breadcrumb\"},\"inLanguage\":\"de-CH\",\"potentialAction\":[{\"@type\":\"ReadAction\",\"target\":[\"https:\/\/www.amberg-zahnaerzte.ch\/relaunch\/patienten\/senior-innen\/\"]}]},{\"@type\":\"BreadcrumbList\",\"@id\":\"https:\/\/www.amberg-zahnaerzte.ch\/relaunch\/patienten\/senior-innen\/#breadcrumb\",\"itemListElement\":[{\"@type\":\"ListItem\",\"position\":1,\"name\":\"Home\",\"item\":\"https:\/\/www.amberg-zahnaerzte.ch\/relaunch\/\"},{\"@type\":\"ListItem\",\"position\":2,\"name\":\"Patienten\",\"item\":\"https:\/\/www.amberg-zahnaerzte.ch\/relaunch\/patienten\/\"},{\"@type\":\"ListItem\",\"position\":3,\"name\":\"Senior\/-innen\"}]},{\"@type\":\"WebSite\",\"@id\":\"https:\/\/www.amberg-zahnaerzte.ch\/relaunch\/#website\",\"url\":\"https:\/\/www.amberg-zahnaerzte.ch\/relaunch\/\",\"name\":\"Amberg Zahn\u00e4rzte\",\"description\":\"\",\"publisher\":{\"@id\":\"https:\/\/www.amberg-zahnaerzte.ch\/relaunch\/#organization\"},\"potentialAction\":[{\"@type\":\"SearchAction\",\"target\":{\"@type\":\"EntryPoint\",\"urlTemplate\":\"https:\/\/www.amberg-zahnaerzte.ch\/relaunch\/?s={search_term_string}\"},\"query-input\":\"required name=search_term_string\"}],\"inLanguage\":\"de-CH\"},{\"@type\":\"Organization\",\"@id\":\"https:\/\/www.amberg-zahnaerzte.ch\/relaunch\/#organization\",\"name\":\"Amberg Zahn\u00e4rzte\",\"url\":\"https:\/\/www.amberg-zahnaerzte.ch\/relaunch\/\",\"logo\":{\"@type\":\"ImageObject\",\"inLanguage\":\"de-CH\",\"@id\":\"https:\/\/www.amberg-zahnaerzte.ch\/relaunch\/#\/schema\/logo\/image\/\",\"url\":\"https:\/\/www.amberg-zahnaerzte.ch\/wp-content\/uploads\/logo_amberg.svg\",\"contentUrl\":\"https:\/\/www.amberg-zahnaerzte.ch\/wp-content\/uploads\/logo_amberg.svg\",\"width\":1,\"height\":1,\"caption\":\"Amberg Zahn\u00e4rzte\"},\"image\":{\"@id\":\"https:\/\/www.amberg-zahnaerzte.ch\/relaunch\/#\/schema\/logo\/image\/\"}}]}<\/script>\n<!-- \/ Yoast SEO plugin. -->","yoast_head_json":{"title":"Senior\/-innen &bull; Amberg Zahn\u00e4rzte","description":"Ein spezielles Hygiene- und Prophylaxe-Management gibt Seniorinnen und Senioren besondere Sicherheit bei der zahn\u00e4rztlichen Behandlung.","robots":{"index":"index","follow":"follow","max-snippet":"max-snippet:-1","max-image-preview":"max-image-preview:large","max-video-preview":"max-video-preview:-1"},"canonical":"https:\/\/www.amberg-zahnaerzte.ch\/relaunch\/patienten\/senior-innen\/","og_locale":"de_DE","og_type":"article","og_title":"Senior\/-innen &bull; Amberg Zahn\u00e4rzte","og_description":"Ein spezielles Hygiene- und Prophylaxe-Management gibt Seniorinnen und Senioren besondere Sicherheit bei der zahn\u00e4rztlichen Behandlung.","og_url":"https:\/\/www.amberg-zahnaerzte.ch\/relaunch\/patienten\/senior-innen\/","og_site_name":"Amberg Zahn\u00e4rzte","article_modified_time":"2023-01-21T10:24:25+00:00","og_image":[{"width":1772,"height":943,"url":"https:\/\/www.amberg-zahnaerzte.ch\/relaunch\/wp-content\/uploads\/Senioren_Titelbild-e1662012771887.jpg","type":"image\/jpeg"}],"twitter_card":"summary_large_image","twitter_misc":{"Est. reading time":"1 Minute"},"schema":{"@context":"https:\/\/schema.org","@graph":[{"@type":"WebPage","@id":"https:\/\/www.amberg-zahnaerzte.ch\/relaunch\/patienten\/senior-innen\/","url":"https:\/\/www.amberg-zahnaerzte.ch\/relaunch\/patienten\/senior-innen\/","name":"Senior\/-innen &bull; Amberg Zahn\u00e4rzte","isPartOf":{"@id":"https:\/\/www.amberg-zahnaerzte.ch\/relaunch\/#website"},"datePublished":"2022-07-11T12:41:55+00:00","dateModified":"2023-01-21T10:24:25+00:00","description":"Ein spezielles Hygiene- und Prophylaxe-Management gibt Seniorinnen und Senioren besondere Sicherheit bei der zahn\u00e4rztlichen Behandlung.","breadcrumb":{"@id":"https:\/\/www.amberg-zahnaerzte.ch\/relaunch\/patienten\/senior-innen\/#breadcrumb"},"inLanguage":"de-CH","potentialAction":[{"@type":"ReadAction","target":["https:\/\/www.amberg-zahnaerzte.ch\/relaunch\/patienten\/senior-innen\/"]}]},{"@type":"BreadcrumbList","@id":"https:\/\/www.amberg-zahnaerzte.ch\/relaunch\/patienten\/senior-innen\/#breadcrumb","itemListElement":[{"@type":"ListItem","position":1,"name":"Home","item":"https:\/\/www.amberg-zahnaerzte.ch\/relaunch\/"},{"@type":"ListItem","position":2,"name":"Patienten","item":"https:\/\/www.amberg-zahnaerzte.ch\/relaunch\/patienten\/"},{"@type":"ListItem","position":3,"name":"Senior\/-innen"}]},{"@type":"WebSite","@id":"https:\/\/www.amberg-zahnaerzte.ch\/relaunch\/#website","url":"https:\/\/www.amberg-zahnaerzte.ch\/relaunch\/","name":"Amberg Zahn\u00e4rzte","description":"","publisher":{"@id":"https:\/\/www.amberg-zahnaerzte.ch\/relaunch\/#organization"},"potentialAction":[{"@type":"SearchAction","target":{"@type":"EntryPoint","urlTemplate":"https:\/\/www.amberg-zahnaerzte.ch\/relaunch\/?s={search_term_string}"},"query-input":"required name=search_term_string"}],"inLanguage":"de-CH"},{"@type":"Organization","@id":"https:\/\/www.amberg-zahnaerzte.ch\/relaunch\/#organization","name":"Amberg Zahn\u00e4rzte","url":"https:\/\/www.amberg-zahnaerzte.ch\/relaunch\/","logo":{"@type":"ImageObject","inLanguage":"de-CH","@id":"https:\/\/www.amberg-zahnaerzte.ch\/relaunch\/#\/schema\/logo\/image\/","url":"https:\/\/www.amberg-zahnaerzte.ch\/wp-content\/uploads\/logo_amberg.svg","contentUrl":"https:\/\/www.amberg-zahnaerzte.ch\/wp-content\/uploads\/logo_amberg.svg","width":1,"height":1,"caption":"Amberg Zahn\u00e4rzte"},"image":{"@id":"https:\/\/www.amberg-zahnaerzte.ch\/relaunch\/#\/schema\/logo\/image\/"}}]}},"_links":{"self":[{"href":"https:\/\/www.amberg-zahnaerzte.ch\/relaunch\/wp-json\/wp\/v2\/pages\/109"}],"collection":[{"href":"https:\/\/www.amberg-zahnaerzte.ch\/relaunch\/wp-json\/wp\/v2\/pages"}],"about":[{"href":"https:\/\/www.amberg-zahnaerzte.ch\/relaunch\/wp-json\/wp\/v2\/types\/page"}],"author":[{"embeddable":true,"href":"https:\/\/www.amberg-zahnaerzte.ch\/relaunch\/wp-json\/wp\/v2\/users\/2"}],"replies":[{"embeddable":true,"href":"https:\/\/www.amberg-zahnaerzte.ch\/relaunch\/wp-json\/wp\/v2\/comments?post=109"}],"version-history":[{"count":3,"href":"https:\/\/www.amberg-zahnaerzte.ch\/relaunch\/wp-json\/wp\/v2\/pages\/109\/revisions"}],"predecessor-version":[{"id":1681,"href":"https:\/\/www.amberg-zahnaerzte.ch\/relaunch\/wp-json\/wp\/v2\/pages\/109\/revisions\/1681"}],"up":[{"embeddable":true,"href":"https:\/\/www.amberg-zahnaerzte.ch\/relaunch\/wp-json\/wp\/v2\/pages\/72"}],"wp:featuredmedia":[{"embeddable":true,"href":"https:\/\/www.amberg-zahnaerzte.ch\/relaunch\/wp-json\/wp\/v2\/media\/721"}],"wp:attachment":[{"href":"https:\/\/www.amberg-zahnaerzte.ch\/relaunch\/wp-json\/wp\/v2\/media?parent=109"}],"curies":[{"name":"wp","href":"https:\/\/api.w.org\/{rel}","templated":true}]}}