{"id":110,"date":"2022-07-11T14:41:55","date_gmt":"2022-07-11T12:41:55","guid":{"rendered":"https:\/\/5.148.165.27\/plesk-site-preview\/www.amberg-zahnaerzte.ch\/https\/5.148.165.27?page_id=110"},"modified":"2023-01-21T11:32:54","modified_gmt":"2023-01-21T10:32:54","slug":"kinder","status":"publish","type":"page","link":"https:\/\/www.amberg-zahnaerzte.ch\/relaunch\/patienten\/kinder\/","title":{"rendered":"Kinder"},"content":{"rendered":"\n<h2>Spielerisch zur guter Zahnpflege<\/h2>\n\n\n\n<p>Der erste Besuch beim Zahnarzt entscheidet oft f\u00fcr das ganze Leben, was f\u00fcr ein Verh\u00e4ltnis das Kind zu seinen Z\u00e4hnen und zu seiner Mundgesundheit aufbaut. Deshalb ist es uns ein besonderes Anliegen, unseren kleinsten Patienten den Erstkontakt altersgerecht und so angenehm wie m\u00f6glich zu gestalten.<\/p>\n\n\n\n<p>Die konsequente und richtige Mundhygiene bei Kindern wird sich ein Leben lang auszahlen. Das kann anfangs auch auf spielerische Weise geschehen. Es ist sinnvoll, dass Eltern und Erziehungspersonen Kinder \u2013 und auch junge Teenager \u2013 bei der Zahnpflege unterst\u00fctzen oder mindestens ein Auge darauf werfen. Im Alter von 8 bis 10 Jahren entwickeln Kinder in der Regel die Feinmotorik f\u00fcr selbstst\u00e4ndiges Z\u00e4hneputzen. Ab dem 12. Lebensjahr geht die Verantwortung f\u00fcr die Mundhygiene allm\u00e4hlich auf das Kind \u00fcber. Besonders wichtig ist die gr\u00fcndliche Reinigung vor dem Zubettgehen.<\/p>\n","protected":false},"excerpt":{"rendered":"<p>Spielerisch zur guter Zahnpflege Der erste Besuch beim Zahnarzt entscheidet oft f\u00fcr das ganze Leben, was f\u00fcr ein Verh\u00e4ltnis das Kind zu seinen Z\u00e4hnen und zu seiner Mundgesundheit aufbaut. Deshalb ist es uns ein besonderes Anliegen, unseren kleinsten Patienten den Erstkontakt altersgerecht und so angenehm wie m\u00f6glich zu gestalten. Die konsequente und richtige Mundhygiene bei [&hellip;]<\/p>\n","protected":false},"author":2,"featured_media":720,"parent":72,"menu_order":0,"comment_status":"closed","ping_status":"closed","template":"","meta":[],"acf":[],"yoast_head":"<!-- This site is optimized with the Yoast SEO plugin v20.1 - https:\/\/yoast.com\/wordpress\/plugins\/seo\/ -->\n<title>Kinder &bull; Amberg Zahn\u00e4rzte<\/title>\n<meta name=\"description\" content=\"Wir respektieren die \u00c4ngste und besonderen Bed\u00fcrfnisse von Kindern auf dem Zahnarztstuhl, und Pingel tut das nat\u00fcrlich auch!\" \/>\n<meta name=\"robots\" content=\"index, follow, max-snippet:-1, max-image-preview:large, max-video-preview:-1\" \/>\n<link rel=\"canonical\" href=\"https:\/\/www.amberg-zahnaerzte.ch\/relaunch\/patienten\/kinder\/\" \/>\n<meta property=\"og:locale\" content=\"de_DE\" \/>\n<meta property=\"og:type\" content=\"article\" \/>\n<meta property=\"og:title\" content=\"Kinder &bull; Amberg Zahn\u00e4rzte\" \/>\n<meta property=\"og:description\" content=\"Wir respektieren die \u00c4ngste und besonderen Bed\u00fcrfnisse von Kindern auf dem Zahnarztstuhl, und Pingel tut das nat\u00fcrlich auch!\" \/>\n<meta property=\"og:url\" content=\"https:\/\/www.amberg-zahnaerzte.ch\/relaunch\/patienten\/kinder\/\" \/>\n<meta property=\"og:site_name\" content=\"Amberg Zahn\u00e4rzte\" \/>\n<meta property=\"article:modified_time\" content=\"2023-01-21T10:32:54+00:00\" \/>\n<meta property=\"og:image\" content=\"https:\/\/www.amberg-zahnaerzte.ch\/relaunch\/wp-content\/uploads\/Kinderzahmedizin_Titelbild.jpg\" \/>\n\t<meta property=\"og:image:width\" content=\"1583\" \/>\n\t<meta property=\"og:image:height\" content=\"1055\" \/>\n\t<meta property=\"og:image:type\" content=\"image\/jpeg\" \/>\n<meta name=\"twitter:card\" content=\"summary_large_image\" \/>\n<meta name=\"twitter:label1\" content=\"Est. reading time\" \/>\n\t<meta name=\"twitter:data1\" content=\"1 Minute\" \/>\n<script type=\"application\/ld+json\" class=\"yoast-schema-graph\">{\"@context\":\"https:\/\/schema.org\",\"@graph\":[{\"@type\":\"WebPage\",\"@id\":\"https:\/\/www.amberg-zahnaerzte.ch\/relaunch\/patienten\/kinder\/\",\"url\":\"https:\/\/www.amberg-zahnaerzte.ch\/relaunch\/patienten\/kinder\/\",\"name\":\"Kinder &bull; Amberg Zahn\u00e4rzte\",\"isPartOf\":{\"@id\":\"https:\/\/www.amberg-zahnaerzte.ch\/relaunch\/#website\"},\"datePublished\":\"2022-07-11T12:41:55+00:00\",\"dateModified\":\"2023-01-21T10:32:54+00:00\",\"description\":\"Wir respektieren die \u00c4ngste und besonderen Bed\u00fcrfnisse von Kindern auf dem Zahnarztstuhl, und Pingel tut das nat\u00fcrlich auch!\",\"breadcrumb\":{\"@id\":\"https:\/\/www.amberg-zahnaerzte.ch\/relaunch\/patienten\/kinder\/#breadcrumb\"},\"inLanguage\":\"de-CH\",\"potentialAction\":[{\"@type\":\"ReadAction\",\"target\":[\"https:\/\/www.amberg-zahnaerzte.ch\/relaunch\/patienten\/kinder\/\"]}]},{\"@type\":\"BreadcrumbList\",\"@id\":\"https:\/\/www.amberg-zahnaerzte.ch\/relaunch\/patienten\/kinder\/#breadcrumb\",\"itemListElement\":[{\"@type\":\"ListItem\",\"position\":1,\"name\":\"Home\",\"item\":\"https:\/\/www.amberg-zahnaerzte.ch\/relaunch\/\"},{\"@type\":\"ListItem\",\"position\":2,\"name\":\"Patienten\",\"item\":\"https:\/\/www.amberg-zahnaerzte.ch\/relaunch\/patienten\/\"},{\"@type\":\"ListItem\",\"position\":3,\"name\":\"Kinder\"}]},{\"@type\":\"WebSite\",\"@id\":\"https:\/\/www.amberg-zahnaerzte.ch\/relaunch\/#website\",\"url\":\"https:\/\/www.amberg-zahnaerzte.ch\/relaunch\/\",\"name\":\"Amberg Zahn\u00e4rzte\",\"description\":\"\",\"publisher\":{\"@id\":\"https:\/\/www.amberg-zahnaerzte.ch\/relaunch\/#organization\"},\"potentialAction\":[{\"@type\":\"SearchAction\",\"target\":{\"@type\":\"EntryPoint\",\"urlTemplate\":\"https:\/\/www.amberg-zahnaerzte.ch\/relaunch\/?s={search_term_string}\"},\"query-input\":\"required name=search_term_string\"}],\"inLanguage\":\"de-CH\"},{\"@type\":\"Organization\",\"@id\":\"https:\/\/www.amberg-zahnaerzte.ch\/relaunch\/#organization\",\"name\":\"Amberg Zahn\u00e4rzte\",\"url\":\"https:\/\/www.amberg-zahnaerzte.ch\/relaunch\/\",\"logo\":{\"@type\":\"ImageObject\",\"inLanguage\":\"de-CH\",\"@id\":\"https:\/\/www.amberg-zahnaerzte.ch\/relaunch\/#\/schema\/logo\/image\/\",\"url\":\"https:\/\/www.amberg-zahnaerzte.ch\/wp-content\/uploads\/logo_amberg.svg\",\"contentUrl\":\"https:\/\/www.amberg-zahnaerzte.ch\/wp-content\/uploads\/logo_amberg.svg\",\"width\":1,\"height\":1,\"caption\":\"Amberg Zahn\u00e4rzte\"},\"image\":{\"@id\":\"https:\/\/www.amberg-zahnaerzte.ch\/relaunch\/#\/schema\/logo\/image\/\"}}]}<\/script>\n<!-- \/ Yoast SEO plugin. -->","yoast_head_json":{"title":"Kinder &bull; Amberg Zahn\u00e4rzte","description":"Wir respektieren die \u00c4ngste und besonderen Bed\u00fcrfnisse von Kindern auf dem Zahnarztstuhl, und Pingel tut das nat\u00fcrlich auch!","robots":{"index":"index","follow":"follow","max-snippet":"max-snippet:-1","max-image-preview":"max-image-preview:large","max-video-preview":"max-video-preview:-1"},"canonical":"https:\/\/www.amberg-zahnaerzte.ch\/relaunch\/patienten\/kinder\/","og_locale":"de_DE","og_type":"article","og_title":"Kinder &bull; Amberg Zahn\u00e4rzte","og_description":"Wir respektieren die \u00c4ngste und besonderen Bed\u00fcrfnisse von Kindern auf dem Zahnarztstuhl, und Pingel tut das nat\u00fcrlich auch!","og_url":"https:\/\/www.amberg-zahnaerzte.ch\/relaunch\/patienten\/kinder\/","og_site_name":"Amberg Zahn\u00e4rzte","article_modified_time":"2023-01-21T10:32:54+00:00","og_image":[{"width":1583,"height":1055,"url":"https:\/\/www.amberg-zahnaerzte.ch\/relaunch\/wp-content\/uploads\/Kinderzahmedizin_Titelbild.jpg","type":"image\/jpeg"}],"twitter_card":"summary_large_image","twitter_misc":{"Est. reading time":"1 Minute"},"schema":{"@context":"https:\/\/schema.org","@graph":[{"@type":"WebPage","@id":"https:\/\/www.amberg-zahnaerzte.ch\/relaunch\/patienten\/kinder\/","url":"https:\/\/www.amberg-zahnaerzte.ch\/relaunch\/patienten\/kinder\/","name":"Kinder &bull; Amberg Zahn\u00e4rzte","isPartOf":{"@id":"https:\/\/www.amberg-zahnaerzte.ch\/relaunch\/#website"},"datePublished":"2022-07-11T12:41:55+00:00","dateModified":"2023-01-21T10:32:54+00:00","description":"Wir respektieren die \u00c4ngste und besonderen Bed\u00fcrfnisse von Kindern auf dem Zahnarztstuhl, und Pingel tut das nat\u00fcrlich auch!","breadcrumb":{"@id":"https:\/\/www.amberg-zahnaerzte.ch\/relaunch\/patienten\/kinder\/#breadcrumb"},"inLanguage":"de-CH","potentialAction":[{"@type":"ReadAction","target":["https:\/\/www.amberg-zahnaerzte.ch\/relaunch\/patienten\/kinder\/"]}]},{"@type":"BreadcrumbList","@id":"https:\/\/www.amberg-zahnaerzte.ch\/relaunch\/patienten\/kinder\/#breadcrumb","itemListElement":[{"@type":"ListItem","position":1,"name":"Home","item":"https:\/\/www.amberg-zahnaerzte.ch\/relaunch\/"},{"@type":"ListItem","position":2,"name":"Patienten","item":"https:\/\/www.amberg-zahnaerzte.ch\/relaunch\/patienten\/"},{"@type":"ListItem","position":3,"name":"Kinder"}]},{"@type":"WebSite","@id":"https:\/\/www.amberg-zahnaerzte.ch\/relaunch\/#website","url":"https:\/\/www.amberg-zahnaerzte.ch\/relaunch\/","name":"Amberg Zahn\u00e4rzte","description":"","publisher":{"@id":"https:\/\/www.amberg-zahnaerzte.ch\/relaunch\/#organization"},"potentialAction":[{"@type":"SearchAction","target":{"@type":"EntryPoint","urlTemplate":"https:\/\/www.amberg-zahnaerzte.ch\/relaunch\/?s={search_term_string}"},"query-input":"required name=search_term_string"}],"inLanguage":"de-CH"},{"@type":"Organization","@id":"https:\/\/www.amberg-zahnaerzte.ch\/relaunch\/#organization","name":"Amberg Zahn\u00e4rzte","url":"https:\/\/www.amberg-zahnaerzte.ch\/relaunch\/","logo":{"@type":"ImageObject","inLanguage":"de-CH","@id":"https:\/\/www.amberg-zahnaerzte.ch\/relaunch\/#\/schema\/logo\/image\/","url":"https:\/\/www.amberg-zahnaerzte.ch\/wp-content\/uploads\/logo_amberg.svg","contentUrl":"https:\/\/www.amberg-zahnaerzte.ch\/wp-content\/uploads\/logo_amberg.svg","width":1,"height":1,"caption":"Amberg Zahn\u00e4rzte"},"image":{"@id":"https:\/\/www.amberg-zahnaerzte.ch\/relaunch\/#\/schema\/logo\/image\/"}}]}},"_links":{"self":[{"href":"https:\/\/www.amberg-zahnaerzte.ch\/relaunch\/wp-json\/wp\/v2\/pages\/110"}],"collection":[{"href":"https:\/\/www.amberg-zahnaerzte.ch\/relaunch\/wp-json\/wp\/v2\/pages"}],"about":[{"href":"https:\/\/www.amberg-zahnaerzte.ch\/relaunch\/wp-json\/wp\/v2\/types\/page"}],"author":[{"embeddable":true,"href":"https:\/\/www.amberg-zahnaerzte.ch\/relaunch\/wp-json\/wp\/v2\/users\/2"}],"replies":[{"embeddable":true,"href":"https:\/\/www.amberg-zahnaerzte.ch\/relaunch\/wp-json\/wp\/v2\/comments?post=110"}],"version-history":[{"count":4,"href":"https:\/\/www.amberg-zahnaerzte.ch\/relaunch\/wp-json\/wp\/v2\/pages\/110\/revisions"}],"predecessor-version":[{"id":1724,"href":"https:\/\/www.amberg-zahnaerzte.ch\/relaunch\/wp-json\/wp\/v2\/pages\/110\/revisions\/1724"}],"up":[{"embeddable":true,"href":"https:\/\/www.amberg-zahnaerzte.ch\/relaunch\/wp-json\/wp\/v2\/pages\/72"}],"wp:featuredmedia":[{"embeddable":true,"href":"https:\/\/www.amberg-zahnaerzte.ch\/relaunch\/wp-json\/wp\/v2\/media\/720"}],"wp:attachment":[{"href":"https:\/\/www.amberg-zahnaerzte.ch\/relaunch\/wp-json\/wp\/v2\/media?parent=110"}],"curies":[{"name":"wp","href":"https:\/\/api.w.org\/{rel}","templated":true}]}}