{"id":114,"date":"2022-07-11T14:41:55","date_gmt":"2022-07-11T12:41:55","guid":{"rendered":"https:\/\/5.148.165.27\/plesk-site-preview\/www.amberg-zahnaerzte.ch\/https\/5.148.165.27?page_id=114"},"modified":"2023-01-21T11:41:58","modified_gmt":"2023-01-21T10:41:58","slug":"verhalten-nach-operationen","status":"publish","type":"page","link":"https:\/\/www.amberg-zahnaerzte.ch\/relaunch\/patienten\/verhalten-nach-operationen\/","title":{"rendered":"Verhalten nach Operationen"},"content":{"rendered":"\n<h2>So unterst\u00fctzen Sie den Genesungsprozess<\/h2>\n\n\n\n<p>Sie haben sich bei uns einem chirurgischen Eingriff unterzogen? Bitte beachten Sie folgende Punkte, um den Genesungsprozess zu f\u00f6rdern:<\/p>\n\n\n\n<ul>\n<li>Kalte Umschl\u00e4ge oder Eisbeutel (Eisst\u00fcckchen in Plastiks\u00e4ckchen); mindestens stundenweise f\u00fcr 2 \u2013 3 Stunden auflegen, \u00f6fters wechseln<\/li>\n\n\n\n<li>Am Operationstag nicht sp\u00fclen<\/li>\n\n\n\n<li>Keinen Alkohol, Kaffee oder Tee und nicht rauchen w\u00e4hrend zwei Tagen<\/li>\n\n\n\n<li>Fl\u00fcssige und weiche Kost f\u00fcr 3 \u2013 4 Tage<\/li>\n\n\n\n<li>Zahnreinigung wie \u00fcblich, im Wundgebiet schonend; die Wunde nicht mit den H\u00e4nden ber\u00fchren&nbsp;&nbsp;&nbsp;&nbsp;&nbsp;&nbsp;&nbsp;&nbsp;&nbsp;&nbsp;&nbsp;&nbsp;&nbsp;&nbsp;&nbsp;&nbsp;&nbsp;&nbsp;&nbsp;&nbsp;&nbsp;&nbsp;&nbsp;&nbsp;&nbsp;&nbsp;&nbsp;&nbsp;&nbsp;&nbsp;&nbsp;&nbsp;&nbsp;&nbsp;&nbsp;&nbsp;&nbsp;&nbsp;&nbsp;&nbsp;&nbsp;&nbsp;&nbsp;&nbsp;&nbsp;&nbsp;&nbsp;&nbsp;&nbsp;&nbsp;&nbsp;&nbsp;&nbsp;&nbsp;&nbsp;&nbsp;&nbsp;&nbsp;&nbsp;&nbsp;&nbsp;&nbsp;&nbsp;&nbsp;&nbsp;&nbsp;&nbsp;&nbsp;&nbsp;&nbsp;&nbsp;&nbsp;&nbsp;&nbsp;&nbsp;&nbsp;&nbsp;&nbsp;&nbsp;&nbsp;&nbsp;&nbsp;&nbsp;&nbsp;&nbsp;&nbsp;&nbsp;&nbsp;&nbsp;&nbsp;&nbsp;&nbsp;&nbsp;&nbsp;&nbsp;&nbsp;&nbsp;&nbsp;&nbsp;&nbsp;&nbsp;&nbsp;&nbsp;&nbsp;&nbsp;&nbsp;&nbsp;&nbsp;&nbsp;&nbsp;&nbsp;&nbsp;&nbsp;&nbsp;&nbsp;&nbsp;&nbsp;&nbsp;&nbsp; &nbsp;&nbsp;&nbsp;<\/li>\n\n\n\n<li>F\u00fcr 1 \u2013 2 Tage k\u00f6rperliche Anstrengungen meiden (Sport)<\/li>\n\n\n\n<li>W\u00e4hrend einiger Tage sind m\u00f6glich: Wundschmerz, Schwellung der Lippe oder Wange, Erschwerung der Mund\u00f6ffnung, Schluckbeschwerden<\/li>\n\n\n\n<li>Temperaturerh\u00f6hung bis 38,5 Grad ist m\u00f6glich: Wenn h\u00f6her, bitten wir Sie um Mitteilung&nbsp;&nbsp;&nbsp;&nbsp;<\/li>\n<\/ul>\n\n\n\n<p>Bei einer pl\u00f6tzlich auftretenden Nachblutung aus der Wunde, oder falls Sie aus oben nicht genannten Gr\u00fcnden beunruhigt sein sollten, rufen Sie uns bitte unter 062 723 38 58 an.<\/p>\n\n\n\n<p>Das Praxisteam w\u00fcnscht Ihnen einen schmerzfreien und guten Heilungsverlauf.<\/p>\n","protected":false},"excerpt":{"rendered":"<p>So unterst\u00fctzen Sie den Genesungsprozess Sie haben sich bei uns einem chirurgischen Eingriff unterzogen? Bitte beachten Sie folgende Punkte, um den Genesungsprozess zu f\u00f6rdern: Bei einer pl\u00f6tzlich auftretenden Nachblutung aus der Wunde, oder falls Sie aus oben nicht genannten Gr\u00fcnden beunruhigt sein sollten, rufen Sie uns bitte unter 062 723 38 58 an. Das Praxisteam [&hellip;]<\/p>\n","protected":false},"author":2,"featured_media":744,"parent":72,"menu_order":0,"comment_status":"closed","ping_status":"closed","template":"","meta":[],"acf":[],"yoast_head":"<!-- This site is optimized with the Yoast SEO plugin v20.1 - https:\/\/yoast.com\/wordpress\/plugins\/seo\/ -->\n<title>Verhalten nach Operationen &bull; Amberg Zahn\u00e4rzte<\/title>\n<meta name=\"description\" content=\"Nach einem chirurgischen Zahnarzteingriff gibt es verschiedene Methoden, um Schmerzen zu lindern und die Heilung zu beschleunigen.\" \/>\n<meta name=\"robots\" content=\"index, follow, max-snippet:-1, max-image-preview:large, max-video-preview:-1\" \/>\n<link rel=\"canonical\" href=\"https:\/\/www.amberg-zahnaerzte.ch\/relaunch\/patienten\/verhalten-nach-operationen\/\" \/>\n<meta property=\"og:locale\" content=\"de_DE\" \/>\n<meta property=\"og:type\" content=\"article\" \/>\n<meta property=\"og:title\" content=\"Verhalten nach Operationen &bull; Amberg Zahn\u00e4rzte\" \/>\n<meta property=\"og:description\" content=\"Nach einem chirurgischen Zahnarzteingriff gibt es verschiedene Methoden, um Schmerzen zu lindern und die Heilung zu beschleunigen.\" \/>\n<meta property=\"og:url\" content=\"https:\/\/www.amberg-zahnaerzte.ch\/relaunch\/patienten\/verhalten-nach-operationen\/\" \/>\n<meta property=\"og:site_name\" content=\"Amberg Zahn\u00e4rzte\" \/>\n<meta property=\"article:modified_time\" content=\"2023-01-21T10:41:58+00:00\" \/>\n<meta property=\"og:image\" content=\"https:\/\/www.amberg-zahnaerzte.ch\/relaunch\/wp-content\/uploads\/Chirurgie_Titelbild-scaled-e1667476981452.jpg\" \/>\n\t<meta property=\"og:image:width\" content=\"2560\" \/>\n\t<meta property=\"og:image:height\" content=\"1152\" \/>\n\t<meta property=\"og:image:type\" content=\"image\/jpeg\" \/>\n<meta name=\"twitter:card\" content=\"summary_large_image\" \/>\n<meta name=\"twitter:label1\" content=\"Est. reading time\" \/>\n\t<meta name=\"twitter:data1\" content=\"1 Minute\" \/>\n<script type=\"application\/ld+json\" class=\"yoast-schema-graph\">{\"@context\":\"https:\/\/schema.org\",\"@graph\":[{\"@type\":\"WebPage\",\"@id\":\"https:\/\/www.amberg-zahnaerzte.ch\/relaunch\/patienten\/verhalten-nach-operationen\/\",\"url\":\"https:\/\/www.amberg-zahnaerzte.ch\/relaunch\/patienten\/verhalten-nach-operationen\/\",\"name\":\"Verhalten nach Operationen &bull; Amberg Zahn\u00e4rzte\",\"isPartOf\":{\"@id\":\"https:\/\/www.amberg-zahnaerzte.ch\/relaunch\/#website\"},\"datePublished\":\"2022-07-11T12:41:55+00:00\",\"dateModified\":\"2023-01-21T10:41:58+00:00\",\"description\":\"Nach einem chirurgischen Zahnarzteingriff gibt es verschiedene Methoden, um Schmerzen zu lindern und die Heilung zu beschleunigen.\",\"breadcrumb\":{\"@id\":\"https:\/\/www.amberg-zahnaerzte.ch\/relaunch\/patienten\/verhalten-nach-operationen\/#breadcrumb\"},\"inLanguage\":\"de-CH\",\"potentialAction\":[{\"@type\":\"ReadAction\",\"target\":[\"https:\/\/www.amberg-zahnaerzte.ch\/relaunch\/patienten\/verhalten-nach-operationen\/\"]}]},{\"@type\":\"BreadcrumbList\",\"@id\":\"https:\/\/www.amberg-zahnaerzte.ch\/relaunch\/patienten\/verhalten-nach-operationen\/#breadcrumb\",\"itemListElement\":[{\"@type\":\"ListItem\",\"position\":1,\"name\":\"Home\",\"item\":\"https:\/\/www.amberg-zahnaerzte.ch\/relaunch\/\"},{\"@type\":\"ListItem\",\"position\":2,\"name\":\"Patienten\",\"item\":\"https:\/\/www.amberg-zahnaerzte.ch\/relaunch\/patienten\/\"},{\"@type\":\"ListItem\",\"position\":3,\"name\":\"Verhalten nach Operationen\"}]},{\"@type\":\"WebSite\",\"@id\":\"https:\/\/www.amberg-zahnaerzte.ch\/relaunch\/#website\",\"url\":\"https:\/\/www.amberg-zahnaerzte.ch\/relaunch\/\",\"name\":\"Amberg Zahn\u00e4rzte\",\"description\":\"\",\"publisher\":{\"@id\":\"https:\/\/www.amberg-zahnaerzte.ch\/relaunch\/#organization\"},\"potentialAction\":[{\"@type\":\"SearchAction\",\"target\":{\"@type\":\"EntryPoint\",\"urlTemplate\":\"https:\/\/www.amberg-zahnaerzte.ch\/relaunch\/?s={search_term_string}\"},\"query-input\":\"required name=search_term_string\"}],\"inLanguage\":\"de-CH\"},{\"@type\":\"Organization\",\"@id\":\"https:\/\/www.amberg-zahnaerzte.ch\/relaunch\/#organization\",\"name\":\"Amberg Zahn\u00e4rzte\",\"url\":\"https:\/\/www.amberg-zahnaerzte.ch\/relaunch\/\",\"logo\":{\"@type\":\"ImageObject\",\"inLanguage\":\"de-CH\",\"@id\":\"https:\/\/www.amberg-zahnaerzte.ch\/relaunch\/#\/schema\/logo\/image\/\",\"url\":\"https:\/\/www.amberg-zahnaerzte.ch\/wp-content\/uploads\/logo_amberg.svg\",\"contentUrl\":\"https:\/\/www.amberg-zahnaerzte.ch\/wp-content\/uploads\/logo_amberg.svg\",\"width\":1,\"height\":1,\"caption\":\"Amberg Zahn\u00e4rzte\"},\"image\":{\"@id\":\"https:\/\/www.amberg-zahnaerzte.ch\/relaunch\/#\/schema\/logo\/image\/\"}}]}<\/script>\n<!-- \/ Yoast SEO plugin. -->","yoast_head_json":{"title":"Verhalten nach Operationen &bull; Amberg Zahn\u00e4rzte","description":"Nach einem chirurgischen Zahnarzteingriff gibt es verschiedene Methoden, um Schmerzen zu lindern und die Heilung zu beschleunigen.","robots":{"index":"index","follow":"follow","max-snippet":"max-snippet:-1","max-image-preview":"max-image-preview:large","max-video-preview":"max-video-preview:-1"},"canonical":"https:\/\/www.amberg-zahnaerzte.ch\/relaunch\/patienten\/verhalten-nach-operationen\/","og_locale":"de_DE","og_type":"article","og_title":"Verhalten nach Operationen &bull; Amberg Zahn\u00e4rzte","og_description":"Nach einem chirurgischen Zahnarzteingriff gibt es verschiedene Methoden, um Schmerzen zu lindern und die Heilung zu beschleunigen.","og_url":"https:\/\/www.amberg-zahnaerzte.ch\/relaunch\/patienten\/verhalten-nach-operationen\/","og_site_name":"Amberg Zahn\u00e4rzte","article_modified_time":"2023-01-21T10:41:58+00:00","og_image":[{"width":2560,"height":1152,"url":"https:\/\/www.amberg-zahnaerzte.ch\/relaunch\/wp-content\/uploads\/Chirurgie_Titelbild-scaled-e1667476981452.jpg","type":"image\/jpeg"}],"twitter_card":"summary_large_image","twitter_misc":{"Est. reading time":"1 Minute"},"schema":{"@context":"https:\/\/schema.org","@graph":[{"@type":"WebPage","@id":"https:\/\/www.amberg-zahnaerzte.ch\/relaunch\/patienten\/verhalten-nach-operationen\/","url":"https:\/\/www.amberg-zahnaerzte.ch\/relaunch\/patienten\/verhalten-nach-operationen\/","name":"Verhalten nach Operationen &bull; Amberg Zahn\u00e4rzte","isPartOf":{"@id":"https:\/\/www.amberg-zahnaerzte.ch\/relaunch\/#website"},"datePublished":"2022-07-11T12:41:55+00:00","dateModified":"2023-01-21T10:41:58+00:00","description":"Nach einem chirurgischen Zahnarzteingriff gibt es verschiedene Methoden, um Schmerzen zu lindern und die Heilung zu beschleunigen.","breadcrumb":{"@id":"https:\/\/www.amberg-zahnaerzte.ch\/relaunch\/patienten\/verhalten-nach-operationen\/#breadcrumb"},"inLanguage":"de-CH","potentialAction":[{"@type":"ReadAction","target":["https:\/\/www.amberg-zahnaerzte.ch\/relaunch\/patienten\/verhalten-nach-operationen\/"]}]},{"@type":"BreadcrumbList","@id":"https:\/\/www.amberg-zahnaerzte.ch\/relaunch\/patienten\/verhalten-nach-operationen\/#breadcrumb","itemListElement":[{"@type":"ListItem","position":1,"name":"Home","item":"https:\/\/www.amberg-zahnaerzte.ch\/relaunch\/"},{"@type":"ListItem","position":2,"name":"Patienten","item":"https:\/\/www.amberg-zahnaerzte.ch\/relaunch\/patienten\/"},{"@type":"ListItem","position":3,"name":"Verhalten nach Operationen"}]},{"@type":"WebSite","@id":"https:\/\/www.amberg-zahnaerzte.ch\/relaunch\/#website","url":"https:\/\/www.amberg-zahnaerzte.ch\/relaunch\/","name":"Amberg Zahn\u00e4rzte","description":"","publisher":{"@id":"https:\/\/www.amberg-zahnaerzte.ch\/relaunch\/#organization"},"potentialAction":[{"@type":"SearchAction","target":{"@type":"EntryPoint","urlTemplate":"https:\/\/www.amberg-zahnaerzte.ch\/relaunch\/?s={search_term_string}"},"query-input":"required name=search_term_string"}],"inLanguage":"de-CH"},{"@type":"Organization","@id":"https:\/\/www.amberg-zahnaerzte.ch\/relaunch\/#organization","name":"Amberg Zahn\u00e4rzte","url":"https:\/\/www.amberg-zahnaerzte.ch\/relaunch\/","logo":{"@type":"ImageObject","inLanguage":"de-CH","@id":"https:\/\/www.amberg-zahnaerzte.ch\/relaunch\/#\/schema\/logo\/image\/","url":"https:\/\/www.amberg-zahnaerzte.ch\/wp-content\/uploads\/logo_amberg.svg","contentUrl":"https:\/\/www.amberg-zahnaerzte.ch\/wp-content\/uploads\/logo_amberg.svg","width":1,"height":1,"caption":"Amberg Zahn\u00e4rzte"},"image":{"@id":"https:\/\/www.amberg-zahnaerzte.ch\/relaunch\/#\/schema\/logo\/image\/"}}]}},"_links":{"self":[{"href":"https:\/\/www.amberg-zahnaerzte.ch\/relaunch\/wp-json\/wp\/v2\/pages\/114"}],"collection":[{"href":"https:\/\/www.amberg-zahnaerzte.ch\/relaunch\/wp-json\/wp\/v2\/pages"}],"about":[{"href":"https:\/\/www.amberg-zahnaerzte.ch\/relaunch\/wp-json\/wp\/v2\/types\/page"}],"author":[{"embeddable":true,"href":"https:\/\/www.amberg-zahnaerzte.ch\/relaunch\/wp-json\/wp\/v2\/users\/2"}],"replies":[{"embeddable":true,"href":"https:\/\/www.amberg-zahnaerzte.ch\/relaunch\/wp-json\/wp\/v2\/comments?post=114"}],"version-history":[{"count":3,"href":"https:\/\/www.amberg-zahnaerzte.ch\/relaunch\/wp-json\/wp\/v2\/pages\/114\/revisions"}],"predecessor-version":[{"id":1691,"href":"https:\/\/www.amberg-zahnaerzte.ch\/relaunch\/wp-json\/wp\/v2\/pages\/114\/revisions\/1691"}],"up":[{"embeddable":true,"href":"https:\/\/www.amberg-zahnaerzte.ch\/relaunch\/wp-json\/wp\/v2\/pages\/72"}],"wp:featuredmedia":[{"embeddable":true,"href":"https:\/\/www.amberg-zahnaerzte.ch\/relaunch\/wp-json\/wp\/v2\/media\/744"}],"wp:attachment":[{"href":"https:\/\/www.amberg-zahnaerzte.ch\/relaunch\/wp-json\/wp\/v2\/media?parent=114"}],"curies":[{"name":"wp","href":"https:\/\/api.w.org\/{rel}","templated":true}]}}