{"id":130,"date":"2022-07-11T14:48:36","date_gmt":"2022-07-11T12:48:36","guid":{"rendered":"https:\/\/5.148.165.27\/plesk-site-preview\/www.amberg-zahnaerzte.ch\/https\/5.148.165.27?page_id=130"},"modified":"2023-01-21T12:14:31","modified_gmt":"2023-01-21T11:14:31","slug":"hygiene-prophylaxe","status":"publish","type":"page","link":"https:\/\/www.amberg-zahnaerzte.ch\/relaunch\/behandlungen\/hygiene-prophylaxe\/","title":{"rendered":"Hygiene &#038; Prophylaxe"},"content":{"rendered":"\n<h2>Aufkl\u00e4rung, Ern\u00e4hrung, Reinigung<\/h2>\n\n\n\n<p>Am wichtigsten ist die Entfernung des Biofilms (Plaque\/Zahnbelag), der aus Millionen von Bakterien besteht. Diese k\u00f6nnen nachweislich zu Karies, Gingivitis und Parodontitis f\u00fchren. <\/p>\n\n\n\n<h3>Unser Angebot:<\/h3>\n\n\n\n<ul>\n<li>Professionelle Mundhygieneinstruktion und periodische Reinigung durch die Dentalhygienikerin bzw. Prophylaxeassistentin<\/li>\n\n\n\n<li>Vorbeugung von Zahnsch\u00e4den: Behandlung von Zahnfleischtaschen mit Ultraschall und Airflow (schonendes Pulverstrahlger\u00e4t); Entfernen von Zahnverf\u00e4rbungen mittels Airflow<\/li>\n\n\n\n<li>Parodontitisbehandlung<\/li>\n\n\n\n<li>Ern\u00e4hrungslenkung<\/li>\n\n\n\n<li>Individuelle Beratung und Instruktion, Anpassung bei Zahnpflegeprodukten wie Interdentalb\u00fcrsten, Schallzahnb\u00fcrsten und Zahnseide<\/li>\n<\/ul>\n\n\n\n<div class=\"is-layout-flow wp-block-query\"><ul class=\"is-layout-flow is-flex-container columns-2 wp-block-post-template\"><li class=\"wp-block-post post-681 post type-post status-publish format-standard has-post-thumbnail hentry category-aktuell tag-hygiene\">\n\n<div class=\"is-layout-constrained wp-block-group\" style=\"padding-top:30px;padding-right:30px;padding-bottom:30px;padding-left:30px\"><div class=\"wp-block-group__inner-container\"><figure class=\"wp-block-post-featured-image\"><img width=\"2560\" height=\"1707\" src=\"https:\/\/www.amberg-zahnaerzte.ch\/relaunch\/wp-content\/uploads\/superkitina-rCT928GIboM-unsplash-scaled.jpg\" class=\"attachment-post-thumbnail size-post-thumbnail wp-post-image\" alt=\"\" decoding=\"async\" loading=\"lazy\" srcset=\"https:\/\/www.amberg-zahnaerzte.ch\/relaunch\/wp-content\/uploads\/superkitina-rCT928GIboM-unsplash-scaled.jpg 2560w, https:\/\/www.amberg-zahnaerzte.ch\/relaunch\/wp-content\/uploads\/superkitina-rCT928GIboM-unsplash-300x200.jpg 300w, https:\/\/www.amberg-zahnaerzte.ch\/relaunch\/wp-content\/uploads\/superkitina-rCT928GIboM-unsplash-1024x683.jpg 1024w, https:\/\/www.amberg-zahnaerzte.ch\/relaunch\/wp-content\/uploads\/superkitina-rCT928GIboM-unsplash-768x512.jpg 768w, https:\/\/www.amberg-zahnaerzte.ch\/relaunch\/wp-content\/uploads\/superkitina-rCT928GIboM-unsplash-1536x1024.jpg 1536w, https:\/\/www.amberg-zahnaerzte.ch\/relaunch\/wp-content\/uploads\/superkitina-rCT928GIboM-unsplash-2048x1365.jpg 2048w\" sizes=\"(max-width: 2560px) 100vw, 2560px\" \/><\/figure>\n\n<h2 class=\"wp-block-post-title\"><a href=\"https:\/\/www.amberg-zahnaerzte.ch\/relaunch\/zaehneputzen-fuer-gesunde-zaehne\/\" target=\"_self\" >Z\u00e4hneputzen f\u00fcr gesunde Z\u00e4hne<\/a><\/h2>\n\n<div class=\"wp-block-post-excerpt\"><p class=\"wp-block-post-excerpt__excerpt\">B\u00fcrste, Paste, Seide &amp; Co. Welche Zahnbu\u0308rste putzt am besten? Wie wirkt Fluorid? Nu\u0308tzt Kaugummi kauen gegen Karies? Der Pr\u00e4ventivzahnmediziner Adrian Lussi beantwortet Fragen rund um eine wirksame Mundhygiene. Wie oft und zu welchen Zeiten soll man die Z\u00e4hne putzen?Sie sollten Ihre Z\u00e4hne mindestens zweimal, besser dreimal t\u00e4glich reinigen: morgens und abends, eventuell auch mittags. [&hellip;]<\/p><p class=\"wp-block-post-excerpt__more-text\"><a class=\"wp-block-post-excerpt__more-link\" href=\"https:\/\/www.amberg-zahnaerzte.ch\/relaunch\/zaehneputzen-fuer-gesunde-zaehne\/\">Weiterlesen<\/a><\/p><\/div>\n\n<div class=\"wp-block-post-date\"><time datetime=\"2022-08-25T10:58:44+02:00\">25. August 2022<\/time><\/div><\/div><\/div>\n\n<\/li><li class=\"wp-block-post post-676 post type-post status-publish format-standard has-post-thumbnail hentry category-aktuell tag-hygiene\">\n\n<div class=\"is-layout-constrained wp-block-group\" style=\"padding-top:30px;padding-right:30px;padding-bottom:30px;padding-left:30px\"><div class=\"wp-block-group__inner-container\"><figure class=\"wp-block-post-featured-image\"><img width=\"2560\" height=\"1707\" src=\"https:\/\/www.amberg-zahnaerzte.ch\/relaunch\/wp-content\/uploads\/mong-bui-xdJN-7PZs5o-unsplash-scaled.jpg\" class=\"attachment-post-thumbnail size-post-thumbnail wp-post-image\" alt=\"\" decoding=\"async\" loading=\"lazy\" srcset=\"https:\/\/www.amberg-zahnaerzte.ch\/relaunch\/wp-content\/uploads\/mong-bui-xdJN-7PZs5o-unsplash-scaled.jpg 2560w, https:\/\/www.amberg-zahnaerzte.ch\/relaunch\/wp-content\/uploads\/mong-bui-xdJN-7PZs5o-unsplash-300x200.jpg 300w, https:\/\/www.amberg-zahnaerzte.ch\/relaunch\/wp-content\/uploads\/mong-bui-xdJN-7PZs5o-unsplash-1024x683.jpg 1024w, https:\/\/www.amberg-zahnaerzte.ch\/relaunch\/wp-content\/uploads\/mong-bui-xdJN-7PZs5o-unsplash-768x512.jpg 768w, https:\/\/www.amberg-zahnaerzte.ch\/relaunch\/wp-content\/uploads\/mong-bui-xdJN-7PZs5o-unsplash-1536x1024.jpg 1536w, https:\/\/www.amberg-zahnaerzte.ch\/relaunch\/wp-content\/uploads\/mong-bui-xdJN-7PZs5o-unsplash-2048x1366.jpg 2048w\" sizes=\"(max-width: 2560px) 100vw, 2560px\" \/><\/figure>\n\n<h2 class=\"wp-block-post-title\"><a href=\"https:\/\/www.amberg-zahnaerzte.ch\/relaunch\/zahnschmerzen-von-suessigkeiten\/\" target=\"_self\" >Was Hans isst, isst auch H\u00e4nschen<\/a><\/h2>\n\n<div class=\"wp-block-post-excerpt\"><p class=\"wp-block-post-excerpt__excerpt\">Wie man Kinder und Jugendliche dazu bringt, sich gesund zu ern\u00e4hren Regula Sandi, Bulletin SZPI Wie lassen sich Kinder fu\u0308r eine ausgewogene Erna\u0308hrung begeistern? Was hat sich in Sachen Essgewohnheiten u\u0308ber die Zeit vera\u0308ndert? Erna\u0308hrungsberaterin Marianne Honegger gibt im Interview Einblick in aktuelle Erna\u0308hrungstrends und erkla\u0308rt, weshalb Kinder beim Essen gute Vorbilder brauchen. Marianne Honegger, [&hellip;]<\/p><p class=\"wp-block-post-excerpt__more-text\"><a class=\"wp-block-post-excerpt__more-link\" href=\"https:\/\/www.amberg-zahnaerzte.ch\/relaunch\/zahnschmerzen-von-suessigkeiten\/\">Weiterlesen<\/a><\/p><\/div>\n\n<div class=\"wp-block-post-date\"><time datetime=\"2022-08-25T10:58:16+02:00\">25. August 2022<\/time><\/div><\/div><\/div>\n\n<\/li><\/ul><\/div>\n","protected":false},"excerpt":{"rendered":"<p>Aufkl\u00e4rung, Ern\u00e4hrung, Reinigung Am wichtigsten ist die Entfernung des Biofilms (Plaque\/Zahnbelag), der aus Millionen von Bakterien besteht. Diese k\u00f6nnen nachweislich zu Karies, Gingivitis und Parodontitis f\u00fchren. Unser Angebot:<\/p>\n","protected":false},"author":2,"featured_media":1698,"parent":73,"menu_order":10,"comment_status":"closed","ping_status":"closed","template":"","meta":[],"acf":[],"yoast_head":"<!-- This site is optimized with the Yoast SEO plugin v20.1 - https:\/\/yoast.com\/wordpress\/plugins\/seo\/ -->\n<title>Hygiene &amp; Prophylaxe &bull; Amberg Zahn\u00e4rzte<\/title>\n<meta name=\"description\" content=\"Sich richtig ern\u00e4hren und die Z\u00e4hne putzen geh\u00f6ren zu den wirksamsten Massnahmen gegen Zahnbelag und dessen Folgeerkrankungen.\" \/>\n<meta name=\"robots\" content=\"index, follow, max-snippet:-1, max-image-preview:large, max-video-preview:-1\" \/>\n<link rel=\"canonical\" href=\"https:\/\/www.amberg-zahnaerzte.ch\/relaunch\/behandlungen\/hygiene-prophylaxe\/\" \/>\n<meta property=\"og:locale\" content=\"de_DE\" \/>\n<meta property=\"og:type\" content=\"article\" \/>\n<meta property=\"og:title\" content=\"Hygiene &amp; Prophylaxe &bull; Amberg Zahn\u00e4rzte\" \/>\n<meta property=\"og:description\" content=\"Sich richtig ern\u00e4hren und die Z\u00e4hne putzen geh\u00f6ren zu den wirksamsten Massnahmen gegen Zahnbelag und dessen Folgeerkrankungen.\" \/>\n<meta property=\"og:url\" content=\"https:\/\/www.amberg-zahnaerzte.ch\/relaunch\/behandlungen\/hygiene-prophylaxe\/\" \/>\n<meta property=\"og:site_name\" content=\"Amberg Zahn\u00e4rzte\" \/>\n<meta property=\"article:modified_time\" content=\"2023-01-21T11:14:31+00:00\" \/>\n<meta property=\"og:image\" content=\"https:\/\/www.amberg-zahnaerzte.ch\/relaunch\/wp-content\/uploads\/amberg-hygproph.jpg\" \/>\n\t<meta property=\"og:image:width\" content=\"1772\" \/>\n\t<meta property=\"og:image:height\" content=\"846\" \/>\n\t<meta property=\"og:image:type\" content=\"image\/jpeg\" \/>\n<meta name=\"twitter:card\" content=\"summary_large_image\" \/>\n<meta name=\"twitter:label1\" content=\"Est. reading time\" \/>\n\t<meta name=\"twitter:data1\" content=\"1 Minute\" \/>\n<script type=\"application\/ld+json\" class=\"yoast-schema-graph\">{\"@context\":\"https:\/\/schema.org\",\"@graph\":[{\"@type\":\"WebPage\",\"@id\":\"https:\/\/www.amberg-zahnaerzte.ch\/relaunch\/behandlungen\/hygiene-prophylaxe\/\",\"url\":\"https:\/\/www.amberg-zahnaerzte.ch\/relaunch\/behandlungen\/hygiene-prophylaxe\/\",\"name\":\"Hygiene & Prophylaxe &bull; Amberg Zahn\u00e4rzte\",\"isPartOf\":{\"@id\":\"https:\/\/www.amberg-zahnaerzte.ch\/relaunch\/#website\"},\"datePublished\":\"2022-07-11T12:48:36+00:00\",\"dateModified\":\"2023-01-21T11:14:31+00:00\",\"description\":\"Sich richtig ern\u00e4hren und die Z\u00e4hne putzen geh\u00f6ren zu den wirksamsten Massnahmen gegen Zahnbelag und dessen Folgeerkrankungen.\",\"breadcrumb\":{\"@id\":\"https:\/\/www.amberg-zahnaerzte.ch\/relaunch\/behandlungen\/hygiene-prophylaxe\/#breadcrumb\"},\"inLanguage\":\"de-CH\",\"potentialAction\":[{\"@type\":\"ReadAction\",\"target\":[\"https:\/\/www.amberg-zahnaerzte.ch\/relaunch\/behandlungen\/hygiene-prophylaxe\/\"]}]},{\"@type\":\"BreadcrumbList\",\"@id\":\"https:\/\/www.amberg-zahnaerzte.ch\/relaunch\/behandlungen\/hygiene-prophylaxe\/#breadcrumb\",\"itemListElement\":[{\"@type\":\"ListItem\",\"position\":1,\"name\":\"Home\",\"item\":\"https:\/\/www.amberg-zahnaerzte.ch\/relaunch\/\"},{\"@type\":\"ListItem\",\"position\":2,\"name\":\"Behandlungen\",\"item\":\"https:\/\/www.amberg-zahnaerzte.ch\/relaunch\/behandlungen\/\"},{\"@type\":\"ListItem\",\"position\":3,\"name\":\"Hygiene &#038; Prophylaxe\"}]},{\"@type\":\"WebSite\",\"@id\":\"https:\/\/www.amberg-zahnaerzte.ch\/relaunch\/#website\",\"url\":\"https:\/\/www.amberg-zahnaerzte.ch\/relaunch\/\",\"name\":\"Amberg Zahn\u00e4rzte\",\"description\":\"\",\"publisher\":{\"@id\":\"https:\/\/www.amberg-zahnaerzte.ch\/relaunch\/#organization\"},\"potentialAction\":[{\"@type\":\"SearchAction\",\"target\":{\"@type\":\"EntryPoint\",\"urlTemplate\":\"https:\/\/www.amberg-zahnaerzte.ch\/relaunch\/?s={search_term_string}\"},\"query-input\":\"required name=search_term_string\"}],\"inLanguage\":\"de-CH\"},{\"@type\":\"Organization\",\"@id\":\"https:\/\/www.amberg-zahnaerzte.ch\/relaunch\/#organization\",\"name\":\"Amberg Zahn\u00e4rzte\",\"url\":\"https:\/\/www.amberg-zahnaerzte.ch\/relaunch\/\",\"logo\":{\"@type\":\"ImageObject\",\"inLanguage\":\"de-CH\",\"@id\":\"https:\/\/www.amberg-zahnaerzte.ch\/relaunch\/#\/schema\/logo\/image\/\",\"url\":\"https:\/\/www.amberg-zahnaerzte.ch\/wp-content\/uploads\/logo_amberg.svg\",\"contentUrl\":\"https:\/\/www.amberg-zahnaerzte.ch\/wp-content\/uploads\/logo_amberg.svg\",\"width\":1,\"height\":1,\"caption\":\"Amberg Zahn\u00e4rzte\"},\"image\":{\"@id\":\"https:\/\/www.amberg-zahnaerzte.ch\/relaunch\/#\/schema\/logo\/image\/\"}}]}<\/script>\n<!-- \/ Yoast SEO plugin. -->","yoast_head_json":{"title":"Hygiene & Prophylaxe &bull; Amberg Zahn\u00e4rzte","description":"Sich richtig ern\u00e4hren und die Z\u00e4hne putzen geh\u00f6ren zu den wirksamsten Massnahmen gegen Zahnbelag und dessen Folgeerkrankungen.","robots":{"index":"index","follow":"follow","max-snippet":"max-snippet:-1","max-image-preview":"max-image-preview:large","max-video-preview":"max-video-preview:-1"},"canonical":"https:\/\/www.amberg-zahnaerzte.ch\/relaunch\/behandlungen\/hygiene-prophylaxe\/","og_locale":"de_DE","og_type":"article","og_title":"Hygiene & Prophylaxe &bull; Amberg Zahn\u00e4rzte","og_description":"Sich richtig ern\u00e4hren und die Z\u00e4hne putzen geh\u00f6ren zu den wirksamsten Massnahmen gegen Zahnbelag und dessen Folgeerkrankungen.","og_url":"https:\/\/www.amberg-zahnaerzte.ch\/relaunch\/behandlungen\/hygiene-prophylaxe\/","og_site_name":"Amberg Zahn\u00e4rzte","article_modified_time":"2023-01-21T11:14:31+00:00","og_image":[{"width":1772,"height":846,"url":"https:\/\/www.amberg-zahnaerzte.ch\/relaunch\/wp-content\/uploads\/amberg-hygproph.jpg","type":"image\/jpeg"}],"twitter_card":"summary_large_image","twitter_misc":{"Est. reading time":"1 Minute"},"schema":{"@context":"https:\/\/schema.org","@graph":[{"@type":"WebPage","@id":"https:\/\/www.amberg-zahnaerzte.ch\/relaunch\/behandlungen\/hygiene-prophylaxe\/","url":"https:\/\/www.amberg-zahnaerzte.ch\/relaunch\/behandlungen\/hygiene-prophylaxe\/","name":"Hygiene & Prophylaxe &bull; Amberg Zahn\u00e4rzte","isPartOf":{"@id":"https:\/\/www.amberg-zahnaerzte.ch\/relaunch\/#website"},"datePublished":"2022-07-11T12:48:36+00:00","dateModified":"2023-01-21T11:14:31+00:00","description":"Sich richtig ern\u00e4hren und die Z\u00e4hne putzen geh\u00f6ren zu den wirksamsten Massnahmen gegen Zahnbelag und dessen Folgeerkrankungen.","breadcrumb":{"@id":"https:\/\/www.amberg-zahnaerzte.ch\/relaunch\/behandlungen\/hygiene-prophylaxe\/#breadcrumb"},"inLanguage":"de-CH","potentialAction":[{"@type":"ReadAction","target":["https:\/\/www.amberg-zahnaerzte.ch\/relaunch\/behandlungen\/hygiene-prophylaxe\/"]}]},{"@type":"BreadcrumbList","@id":"https:\/\/www.amberg-zahnaerzte.ch\/relaunch\/behandlungen\/hygiene-prophylaxe\/#breadcrumb","itemListElement":[{"@type":"ListItem","position":1,"name":"Home","item":"https:\/\/www.amberg-zahnaerzte.ch\/relaunch\/"},{"@type":"ListItem","position":2,"name":"Behandlungen","item":"https:\/\/www.amberg-zahnaerzte.ch\/relaunch\/behandlungen\/"},{"@type":"ListItem","position":3,"name":"Hygiene &#038; Prophylaxe"}]},{"@type":"WebSite","@id":"https:\/\/www.amberg-zahnaerzte.ch\/relaunch\/#website","url":"https:\/\/www.amberg-zahnaerzte.ch\/relaunch\/","name":"Amberg Zahn\u00e4rzte","description":"","publisher":{"@id":"https:\/\/www.amberg-zahnaerzte.ch\/relaunch\/#organization"},"potentialAction":[{"@type":"SearchAction","target":{"@type":"EntryPoint","urlTemplate":"https:\/\/www.amberg-zahnaerzte.ch\/relaunch\/?s={search_term_string}"},"query-input":"required name=search_term_string"}],"inLanguage":"de-CH"},{"@type":"Organization","@id":"https:\/\/www.amberg-zahnaerzte.ch\/relaunch\/#organization","name":"Amberg Zahn\u00e4rzte","url":"https:\/\/www.amberg-zahnaerzte.ch\/relaunch\/","logo":{"@type":"ImageObject","inLanguage":"de-CH","@id":"https:\/\/www.amberg-zahnaerzte.ch\/relaunch\/#\/schema\/logo\/image\/","url":"https:\/\/www.amberg-zahnaerzte.ch\/wp-content\/uploads\/logo_amberg.svg","contentUrl":"https:\/\/www.amberg-zahnaerzte.ch\/wp-content\/uploads\/logo_amberg.svg","width":1,"height":1,"caption":"Amberg Zahn\u00e4rzte"},"image":{"@id":"https:\/\/www.amberg-zahnaerzte.ch\/relaunch\/#\/schema\/logo\/image\/"}}]}},"_links":{"self":[{"href":"https:\/\/www.amberg-zahnaerzte.ch\/relaunch\/wp-json\/wp\/v2\/pages\/130"}],"collection":[{"href":"https:\/\/www.amberg-zahnaerzte.ch\/relaunch\/wp-json\/wp\/v2\/pages"}],"about":[{"href":"https:\/\/www.amberg-zahnaerzte.ch\/relaunch\/wp-json\/wp\/v2\/types\/page"}],"author":[{"embeddable":true,"href":"https:\/\/www.amberg-zahnaerzte.ch\/relaunch\/wp-json\/wp\/v2\/users\/2"}],"replies":[{"embeddable":true,"href":"https:\/\/www.amberg-zahnaerzte.ch\/relaunch\/wp-json\/wp\/v2\/comments?post=130"}],"version-history":[{"count":8,"href":"https:\/\/www.amberg-zahnaerzte.ch\/relaunch\/wp-json\/wp\/v2\/pages\/130\/revisions"}],"predecessor-version":[{"id":1701,"href":"https:\/\/www.amberg-zahnaerzte.ch\/relaunch\/wp-json\/wp\/v2\/pages\/130\/revisions\/1701"}],"up":[{"embeddable":true,"href":"https:\/\/www.amberg-zahnaerzte.ch\/relaunch\/wp-json\/wp\/v2\/pages\/73"}],"wp:featuredmedia":[{"embeddable":true,"href":"https:\/\/www.amberg-zahnaerzte.ch\/relaunch\/wp-json\/wp\/v2\/media\/1698"}],"wp:attachment":[{"href":"https:\/\/www.amberg-zahnaerzte.ch\/relaunch\/wp-json\/wp\/v2\/media?parent=130"}],"curies":[{"name":"wp","href":"https:\/\/api.w.org\/{rel}","templated":true}]}}