{"id":132,"date":"2022-07-11T14:48:36","date_gmt":"2022-07-11T12:48:36","guid":{"rendered":"https:\/\/5.148.165.27\/plesk-site-preview\/www.amberg-zahnaerzte.ch\/https\/5.148.165.27?page_id=132"},"modified":"2023-01-21T12:28:50","modified_gmt":"2023-01-21T11:28:50","slug":"zahnfleischbehandlungen","status":"publish","type":"page","link":"https:\/\/www.amberg-zahnaerzte.ch\/relaunch\/behandlungen\/zahnfleischbehandlungen\/","title":{"rendered":"Zahnfleischbehandlungen"},"content":{"rendered":"\n<h2>Gesund und stark<\/h2>\n\n\n\n<p>Gr\u00fcndliche und regelm\u00e4ssige Mundhygiene ist das A und O f\u00fcr gesundes Zahnfleisch. Deshalb ist eine halbj\u00e4hrliche oder j\u00e4hrliche Vorsorgeuntersuchung bei der Dentalhygienikerin oder Prophylaxeassistentin so wichtig. Lassen Sie sich von ihr beraten.<\/p>\n\n\n\n<p>H\u00e4ufige Ursachen einer Parodontitis:<\/p>\n\n\n\n<ul>\n<li>Schlechte Mundhygiene<\/li>\n\n\n\n<li>Rauchen<\/li>\n\n\n\n<li>Stress<\/li>\n\n\n\n<li>Hormonelle Ver\u00e4nderungen wie Schwangerschaft, Pubert\u00e4t usw.<\/li>\n\n\n\n<li>Stoffwechselst\u00f6rungen<\/li>\n<\/ul>\n\n\n\n<p>Unser Angebot:<\/p>\n\n\n\n<ul>\n<li>Regelm\u00e4ssige Wurzeloberfl\u00e4chenreinigung<\/li>\n\n\n\n<li>Raucherberatung und Aufkl\u00e4rung<\/li>\n<\/ul>\n","protected":false},"excerpt":{"rendered":"<p>Gesund und stark Gr\u00fcndliche und regelm\u00e4ssige Mundhygiene ist das A und O f\u00fcr gesundes Zahnfleisch. Deshalb ist eine halbj\u00e4hrliche oder j\u00e4hrliche Vorsorgeuntersuchung bei der Dentalhygienikerin oder Prophylaxeassistentin so wichtig. Lassen Sie sich von ihr beraten. H\u00e4ufige Ursachen einer Parodontitis: Unser Angebot:<\/p>\n","protected":false},"author":2,"featured_media":1275,"parent":73,"menu_order":20,"comment_status":"closed","ping_status":"closed","template":"","meta":[],"acf":[],"yoast_head":"<!-- This site is optimized with the Yoast SEO plugin v20.1 - https:\/\/yoast.com\/wordpress\/plugins\/seo\/ -->\n<title>Zahnfleischbehandlungen &bull; Amberg Zahn\u00e4rzte<\/title>\n<meta name=\"description\" content=\"Zahnfleischentz\u00fcndungen haben vielf\u00e4ltige Ursachen. Wir beraten Sie und empfehlen regelm\u00e4ssige Kontrolle durch die Dentalhygienikerin.\" \/>\n<meta name=\"robots\" content=\"index, follow, max-snippet:-1, max-image-preview:large, max-video-preview:-1\" \/>\n<link rel=\"canonical\" href=\"https:\/\/www.amberg-zahnaerzte.ch\/relaunch\/behandlungen\/zahnfleischbehandlungen\/\" \/>\n<meta property=\"og:locale\" content=\"de_DE\" \/>\n<meta property=\"og:type\" content=\"article\" \/>\n<meta property=\"og:title\" content=\"Zahnfleischbehandlungen &bull; Amberg Zahn\u00e4rzte\" \/>\n<meta property=\"og:description\" content=\"Zahnfleischentz\u00fcndungen haben vielf\u00e4ltige Ursachen. Wir beraten Sie und empfehlen regelm\u00e4ssige Kontrolle durch die Dentalhygienikerin.\" \/>\n<meta property=\"og:url\" content=\"https:\/\/www.amberg-zahnaerzte.ch\/relaunch\/behandlungen\/zahnfleischbehandlungen\/\" \/>\n<meta property=\"og:site_name\" content=\"Amberg Zahn\u00e4rzte\" \/>\n<meta property=\"article:modified_time\" content=\"2023-01-21T11:28:50+00:00\" \/>\n<meta property=\"og:image\" content=\"https:\/\/www.amberg-zahnaerzte.ch\/relaunch\/wp-content\/uploads\/Zahnfleischbehandlungen_neu-e1669716981351.jpg\" \/>\n\t<meta property=\"og:image:width\" content=\"1772\" \/>\n\t<meta property=\"og:image:height\" content=\"930\" \/>\n\t<meta property=\"og:image:type\" content=\"image\/jpeg\" \/>\n<meta name=\"twitter:card\" content=\"summary_large_image\" \/>\n<meta name=\"twitter:label1\" content=\"Est. reading time\" \/>\n\t<meta name=\"twitter:data1\" content=\"1 Minute\" \/>\n<script type=\"application\/ld+json\" class=\"yoast-schema-graph\">{\"@context\":\"https:\/\/schema.org\",\"@graph\":[{\"@type\":\"WebPage\",\"@id\":\"https:\/\/www.amberg-zahnaerzte.ch\/relaunch\/behandlungen\/zahnfleischbehandlungen\/\",\"url\":\"https:\/\/www.amberg-zahnaerzte.ch\/relaunch\/behandlungen\/zahnfleischbehandlungen\/\",\"name\":\"Zahnfleischbehandlungen &bull; Amberg Zahn\u00e4rzte\",\"isPartOf\":{\"@id\":\"https:\/\/www.amberg-zahnaerzte.ch\/relaunch\/#website\"},\"datePublished\":\"2022-07-11T12:48:36+00:00\",\"dateModified\":\"2023-01-21T11:28:50+00:00\",\"description\":\"Zahnfleischentz\u00fcndungen haben vielf\u00e4ltige Ursachen. Wir beraten Sie und empfehlen regelm\u00e4ssige Kontrolle durch die Dentalhygienikerin.\",\"breadcrumb\":{\"@id\":\"https:\/\/www.amberg-zahnaerzte.ch\/relaunch\/behandlungen\/zahnfleischbehandlungen\/#breadcrumb\"},\"inLanguage\":\"de-CH\",\"potentialAction\":[{\"@type\":\"ReadAction\",\"target\":[\"https:\/\/www.amberg-zahnaerzte.ch\/relaunch\/behandlungen\/zahnfleischbehandlungen\/\"]}]},{\"@type\":\"BreadcrumbList\",\"@id\":\"https:\/\/www.amberg-zahnaerzte.ch\/relaunch\/behandlungen\/zahnfleischbehandlungen\/#breadcrumb\",\"itemListElement\":[{\"@type\":\"ListItem\",\"position\":1,\"name\":\"Home\",\"item\":\"https:\/\/www.amberg-zahnaerzte.ch\/relaunch\/\"},{\"@type\":\"ListItem\",\"position\":2,\"name\":\"Behandlungen\",\"item\":\"https:\/\/www.amberg-zahnaerzte.ch\/relaunch\/behandlungen\/\"},{\"@type\":\"ListItem\",\"position\":3,\"name\":\"Zahnfleischbehandlungen\"}]},{\"@type\":\"WebSite\",\"@id\":\"https:\/\/www.amberg-zahnaerzte.ch\/relaunch\/#website\",\"url\":\"https:\/\/www.amberg-zahnaerzte.ch\/relaunch\/\",\"name\":\"Amberg Zahn\u00e4rzte\",\"description\":\"\",\"publisher\":{\"@id\":\"https:\/\/www.amberg-zahnaerzte.ch\/relaunch\/#organization\"},\"potentialAction\":[{\"@type\":\"SearchAction\",\"target\":{\"@type\":\"EntryPoint\",\"urlTemplate\":\"https:\/\/www.amberg-zahnaerzte.ch\/relaunch\/?s={search_term_string}\"},\"query-input\":\"required name=search_term_string\"}],\"inLanguage\":\"de-CH\"},{\"@type\":\"Organization\",\"@id\":\"https:\/\/www.amberg-zahnaerzte.ch\/relaunch\/#organization\",\"name\":\"Amberg Zahn\u00e4rzte\",\"url\":\"https:\/\/www.amberg-zahnaerzte.ch\/relaunch\/\",\"logo\":{\"@type\":\"ImageObject\",\"inLanguage\":\"de-CH\",\"@id\":\"https:\/\/www.amberg-zahnaerzte.ch\/relaunch\/#\/schema\/logo\/image\/\",\"url\":\"https:\/\/www.amberg-zahnaerzte.ch\/wp-content\/uploads\/logo_amberg.svg\",\"contentUrl\":\"https:\/\/www.amberg-zahnaerzte.ch\/wp-content\/uploads\/logo_amberg.svg\",\"width\":1,\"height\":1,\"caption\":\"Amberg Zahn\u00e4rzte\"},\"image\":{\"@id\":\"https:\/\/www.amberg-zahnaerzte.ch\/relaunch\/#\/schema\/logo\/image\/\"}}]}<\/script>\n<!-- \/ Yoast SEO plugin. -->","yoast_head_json":{"title":"Zahnfleischbehandlungen &bull; Amberg Zahn\u00e4rzte","description":"Zahnfleischentz\u00fcndungen haben vielf\u00e4ltige Ursachen. Wir beraten Sie und empfehlen regelm\u00e4ssige Kontrolle durch die Dentalhygienikerin.","robots":{"index":"index","follow":"follow","max-snippet":"max-snippet:-1","max-image-preview":"max-image-preview:large","max-video-preview":"max-video-preview:-1"},"canonical":"https:\/\/www.amberg-zahnaerzte.ch\/relaunch\/behandlungen\/zahnfleischbehandlungen\/","og_locale":"de_DE","og_type":"article","og_title":"Zahnfleischbehandlungen &bull; Amberg Zahn\u00e4rzte","og_description":"Zahnfleischentz\u00fcndungen haben vielf\u00e4ltige Ursachen. Wir beraten Sie und empfehlen regelm\u00e4ssige Kontrolle durch die Dentalhygienikerin.","og_url":"https:\/\/www.amberg-zahnaerzte.ch\/relaunch\/behandlungen\/zahnfleischbehandlungen\/","og_site_name":"Amberg Zahn\u00e4rzte","article_modified_time":"2023-01-21T11:28:50+00:00","og_image":[{"width":1772,"height":930,"url":"https:\/\/www.amberg-zahnaerzte.ch\/relaunch\/wp-content\/uploads\/Zahnfleischbehandlungen_neu-e1669716981351.jpg","type":"image\/jpeg"}],"twitter_card":"summary_large_image","twitter_misc":{"Est. reading time":"1 Minute"},"schema":{"@context":"https:\/\/schema.org","@graph":[{"@type":"WebPage","@id":"https:\/\/www.amberg-zahnaerzte.ch\/relaunch\/behandlungen\/zahnfleischbehandlungen\/","url":"https:\/\/www.amberg-zahnaerzte.ch\/relaunch\/behandlungen\/zahnfleischbehandlungen\/","name":"Zahnfleischbehandlungen &bull; Amberg Zahn\u00e4rzte","isPartOf":{"@id":"https:\/\/www.amberg-zahnaerzte.ch\/relaunch\/#website"},"datePublished":"2022-07-11T12:48:36+00:00","dateModified":"2023-01-21T11:28:50+00:00","description":"Zahnfleischentz\u00fcndungen haben vielf\u00e4ltige Ursachen. Wir beraten Sie und empfehlen regelm\u00e4ssige Kontrolle durch die Dentalhygienikerin.","breadcrumb":{"@id":"https:\/\/www.amberg-zahnaerzte.ch\/relaunch\/behandlungen\/zahnfleischbehandlungen\/#breadcrumb"},"inLanguage":"de-CH","potentialAction":[{"@type":"ReadAction","target":["https:\/\/www.amberg-zahnaerzte.ch\/relaunch\/behandlungen\/zahnfleischbehandlungen\/"]}]},{"@type":"BreadcrumbList","@id":"https:\/\/www.amberg-zahnaerzte.ch\/relaunch\/behandlungen\/zahnfleischbehandlungen\/#breadcrumb","itemListElement":[{"@type":"ListItem","position":1,"name":"Home","item":"https:\/\/www.amberg-zahnaerzte.ch\/relaunch\/"},{"@type":"ListItem","position":2,"name":"Behandlungen","item":"https:\/\/www.amberg-zahnaerzte.ch\/relaunch\/behandlungen\/"},{"@type":"ListItem","position":3,"name":"Zahnfleischbehandlungen"}]},{"@type":"WebSite","@id":"https:\/\/www.amberg-zahnaerzte.ch\/relaunch\/#website","url":"https:\/\/www.amberg-zahnaerzte.ch\/relaunch\/","name":"Amberg Zahn\u00e4rzte","description":"","publisher":{"@id":"https:\/\/www.amberg-zahnaerzte.ch\/relaunch\/#organization"},"potentialAction":[{"@type":"SearchAction","target":{"@type":"EntryPoint","urlTemplate":"https:\/\/www.amberg-zahnaerzte.ch\/relaunch\/?s={search_term_string}"},"query-input":"required name=search_term_string"}],"inLanguage":"de-CH"},{"@type":"Organization","@id":"https:\/\/www.amberg-zahnaerzte.ch\/relaunch\/#organization","name":"Amberg Zahn\u00e4rzte","url":"https:\/\/www.amberg-zahnaerzte.ch\/relaunch\/","logo":{"@type":"ImageObject","inLanguage":"de-CH","@id":"https:\/\/www.amberg-zahnaerzte.ch\/relaunch\/#\/schema\/logo\/image\/","url":"https:\/\/www.amberg-zahnaerzte.ch\/wp-content\/uploads\/logo_amberg.svg","contentUrl":"https:\/\/www.amberg-zahnaerzte.ch\/wp-content\/uploads\/logo_amberg.svg","width":1,"height":1,"caption":"Amberg Zahn\u00e4rzte"},"image":{"@id":"https:\/\/www.amberg-zahnaerzte.ch\/relaunch\/#\/schema\/logo\/image\/"}}]}},"_links":{"self":[{"href":"https:\/\/www.amberg-zahnaerzte.ch\/relaunch\/wp-json\/wp\/v2\/pages\/132"}],"collection":[{"href":"https:\/\/www.amberg-zahnaerzte.ch\/relaunch\/wp-json\/wp\/v2\/pages"}],"about":[{"href":"https:\/\/www.amberg-zahnaerzte.ch\/relaunch\/wp-json\/wp\/v2\/types\/page"}],"author":[{"embeddable":true,"href":"https:\/\/www.amberg-zahnaerzte.ch\/relaunch\/wp-json\/wp\/v2\/users\/2"}],"replies":[{"embeddable":true,"href":"https:\/\/www.amberg-zahnaerzte.ch\/relaunch\/wp-json\/wp\/v2\/comments?post=132"}],"version-history":[{"count":2,"href":"https:\/\/www.amberg-zahnaerzte.ch\/relaunch\/wp-json\/wp\/v2\/pages\/132\/revisions"}],"predecessor-version":[{"id":1709,"href":"https:\/\/www.amberg-zahnaerzte.ch\/relaunch\/wp-json\/wp\/v2\/pages\/132\/revisions\/1709"}],"up":[{"embeddable":true,"href":"https:\/\/www.amberg-zahnaerzte.ch\/relaunch\/wp-json\/wp\/v2\/pages\/73"}],"wp:featuredmedia":[{"embeddable":true,"href":"https:\/\/www.amberg-zahnaerzte.ch\/relaunch\/wp-json\/wp\/v2\/media\/1275"}],"wp:attachment":[{"href":"https:\/\/www.amberg-zahnaerzte.ch\/relaunch\/wp-json\/wp\/v2\/media?parent=132"}],"curies":[{"name":"wp","href":"https:\/\/api.w.org\/{rel}","templated":true}]}}