{"id":134,"date":"2022-07-11T14:48:36","date_gmt":"2022-07-11T12:48:36","guid":{"rendered":"https:\/\/5.148.165.27\/plesk-site-preview\/www.amberg-zahnaerzte.ch\/https\/5.148.165.27?page_id=134"},"modified":"2022-12-16T15:27:45","modified_gmt":"2022-12-16T14:27:45","slug":"aesthetik","status":"publish","type":"page","link":"https:\/\/www.amberg-zahnaerzte.ch\/relaunch\/behandlungen\/aesthetik\/","title":{"rendered":"\u00c4sthetik"},"content":{"rendered":"\n<h2>Damit Sie gut Lachen haben<\/h2>\n\n\n\n<p>Die Z\u00e4hne sind ein zentrales optisches Element des Aussehens und der Gesamterscheinung eines Menschen. Die heutige Zahnmedizin schenkt diesem Feld nicht nur viel Aufmerksamkeit, sondern verf\u00fcgt auch \u00fcber eine F\u00fclle von immer besseren Materialien und Methoden. Z\u00e4hne verf\u00e4rben und ver\u00e4ndern sich durch den Konsum von Lebens- und Genussmitteln, u.a. Tee, Kaffee, Rotwein, Tabak). Auch Ablagerungen von Medikamenten oder dentale Abbauprozesse tragen dazu bei. Die Grundpflegen und Prophylaxe k\u00f6nnen hier vieles bewirken. Bei st\u00e4rkeren und hartn\u00e4ckigen Verf\u00e4rbungen kommen diverse Behandlungsans\u00e4tze in Frage.<\/p>\n\n\n\n<p>Veneers eignen sind vor allem f\u00fcr Korrekturen und Sch\u00e4den im sichtbaren vorderen Zahnbereich und zur kosmetischen Verbesserung von Zahnfarbe, -stellung oder -form. Die sehr d\u00fcnnen, aus Keramik hergestellten Schalen werden mit einem speziellen Klebstoff auf der Zahnvorderseite befestigt. Das Ergebnis ist nicht nur \u00e4sthetisch \u00fcberzeugend, die Behandlung mit Veneers ist ausserdem sehr zahnschonend.<\/p>\n\n\n\n<p>Unser Angebot<\/p>\n\n\n\n<ul>\n<li>Aesthetische Gesamtkonzepte<\/li>\n\n\n\n<li>Aufhellung von Z\u00e4hnen (Bleaching)<\/li>\n\n\n\n<li>Keramikinlays \/ Onlays<\/li>\n\n\n\n<li>Keramikkronen<\/li>\n\n\n\n<li>Veeners<\/li>\n<\/ul>\n","protected":false},"excerpt":{"rendered":"<p>Damit Sie gut Lachen haben Die Z\u00e4hne sind ein zentrales optisches Element des Aussehens und der Gesamterscheinung eines Menschen. Die heutige Zahnmedizin schenkt diesem Feld nicht nur viel Aufmerksamkeit, sondern verf\u00fcgt auch \u00fcber eine F\u00fclle von immer besseren Materialien und Methoden. Z\u00e4hne verf\u00e4rben und ver\u00e4ndern sich durch den Konsum von Lebens- und Genussmitteln, u.a. Tee, [&hellip;]<\/p>\n","protected":false},"author":2,"featured_media":1062,"parent":73,"menu_order":50,"comment_status":"closed","ping_status":"closed","template":"","meta":[],"acf":[],"yoast_head":"<!-- This site is optimized with the Yoast SEO plugin v20.1 - https:\/\/yoast.com\/wordpress\/plugins\/seo\/ -->\n<title>\u00c4sthetik &bull; Amberg Zahn\u00e4rzte<\/title>\n<meta name=\"description\" content=\"Zahnverf\u00e4rbungen lassen sich nicht immer vermeiden, aber mit guter Zahnpflege lindern und mit modernen Methoden weitgehend entfernen.\" \/>\n<meta name=\"robots\" content=\"index, follow, max-snippet:-1, max-image-preview:large, max-video-preview:-1\" \/>\n<link rel=\"canonical\" href=\"https:\/\/www.amberg-zahnaerzte.ch\/relaunch\/behandlungen\/aesthetik\/\" \/>\n<meta property=\"og:locale\" content=\"de_DE\" \/>\n<meta property=\"og:type\" content=\"article\" \/>\n<meta property=\"og:title\" content=\"\u00c4sthetik &bull; Amberg Zahn\u00e4rzte\" \/>\n<meta property=\"og:description\" content=\"Zahnverf\u00e4rbungen lassen sich nicht immer vermeiden, aber mit guter Zahnpflege lindern und mit modernen Methoden weitgehend entfernen.\" \/>\n<meta property=\"og:url\" content=\"https:\/\/www.amberg-zahnaerzte.ch\/relaunch\/behandlungen\/aesthetik\/\" \/>\n<meta property=\"og:site_name\" content=\"Amberg Zahn\u00e4rzte\" \/>\n<meta property=\"article:modified_time\" content=\"2022-12-16T14:27:45+00:00\" \/>\n<meta property=\"og:image\" content=\"https:\/\/www.amberg-zahnaerzte.ch\/relaunch\/wp-content\/uploads\/Erwachsene_Titelbild-1-e1667900375609.jpg\" \/>\n\t<meta property=\"og:image:width\" content=\"1772\" \/>\n\t<meta property=\"og:image:height\" content=\"925\" \/>\n\t<meta property=\"og:image:type\" content=\"image\/jpeg\" \/>\n<meta name=\"twitter:card\" content=\"summary_large_image\" \/>\n<meta name=\"twitter:label1\" content=\"Est. reading time\" \/>\n\t<meta name=\"twitter:data1\" content=\"1 Minute\" \/>\n<script type=\"application\/ld+json\" class=\"yoast-schema-graph\">{\"@context\":\"https:\/\/schema.org\",\"@graph\":[{\"@type\":\"WebPage\",\"@id\":\"https:\/\/www.amberg-zahnaerzte.ch\/relaunch\/behandlungen\/aesthetik\/\",\"url\":\"https:\/\/www.amberg-zahnaerzte.ch\/relaunch\/behandlungen\/aesthetik\/\",\"name\":\"\u00c4sthetik &bull; Amberg Zahn\u00e4rzte\",\"isPartOf\":{\"@id\":\"https:\/\/www.amberg-zahnaerzte.ch\/relaunch\/#website\"},\"datePublished\":\"2022-07-11T12:48:36+00:00\",\"dateModified\":\"2022-12-16T14:27:45+00:00\",\"description\":\"Zahnverf\u00e4rbungen lassen sich nicht immer vermeiden, aber mit guter Zahnpflege lindern und mit modernen Methoden weitgehend entfernen.\",\"breadcrumb\":{\"@id\":\"https:\/\/www.amberg-zahnaerzte.ch\/relaunch\/behandlungen\/aesthetik\/#breadcrumb\"},\"inLanguage\":\"de-CH\",\"potentialAction\":[{\"@type\":\"ReadAction\",\"target\":[\"https:\/\/www.amberg-zahnaerzte.ch\/relaunch\/behandlungen\/aesthetik\/\"]}]},{\"@type\":\"BreadcrumbList\",\"@id\":\"https:\/\/www.amberg-zahnaerzte.ch\/relaunch\/behandlungen\/aesthetik\/#breadcrumb\",\"itemListElement\":[{\"@type\":\"ListItem\",\"position\":1,\"name\":\"Home\",\"item\":\"https:\/\/www.amberg-zahnaerzte.ch\/relaunch\/\"},{\"@type\":\"ListItem\",\"position\":2,\"name\":\"Behandlungen\",\"item\":\"https:\/\/www.amberg-zahnaerzte.ch\/relaunch\/behandlungen\/\"},{\"@type\":\"ListItem\",\"position\":3,\"name\":\"\u00c4sthetik\"}]},{\"@type\":\"WebSite\",\"@id\":\"https:\/\/www.amberg-zahnaerzte.ch\/relaunch\/#website\",\"url\":\"https:\/\/www.amberg-zahnaerzte.ch\/relaunch\/\",\"name\":\"Amberg Zahn\u00e4rzte\",\"description\":\"\",\"publisher\":{\"@id\":\"https:\/\/www.amberg-zahnaerzte.ch\/relaunch\/#organization\"},\"potentialAction\":[{\"@type\":\"SearchAction\",\"target\":{\"@type\":\"EntryPoint\",\"urlTemplate\":\"https:\/\/www.amberg-zahnaerzte.ch\/relaunch\/?s={search_term_string}\"},\"query-input\":\"required name=search_term_string\"}],\"inLanguage\":\"de-CH\"},{\"@type\":\"Organization\",\"@id\":\"https:\/\/www.amberg-zahnaerzte.ch\/relaunch\/#organization\",\"name\":\"Amberg Zahn\u00e4rzte\",\"url\":\"https:\/\/www.amberg-zahnaerzte.ch\/relaunch\/\",\"logo\":{\"@type\":\"ImageObject\",\"inLanguage\":\"de-CH\",\"@id\":\"https:\/\/www.amberg-zahnaerzte.ch\/relaunch\/#\/schema\/logo\/image\/\",\"url\":\"https:\/\/www.amberg-zahnaerzte.ch\/wp-content\/uploads\/logo_amberg.svg\",\"contentUrl\":\"https:\/\/www.amberg-zahnaerzte.ch\/wp-content\/uploads\/logo_amberg.svg\",\"width\":1,\"height\":1,\"caption\":\"Amberg Zahn\u00e4rzte\"},\"image\":{\"@id\":\"https:\/\/www.amberg-zahnaerzte.ch\/relaunch\/#\/schema\/logo\/image\/\"}}]}<\/script>\n<!-- \/ Yoast SEO plugin. -->","yoast_head_json":{"title":"\u00c4sthetik &bull; Amberg Zahn\u00e4rzte","description":"Zahnverf\u00e4rbungen lassen sich nicht immer vermeiden, aber mit guter Zahnpflege lindern und mit modernen Methoden weitgehend entfernen.","robots":{"index":"index","follow":"follow","max-snippet":"max-snippet:-1","max-image-preview":"max-image-preview:large","max-video-preview":"max-video-preview:-1"},"canonical":"https:\/\/www.amberg-zahnaerzte.ch\/relaunch\/behandlungen\/aesthetik\/","og_locale":"de_DE","og_type":"article","og_title":"\u00c4sthetik &bull; Amberg Zahn\u00e4rzte","og_description":"Zahnverf\u00e4rbungen lassen sich nicht immer vermeiden, aber mit guter Zahnpflege lindern und mit modernen Methoden weitgehend entfernen.","og_url":"https:\/\/www.amberg-zahnaerzte.ch\/relaunch\/behandlungen\/aesthetik\/","og_site_name":"Amberg Zahn\u00e4rzte","article_modified_time":"2022-12-16T14:27:45+00:00","og_image":[{"width":1772,"height":925,"url":"https:\/\/www.amberg-zahnaerzte.ch\/relaunch\/wp-content\/uploads\/Erwachsene_Titelbild-1-e1667900375609.jpg","type":"image\/jpeg"}],"twitter_card":"summary_large_image","twitter_misc":{"Est. reading time":"1 Minute"},"schema":{"@context":"https:\/\/schema.org","@graph":[{"@type":"WebPage","@id":"https:\/\/www.amberg-zahnaerzte.ch\/relaunch\/behandlungen\/aesthetik\/","url":"https:\/\/www.amberg-zahnaerzte.ch\/relaunch\/behandlungen\/aesthetik\/","name":"\u00c4sthetik &bull; Amberg Zahn\u00e4rzte","isPartOf":{"@id":"https:\/\/www.amberg-zahnaerzte.ch\/relaunch\/#website"},"datePublished":"2022-07-11T12:48:36+00:00","dateModified":"2022-12-16T14:27:45+00:00","description":"Zahnverf\u00e4rbungen lassen sich nicht immer vermeiden, aber mit guter Zahnpflege lindern und mit modernen Methoden weitgehend entfernen.","breadcrumb":{"@id":"https:\/\/www.amberg-zahnaerzte.ch\/relaunch\/behandlungen\/aesthetik\/#breadcrumb"},"inLanguage":"de-CH","potentialAction":[{"@type":"ReadAction","target":["https:\/\/www.amberg-zahnaerzte.ch\/relaunch\/behandlungen\/aesthetik\/"]}]},{"@type":"BreadcrumbList","@id":"https:\/\/www.amberg-zahnaerzte.ch\/relaunch\/behandlungen\/aesthetik\/#breadcrumb","itemListElement":[{"@type":"ListItem","position":1,"name":"Home","item":"https:\/\/www.amberg-zahnaerzte.ch\/relaunch\/"},{"@type":"ListItem","position":2,"name":"Behandlungen","item":"https:\/\/www.amberg-zahnaerzte.ch\/relaunch\/behandlungen\/"},{"@type":"ListItem","position":3,"name":"\u00c4sthetik"}]},{"@type":"WebSite","@id":"https:\/\/www.amberg-zahnaerzte.ch\/relaunch\/#website","url":"https:\/\/www.amberg-zahnaerzte.ch\/relaunch\/","name":"Amberg Zahn\u00e4rzte","description":"","publisher":{"@id":"https:\/\/www.amberg-zahnaerzte.ch\/relaunch\/#organization"},"potentialAction":[{"@type":"SearchAction","target":{"@type":"EntryPoint","urlTemplate":"https:\/\/www.amberg-zahnaerzte.ch\/relaunch\/?s={search_term_string}"},"query-input":"required name=search_term_string"}],"inLanguage":"de-CH"},{"@type":"Organization","@id":"https:\/\/www.amberg-zahnaerzte.ch\/relaunch\/#organization","name":"Amberg Zahn\u00e4rzte","url":"https:\/\/www.amberg-zahnaerzte.ch\/relaunch\/","logo":{"@type":"ImageObject","inLanguage":"de-CH","@id":"https:\/\/www.amberg-zahnaerzte.ch\/relaunch\/#\/schema\/logo\/image\/","url":"https:\/\/www.amberg-zahnaerzte.ch\/wp-content\/uploads\/logo_amberg.svg","contentUrl":"https:\/\/www.amberg-zahnaerzte.ch\/wp-content\/uploads\/logo_amberg.svg","width":1,"height":1,"caption":"Amberg Zahn\u00e4rzte"},"image":{"@id":"https:\/\/www.amberg-zahnaerzte.ch\/relaunch\/#\/schema\/logo\/image\/"}}]}},"_links":{"self":[{"href":"https:\/\/www.amberg-zahnaerzte.ch\/relaunch\/wp-json\/wp\/v2\/pages\/134"}],"collection":[{"href":"https:\/\/www.amberg-zahnaerzte.ch\/relaunch\/wp-json\/wp\/v2\/pages"}],"about":[{"href":"https:\/\/www.amberg-zahnaerzte.ch\/relaunch\/wp-json\/wp\/v2\/types\/page"}],"author":[{"embeddable":true,"href":"https:\/\/www.amberg-zahnaerzte.ch\/relaunch\/wp-json\/wp\/v2\/users\/2"}],"replies":[{"embeddable":true,"href":"https:\/\/www.amberg-zahnaerzte.ch\/relaunch\/wp-json\/wp\/v2\/comments?post=134"}],"version-history":[{"count":1,"href":"https:\/\/www.amberg-zahnaerzte.ch\/relaunch\/wp-json\/wp\/v2\/pages\/134\/revisions"}],"predecessor-version":[{"id":1520,"href":"https:\/\/www.amberg-zahnaerzte.ch\/relaunch\/wp-json\/wp\/v2\/pages\/134\/revisions\/1520"}],"up":[{"embeddable":true,"href":"https:\/\/www.amberg-zahnaerzte.ch\/relaunch\/wp-json\/wp\/v2\/pages\/73"}],"wp:featuredmedia":[{"embeddable":true,"href":"https:\/\/www.amberg-zahnaerzte.ch\/relaunch\/wp-json\/wp\/v2\/media\/1062"}],"wp:attachment":[{"href":"https:\/\/www.amberg-zahnaerzte.ch\/relaunch\/wp-json\/wp\/v2\/media?parent=134"}],"curies":[{"name":"wp","href":"https:\/\/api.w.org\/{rel}","templated":true}]}}