{"id":135,"date":"2022-07-11T14:48:36","date_gmt":"2022-07-11T12:48:36","guid":{"rendered":"https:\/\/5.148.165.27\/plesk-site-preview\/www.amberg-zahnaerzte.ch\/https\/5.148.165.27?page_id=135"},"modified":"2023-01-21T12:46:54","modified_gmt":"2023-01-21T11:46:54","slug":"abnehmbare-prothetik","status":"publish","type":"page","link":"https:\/\/www.amberg-zahnaerzte.ch\/relaunch\/behandlungen\/abnehmbare-prothetik\/","title":{"rendered":"Abnehmbare Prothetik"},"content":{"rendered":"\n<h2>L\u00fccken \u00fcberbr\u00fccken<\/h2>\n\n\n\n<p>Der abnehmbare Zahnersatz an (sog. Teil- oder Vollprothese) bietet sich an, wenn eine Zahnl\u00fccke zu gross ist, es zu wenig Befestigungsm\u00f6glichkeiten an den eigenen Z\u00e4hnen gibt oder der Knochenaufbau f\u00fcr ein Implantat nicht ausreicht. Er besteht aus Kunststoff und wird in der Regel mit Klammern an den benachbarten Z\u00e4hnen befestigt. Er kann sich allerdings mit der Zeit lockern; sofern die M\u00f6glichkeit daf\u00fcr besteht, ist deshalb ein kombinierter Zahnersatz aus einem festsitzenden und einem herausnehmbaren Bestandteil l\u00e4ngerfristig stabiler.<\/p>\n\n\n\n<p>Unser Angebot:<\/p>\n\n\n\n<ul>\n<li>Teilprothesen mit klammerloser Befestigung an den restlichen Z\u00e4hnen<\/li>\n\n\n\n<li>Teil- oder Vollprothesen mit Befestigung an Druckkn\u00f6pfen oder Goldstegen<\/li>\n\n\n\n<li>Klammerprothesen<\/li>\n\n\n\n<li>Vollprothesen<\/li>\n\n\n\n<li>Modellgussprothesen<\/li>\n<\/ul>\n","protected":false},"excerpt":{"rendered":"<p>L\u00fccken \u00fcberbr\u00fccken Der abnehmbare Zahnersatz an (sog. Teil- oder Vollprothese) bietet sich an, wenn eine Zahnl\u00fccke zu gross ist, es zu wenig Befestigungsm\u00f6glichkeiten an den eigenen Z\u00e4hnen gibt oder der Knochenaufbau f\u00fcr ein Implantat nicht ausreicht. Er besteht aus Kunststoff und wird in der Regel mit Klammern an den benachbarten Z\u00e4hnen befestigt. Er kann sich [&hellip;]<\/p>\n","protected":false},"author":2,"featured_media":721,"parent":73,"menu_order":30,"comment_status":"closed","ping_status":"closed","template":"","meta":[],"acf":[],"yoast_head":"<!-- This site is optimized with the Yoast SEO plugin v20.1 - https:\/\/yoast.com\/wordpress\/plugins\/seo\/ -->\n<title>Abnehmbare Prothetik &bull; Amberg Zahn\u00e4rzte<\/title>\n<meta name=\"description\" content=\"Auch f\u00fcr schwierige F\u00e4lle haben wir eine L\u00f6sung: Mit einer Kombination von abnehmbaren und festsitzenden Prothesen.\" \/>\n<meta name=\"robots\" content=\"index, follow, max-snippet:-1, max-image-preview:large, max-video-preview:-1\" \/>\n<link rel=\"canonical\" href=\"https:\/\/www.amberg-zahnaerzte.ch\/relaunch\/behandlungen\/abnehmbare-prothetik\/\" \/>\n<meta property=\"og:locale\" content=\"de_DE\" \/>\n<meta property=\"og:type\" content=\"article\" \/>\n<meta property=\"og:title\" content=\"Abnehmbare Prothetik &bull; Amberg Zahn\u00e4rzte\" \/>\n<meta property=\"og:description\" content=\"Auch f\u00fcr schwierige F\u00e4lle haben wir eine L\u00f6sung: Mit einer Kombination von abnehmbaren und festsitzenden Prothesen.\" \/>\n<meta property=\"og:url\" content=\"https:\/\/www.amberg-zahnaerzte.ch\/relaunch\/behandlungen\/abnehmbare-prothetik\/\" \/>\n<meta property=\"og:site_name\" content=\"Amberg Zahn\u00e4rzte\" \/>\n<meta property=\"article:modified_time\" content=\"2023-01-21T11:46:54+00:00\" \/>\n<meta property=\"og:image\" content=\"https:\/\/www.amberg-zahnaerzte.ch\/relaunch\/wp-content\/uploads\/Senioren_Titelbild-e1662012771887.jpg\" \/>\n\t<meta property=\"og:image:width\" content=\"1772\" \/>\n\t<meta property=\"og:image:height\" content=\"943\" \/>\n\t<meta property=\"og:image:type\" content=\"image\/jpeg\" \/>\n<meta name=\"twitter:card\" content=\"summary_large_image\" \/>\n<meta name=\"twitter:label1\" content=\"Est. reading time\" \/>\n\t<meta name=\"twitter:data1\" content=\"1 Minute\" \/>\n<script type=\"application\/ld+json\" class=\"yoast-schema-graph\">{\"@context\":\"https:\/\/schema.org\",\"@graph\":[{\"@type\":\"WebPage\",\"@id\":\"https:\/\/www.amberg-zahnaerzte.ch\/relaunch\/behandlungen\/abnehmbare-prothetik\/\",\"url\":\"https:\/\/www.amberg-zahnaerzte.ch\/relaunch\/behandlungen\/abnehmbare-prothetik\/\",\"name\":\"Abnehmbare Prothetik &bull; Amberg Zahn\u00e4rzte\",\"isPartOf\":{\"@id\":\"https:\/\/www.amberg-zahnaerzte.ch\/relaunch\/#website\"},\"datePublished\":\"2022-07-11T12:48:36+00:00\",\"dateModified\":\"2023-01-21T11:46:54+00:00\",\"description\":\"Auch f\u00fcr schwierige F\u00e4lle haben wir eine L\u00f6sung: Mit einer Kombination von abnehmbaren und festsitzenden Prothesen.\",\"breadcrumb\":{\"@id\":\"https:\/\/www.amberg-zahnaerzte.ch\/relaunch\/behandlungen\/abnehmbare-prothetik\/#breadcrumb\"},\"inLanguage\":\"de-CH\",\"potentialAction\":[{\"@type\":\"ReadAction\",\"target\":[\"https:\/\/www.amberg-zahnaerzte.ch\/relaunch\/behandlungen\/abnehmbare-prothetik\/\"]}]},{\"@type\":\"BreadcrumbList\",\"@id\":\"https:\/\/www.amberg-zahnaerzte.ch\/relaunch\/behandlungen\/abnehmbare-prothetik\/#breadcrumb\",\"itemListElement\":[{\"@type\":\"ListItem\",\"position\":1,\"name\":\"Home\",\"item\":\"https:\/\/www.amberg-zahnaerzte.ch\/relaunch\/\"},{\"@type\":\"ListItem\",\"position\":2,\"name\":\"Behandlungen\",\"item\":\"https:\/\/www.amberg-zahnaerzte.ch\/relaunch\/behandlungen\/\"},{\"@type\":\"ListItem\",\"position\":3,\"name\":\"Abnehmbare Prothetik\"}]},{\"@type\":\"WebSite\",\"@id\":\"https:\/\/www.amberg-zahnaerzte.ch\/relaunch\/#website\",\"url\":\"https:\/\/www.amberg-zahnaerzte.ch\/relaunch\/\",\"name\":\"Amberg Zahn\u00e4rzte\",\"description\":\"\",\"publisher\":{\"@id\":\"https:\/\/www.amberg-zahnaerzte.ch\/relaunch\/#organization\"},\"potentialAction\":[{\"@type\":\"SearchAction\",\"target\":{\"@type\":\"EntryPoint\",\"urlTemplate\":\"https:\/\/www.amberg-zahnaerzte.ch\/relaunch\/?s={search_term_string}\"},\"query-input\":\"required name=search_term_string\"}],\"inLanguage\":\"de-CH\"},{\"@type\":\"Organization\",\"@id\":\"https:\/\/www.amberg-zahnaerzte.ch\/relaunch\/#organization\",\"name\":\"Amberg Zahn\u00e4rzte\",\"url\":\"https:\/\/www.amberg-zahnaerzte.ch\/relaunch\/\",\"logo\":{\"@type\":\"ImageObject\",\"inLanguage\":\"de-CH\",\"@id\":\"https:\/\/www.amberg-zahnaerzte.ch\/relaunch\/#\/schema\/logo\/image\/\",\"url\":\"https:\/\/www.amberg-zahnaerzte.ch\/wp-content\/uploads\/logo_amberg.svg\",\"contentUrl\":\"https:\/\/www.amberg-zahnaerzte.ch\/wp-content\/uploads\/logo_amberg.svg\",\"width\":1,\"height\":1,\"caption\":\"Amberg Zahn\u00e4rzte\"},\"image\":{\"@id\":\"https:\/\/www.amberg-zahnaerzte.ch\/relaunch\/#\/schema\/logo\/image\/\"}}]}<\/script>\n<!-- \/ Yoast SEO plugin. -->","yoast_head_json":{"title":"Abnehmbare Prothetik &bull; Amberg Zahn\u00e4rzte","description":"Auch f\u00fcr schwierige F\u00e4lle haben wir eine L\u00f6sung: Mit einer Kombination von abnehmbaren und festsitzenden Prothesen.","robots":{"index":"index","follow":"follow","max-snippet":"max-snippet:-1","max-image-preview":"max-image-preview:large","max-video-preview":"max-video-preview:-1"},"canonical":"https:\/\/www.amberg-zahnaerzte.ch\/relaunch\/behandlungen\/abnehmbare-prothetik\/","og_locale":"de_DE","og_type":"article","og_title":"Abnehmbare Prothetik &bull; Amberg Zahn\u00e4rzte","og_description":"Auch f\u00fcr schwierige F\u00e4lle haben wir eine L\u00f6sung: Mit einer Kombination von abnehmbaren und festsitzenden Prothesen.","og_url":"https:\/\/www.amberg-zahnaerzte.ch\/relaunch\/behandlungen\/abnehmbare-prothetik\/","og_site_name":"Amberg Zahn\u00e4rzte","article_modified_time":"2023-01-21T11:46:54+00:00","og_image":[{"width":1772,"height":943,"url":"https:\/\/www.amberg-zahnaerzte.ch\/relaunch\/wp-content\/uploads\/Senioren_Titelbild-e1662012771887.jpg","type":"image\/jpeg"}],"twitter_card":"summary_large_image","twitter_misc":{"Est. reading time":"1 Minute"},"schema":{"@context":"https:\/\/schema.org","@graph":[{"@type":"WebPage","@id":"https:\/\/www.amberg-zahnaerzte.ch\/relaunch\/behandlungen\/abnehmbare-prothetik\/","url":"https:\/\/www.amberg-zahnaerzte.ch\/relaunch\/behandlungen\/abnehmbare-prothetik\/","name":"Abnehmbare Prothetik &bull; Amberg Zahn\u00e4rzte","isPartOf":{"@id":"https:\/\/www.amberg-zahnaerzte.ch\/relaunch\/#website"},"datePublished":"2022-07-11T12:48:36+00:00","dateModified":"2023-01-21T11:46:54+00:00","description":"Auch f\u00fcr schwierige F\u00e4lle haben wir eine L\u00f6sung: Mit einer Kombination von abnehmbaren und festsitzenden Prothesen.","breadcrumb":{"@id":"https:\/\/www.amberg-zahnaerzte.ch\/relaunch\/behandlungen\/abnehmbare-prothetik\/#breadcrumb"},"inLanguage":"de-CH","potentialAction":[{"@type":"ReadAction","target":["https:\/\/www.amberg-zahnaerzte.ch\/relaunch\/behandlungen\/abnehmbare-prothetik\/"]}]},{"@type":"BreadcrumbList","@id":"https:\/\/www.amberg-zahnaerzte.ch\/relaunch\/behandlungen\/abnehmbare-prothetik\/#breadcrumb","itemListElement":[{"@type":"ListItem","position":1,"name":"Home","item":"https:\/\/www.amberg-zahnaerzte.ch\/relaunch\/"},{"@type":"ListItem","position":2,"name":"Behandlungen","item":"https:\/\/www.amberg-zahnaerzte.ch\/relaunch\/behandlungen\/"},{"@type":"ListItem","position":3,"name":"Abnehmbare Prothetik"}]},{"@type":"WebSite","@id":"https:\/\/www.amberg-zahnaerzte.ch\/relaunch\/#website","url":"https:\/\/www.amberg-zahnaerzte.ch\/relaunch\/","name":"Amberg Zahn\u00e4rzte","description":"","publisher":{"@id":"https:\/\/www.amberg-zahnaerzte.ch\/relaunch\/#organization"},"potentialAction":[{"@type":"SearchAction","target":{"@type":"EntryPoint","urlTemplate":"https:\/\/www.amberg-zahnaerzte.ch\/relaunch\/?s={search_term_string}"},"query-input":"required name=search_term_string"}],"inLanguage":"de-CH"},{"@type":"Organization","@id":"https:\/\/www.amberg-zahnaerzte.ch\/relaunch\/#organization","name":"Amberg Zahn\u00e4rzte","url":"https:\/\/www.amberg-zahnaerzte.ch\/relaunch\/","logo":{"@type":"ImageObject","inLanguage":"de-CH","@id":"https:\/\/www.amberg-zahnaerzte.ch\/relaunch\/#\/schema\/logo\/image\/","url":"https:\/\/www.amberg-zahnaerzte.ch\/wp-content\/uploads\/logo_amberg.svg","contentUrl":"https:\/\/www.amberg-zahnaerzte.ch\/wp-content\/uploads\/logo_amberg.svg","width":1,"height":1,"caption":"Amberg Zahn\u00e4rzte"},"image":{"@id":"https:\/\/www.amberg-zahnaerzte.ch\/relaunch\/#\/schema\/logo\/image\/"}}]}},"_links":{"self":[{"href":"https:\/\/www.amberg-zahnaerzte.ch\/relaunch\/wp-json\/wp\/v2\/pages\/135"}],"collection":[{"href":"https:\/\/www.amberg-zahnaerzte.ch\/relaunch\/wp-json\/wp\/v2\/pages"}],"about":[{"href":"https:\/\/www.amberg-zahnaerzte.ch\/relaunch\/wp-json\/wp\/v2\/types\/page"}],"author":[{"embeddable":true,"href":"https:\/\/www.amberg-zahnaerzte.ch\/relaunch\/wp-json\/wp\/v2\/users\/2"}],"replies":[{"embeddable":true,"href":"https:\/\/www.amberg-zahnaerzte.ch\/relaunch\/wp-json\/wp\/v2\/comments?post=135"}],"version-history":[{"count":2,"href":"https:\/\/www.amberg-zahnaerzte.ch\/relaunch\/wp-json\/wp\/v2\/pages\/135\/revisions"}],"predecessor-version":[{"id":1715,"href":"https:\/\/www.amberg-zahnaerzte.ch\/relaunch\/wp-json\/wp\/v2\/pages\/135\/revisions\/1715"}],"up":[{"embeddable":true,"href":"https:\/\/www.amberg-zahnaerzte.ch\/relaunch\/wp-json\/wp\/v2\/pages\/73"}],"wp:featuredmedia":[{"embeddable":true,"href":"https:\/\/www.amberg-zahnaerzte.ch\/relaunch\/wp-json\/wp\/v2\/media\/721"}],"wp:attachment":[{"href":"https:\/\/www.amberg-zahnaerzte.ch\/relaunch\/wp-json\/wp\/v2\/media?parent=135"}],"curies":[{"name":"wp","href":"https:\/\/api.w.org\/{rel}","templated":true}]}}