{"id":136,"date":"2022-07-11T14:48:36","date_gmt":"2022-07-11T12:48:36","guid":{"rendered":"https:\/\/5.148.165.27\/plesk-site-preview\/www.amberg-zahnaerzte.ch\/https\/5.148.165.27?page_id=136"},"modified":"2023-01-21T12:38:39","modified_gmt":"2023-01-21T11:38:39","slug":"chirurgie","status":"publish","type":"page","link":"https:\/\/www.amberg-zahnaerzte.ch\/relaunch\/behandlungen\/chirurgie\/","title":{"rendered":"Chirurgie &#038; Implantate"},"content":{"rendered":"\n<h2>Jetzt werden wir operativ<\/h2>\n\n\n\n<p>Chirurgische Eingriffe dienen meistens dem langfristigen Erhalt des Zahnapparates. Modernste Technik erlaubt uns heute, solche Eingriffe \u00e4usserst schonend und minimalinvasiv durchf\u00fchren. Eine sensible Betreuung vor, w\u00e4hrend und nach solchen operativen Eingriffen ist Ihnen gewiss. Sie d\u00fcrfen sich bei uns gut aufgehoben f\u00fchlen.<\/p>\n\n\n\n<p>Implantate sind \u00abk\u00fcnstliche\u00bb Zahnwurzeln in Form von Titanschrauben. Nach dem operativen Einsetzen verwachsen sie nach mehreren Monaten mit dem Kieferknochen und verhindern dessen Abbau. Der aufgeschraubte definitive Zahnersatz bietet optimale Kaukraft, Komfort und eine lange Haltbarkeit.<\/p>\n\n\n\n<p>Unser Angebot:<\/p>\n\n\n\n<ul>\n<li>Extraktion (Zahnziehen)<\/li>\n\n\n\n<li>Entfernen von Infektionsherden an Wurzelspitzen (Wurzelspitzenresektion)<\/li>\n\n\n\n<li>Operative Entfernung von verlagerten oder retinierten Weisheitsz\u00e4hnen<\/li>\n\n\n\n<li>Setzen von Implantaten<\/li>\n\n\n\n<li>Knochenaufbau<\/li>\n\n\n\n<li>Sinuslift<\/li>\n\n\n\n<li>Parodontalchirurgie<\/li>\n\n\n\n<li>Inzision von Abszessen<\/li>\n<\/ul>\n","protected":false},"excerpt":{"rendered":"<p>Jetzt werden wir operativ Chirurgische Eingriffe dienen meistens dem langfristigen Erhalt des Zahnapparates. Modernste Technik erlaubt uns heute, solche Eingriffe \u00e4usserst schonend und minimalinvasiv durchf\u00fchren. Eine sensible Betreuung vor, w\u00e4hrend und nach solchen operativen Eingriffen ist Ihnen gewiss. Sie d\u00fcrfen sich bei uns gut aufgehoben f\u00fchlen. Implantate sind \u00abk\u00fcnstliche\u00bb Zahnwurzeln in Form von Titanschrauben. Nach [&hellip;]<\/p>\n","protected":false},"author":2,"featured_media":744,"parent":73,"menu_order":45,"comment_status":"closed","ping_status":"closed","template":"","meta":[],"acf":[],"yoast_head":"<!-- This site is optimized with the Yoast SEO plugin v20.1 - https:\/\/yoast.com\/wordpress\/plugins\/seo\/ -->\n<title>Chirurgie &amp; Implantate &bull; Amberg Zahn\u00e4rzte<\/title>\n<meta name=\"description\" content=\"Wir tun alles, um Zahnoperationen so schonend wie m\u00f6glich zu machen, von der Vorberatung \u00fcber den Eingriff bis zur Nachbetreuung.\" \/>\n<meta name=\"robots\" content=\"index, follow, max-snippet:-1, max-image-preview:large, max-video-preview:-1\" \/>\n<link rel=\"canonical\" href=\"https:\/\/www.amberg-zahnaerzte.ch\/relaunch\/behandlungen\/chirurgie\/\" \/>\n<meta property=\"og:locale\" content=\"de_DE\" \/>\n<meta property=\"og:type\" content=\"article\" \/>\n<meta property=\"og:title\" content=\"Chirurgie &amp; Implantate &bull; Amberg Zahn\u00e4rzte\" \/>\n<meta property=\"og:description\" content=\"Wir tun alles, um Zahnoperationen so schonend wie m\u00f6glich zu machen, von der Vorberatung \u00fcber den Eingriff bis zur Nachbetreuung.\" \/>\n<meta property=\"og:url\" content=\"https:\/\/www.amberg-zahnaerzte.ch\/relaunch\/behandlungen\/chirurgie\/\" \/>\n<meta property=\"og:site_name\" content=\"Amberg Zahn\u00e4rzte\" \/>\n<meta property=\"article:modified_time\" content=\"2023-01-21T11:38:39+00:00\" \/>\n<meta property=\"og:image\" content=\"https:\/\/www.amberg-zahnaerzte.ch\/relaunch\/wp-content\/uploads\/Chirurgie_Titelbild-scaled-e1667476981452.jpg\" \/>\n\t<meta property=\"og:image:width\" content=\"2560\" \/>\n\t<meta property=\"og:image:height\" content=\"1152\" \/>\n\t<meta property=\"og:image:type\" content=\"image\/jpeg\" \/>\n<meta name=\"twitter:card\" content=\"summary_large_image\" \/>\n<meta name=\"twitter:label1\" content=\"Est. reading time\" \/>\n\t<meta name=\"twitter:data1\" content=\"1 Minute\" \/>\n<script type=\"application\/ld+json\" class=\"yoast-schema-graph\">{\"@context\":\"https:\/\/schema.org\",\"@graph\":[{\"@type\":\"WebPage\",\"@id\":\"https:\/\/www.amberg-zahnaerzte.ch\/relaunch\/behandlungen\/chirurgie\/\",\"url\":\"https:\/\/www.amberg-zahnaerzte.ch\/relaunch\/behandlungen\/chirurgie\/\",\"name\":\"Chirurgie & Implantate &bull; Amberg Zahn\u00e4rzte\",\"isPartOf\":{\"@id\":\"https:\/\/www.amberg-zahnaerzte.ch\/relaunch\/#website\"},\"datePublished\":\"2022-07-11T12:48:36+00:00\",\"dateModified\":\"2023-01-21T11:38:39+00:00\",\"description\":\"Wir tun alles, um Zahnoperationen so schonend wie m\u00f6glich zu machen, von der Vorberatung \u00fcber den Eingriff bis zur Nachbetreuung.\",\"breadcrumb\":{\"@id\":\"https:\/\/www.amberg-zahnaerzte.ch\/relaunch\/behandlungen\/chirurgie\/#breadcrumb\"},\"inLanguage\":\"de-CH\",\"potentialAction\":[{\"@type\":\"ReadAction\",\"target\":[\"https:\/\/www.amberg-zahnaerzte.ch\/relaunch\/behandlungen\/chirurgie\/\"]}]},{\"@type\":\"BreadcrumbList\",\"@id\":\"https:\/\/www.amberg-zahnaerzte.ch\/relaunch\/behandlungen\/chirurgie\/#breadcrumb\",\"itemListElement\":[{\"@type\":\"ListItem\",\"position\":1,\"name\":\"Home\",\"item\":\"https:\/\/www.amberg-zahnaerzte.ch\/relaunch\/\"},{\"@type\":\"ListItem\",\"position\":2,\"name\":\"Behandlungen\",\"item\":\"https:\/\/www.amberg-zahnaerzte.ch\/relaunch\/behandlungen\/\"},{\"@type\":\"ListItem\",\"position\":3,\"name\":\"Chirurgie &#038; Implantate\"}]},{\"@type\":\"WebSite\",\"@id\":\"https:\/\/www.amberg-zahnaerzte.ch\/relaunch\/#website\",\"url\":\"https:\/\/www.amberg-zahnaerzte.ch\/relaunch\/\",\"name\":\"Amberg Zahn\u00e4rzte\",\"description\":\"\",\"publisher\":{\"@id\":\"https:\/\/www.amberg-zahnaerzte.ch\/relaunch\/#organization\"},\"potentialAction\":[{\"@type\":\"SearchAction\",\"target\":{\"@type\":\"EntryPoint\",\"urlTemplate\":\"https:\/\/www.amberg-zahnaerzte.ch\/relaunch\/?s={search_term_string}\"},\"query-input\":\"required name=search_term_string\"}],\"inLanguage\":\"de-CH\"},{\"@type\":\"Organization\",\"@id\":\"https:\/\/www.amberg-zahnaerzte.ch\/relaunch\/#organization\",\"name\":\"Amberg Zahn\u00e4rzte\",\"url\":\"https:\/\/www.amberg-zahnaerzte.ch\/relaunch\/\",\"logo\":{\"@type\":\"ImageObject\",\"inLanguage\":\"de-CH\",\"@id\":\"https:\/\/www.amberg-zahnaerzte.ch\/relaunch\/#\/schema\/logo\/image\/\",\"url\":\"https:\/\/www.amberg-zahnaerzte.ch\/wp-content\/uploads\/logo_amberg.svg\",\"contentUrl\":\"https:\/\/www.amberg-zahnaerzte.ch\/wp-content\/uploads\/logo_amberg.svg\",\"width\":1,\"height\":1,\"caption\":\"Amberg Zahn\u00e4rzte\"},\"image\":{\"@id\":\"https:\/\/www.amberg-zahnaerzte.ch\/relaunch\/#\/schema\/logo\/image\/\"}}]}<\/script>\n<!-- \/ Yoast SEO plugin. -->","yoast_head_json":{"title":"Chirurgie & Implantate &bull; Amberg Zahn\u00e4rzte","description":"Wir tun alles, um Zahnoperationen so schonend wie m\u00f6glich zu machen, von der Vorberatung \u00fcber den Eingriff bis zur Nachbetreuung.","robots":{"index":"index","follow":"follow","max-snippet":"max-snippet:-1","max-image-preview":"max-image-preview:large","max-video-preview":"max-video-preview:-1"},"canonical":"https:\/\/www.amberg-zahnaerzte.ch\/relaunch\/behandlungen\/chirurgie\/","og_locale":"de_DE","og_type":"article","og_title":"Chirurgie & Implantate &bull; Amberg Zahn\u00e4rzte","og_description":"Wir tun alles, um Zahnoperationen so schonend wie m\u00f6glich zu machen, von der Vorberatung \u00fcber den Eingriff bis zur Nachbetreuung.","og_url":"https:\/\/www.amberg-zahnaerzte.ch\/relaunch\/behandlungen\/chirurgie\/","og_site_name":"Amberg Zahn\u00e4rzte","article_modified_time":"2023-01-21T11:38:39+00:00","og_image":[{"width":2560,"height":1152,"url":"https:\/\/www.amberg-zahnaerzte.ch\/relaunch\/wp-content\/uploads\/Chirurgie_Titelbild-scaled-e1667476981452.jpg","type":"image\/jpeg"}],"twitter_card":"summary_large_image","twitter_misc":{"Est. reading time":"1 Minute"},"schema":{"@context":"https:\/\/schema.org","@graph":[{"@type":"WebPage","@id":"https:\/\/www.amberg-zahnaerzte.ch\/relaunch\/behandlungen\/chirurgie\/","url":"https:\/\/www.amberg-zahnaerzte.ch\/relaunch\/behandlungen\/chirurgie\/","name":"Chirurgie & Implantate &bull; Amberg Zahn\u00e4rzte","isPartOf":{"@id":"https:\/\/www.amberg-zahnaerzte.ch\/relaunch\/#website"},"datePublished":"2022-07-11T12:48:36+00:00","dateModified":"2023-01-21T11:38:39+00:00","description":"Wir tun alles, um Zahnoperationen so schonend wie m\u00f6glich zu machen, von der Vorberatung \u00fcber den Eingriff bis zur Nachbetreuung.","breadcrumb":{"@id":"https:\/\/www.amberg-zahnaerzte.ch\/relaunch\/behandlungen\/chirurgie\/#breadcrumb"},"inLanguage":"de-CH","potentialAction":[{"@type":"ReadAction","target":["https:\/\/www.amberg-zahnaerzte.ch\/relaunch\/behandlungen\/chirurgie\/"]}]},{"@type":"BreadcrumbList","@id":"https:\/\/www.amberg-zahnaerzte.ch\/relaunch\/behandlungen\/chirurgie\/#breadcrumb","itemListElement":[{"@type":"ListItem","position":1,"name":"Home","item":"https:\/\/www.amberg-zahnaerzte.ch\/relaunch\/"},{"@type":"ListItem","position":2,"name":"Behandlungen","item":"https:\/\/www.amberg-zahnaerzte.ch\/relaunch\/behandlungen\/"},{"@type":"ListItem","position":3,"name":"Chirurgie &#038; Implantate"}]},{"@type":"WebSite","@id":"https:\/\/www.amberg-zahnaerzte.ch\/relaunch\/#website","url":"https:\/\/www.amberg-zahnaerzte.ch\/relaunch\/","name":"Amberg Zahn\u00e4rzte","description":"","publisher":{"@id":"https:\/\/www.amberg-zahnaerzte.ch\/relaunch\/#organization"},"potentialAction":[{"@type":"SearchAction","target":{"@type":"EntryPoint","urlTemplate":"https:\/\/www.amberg-zahnaerzte.ch\/relaunch\/?s={search_term_string}"},"query-input":"required name=search_term_string"}],"inLanguage":"de-CH"},{"@type":"Organization","@id":"https:\/\/www.amberg-zahnaerzte.ch\/relaunch\/#organization","name":"Amberg Zahn\u00e4rzte","url":"https:\/\/www.amberg-zahnaerzte.ch\/relaunch\/","logo":{"@type":"ImageObject","inLanguage":"de-CH","@id":"https:\/\/www.amberg-zahnaerzte.ch\/relaunch\/#\/schema\/logo\/image\/","url":"https:\/\/www.amberg-zahnaerzte.ch\/wp-content\/uploads\/logo_amberg.svg","contentUrl":"https:\/\/www.amberg-zahnaerzte.ch\/wp-content\/uploads\/logo_amberg.svg","width":1,"height":1,"caption":"Amberg Zahn\u00e4rzte"},"image":{"@id":"https:\/\/www.amberg-zahnaerzte.ch\/relaunch\/#\/schema\/logo\/image\/"}}]}},"_links":{"self":[{"href":"https:\/\/www.amberg-zahnaerzte.ch\/relaunch\/wp-json\/wp\/v2\/pages\/136"}],"collection":[{"href":"https:\/\/www.amberg-zahnaerzte.ch\/relaunch\/wp-json\/wp\/v2\/pages"}],"about":[{"href":"https:\/\/www.amberg-zahnaerzte.ch\/relaunch\/wp-json\/wp\/v2\/types\/page"}],"author":[{"embeddable":true,"href":"https:\/\/www.amberg-zahnaerzte.ch\/relaunch\/wp-json\/wp\/v2\/users\/2"}],"replies":[{"embeddable":true,"href":"https:\/\/www.amberg-zahnaerzte.ch\/relaunch\/wp-json\/wp\/v2\/comments?post=136"}],"version-history":[{"count":3,"href":"https:\/\/www.amberg-zahnaerzte.ch\/relaunch\/wp-json\/wp\/v2\/pages\/136\/revisions"}],"predecessor-version":[{"id":1713,"href":"https:\/\/www.amberg-zahnaerzte.ch\/relaunch\/wp-json\/wp\/v2\/pages\/136\/revisions\/1713"}],"up":[{"embeddable":true,"href":"https:\/\/www.amberg-zahnaerzte.ch\/relaunch\/wp-json\/wp\/v2\/pages\/73"}],"wp:featuredmedia":[{"embeddable":true,"href":"https:\/\/www.amberg-zahnaerzte.ch\/relaunch\/wp-json\/wp\/v2\/media\/744"}],"wp:attachment":[{"href":"https:\/\/www.amberg-zahnaerzte.ch\/relaunch\/wp-json\/wp\/v2\/media?parent=136"}],"curies":[{"name":"wp","href":"https:\/\/api.w.org\/{rel}","templated":true}]}}