{"id":138,"date":"2022-07-11T14:48:36","date_gmt":"2022-07-11T12:48:36","guid":{"rendered":"https:\/\/5.148.165.27\/plesk-site-preview\/www.amberg-zahnaerzte.ch\/https\/5.148.165.27?page_id=138"},"modified":"2022-12-16T15:27:45","modified_gmt":"2022-12-16T14:27:45","slug":"zahnfehlstellungen","status":"publish","type":"page","link":"https:\/\/www.amberg-zahnaerzte.ch\/relaunch\/behandlungen\/zahnfehlstellungen\/","title":{"rendered":"Zahnfehlstellungen"},"content":{"rendered":"\n<h2>Sie k\u00f6nnen etwas ausrichten<\/h2>\n\n\n\n<p>Warum transparente Alignerschienen? Um Fehlstellungen zu korrigieren, bevorzugen immer mehr Patienten und Zahn\u00e4rzte transparente Aligner gegen\u00fcber traditionellen Zahnspangen, da sie mehrere Vorteile bieten:<\/p>\n\n\n\n<ul>\n<li>Herausnehmbar<\/li>\n\n\n\n<li>Komfortabel und diskret<ul><li>Nahezu unsichtbar<\/li><\/ul><ul><li>Keine Einschr\u00e4nkungen der Essgewohnheiten<\/li><\/ul><ul><li>Leichte Zahnpflege<\/li><\/ul><ul><li>Kontrollierte Einzelzahnbewegung<\/li><\/ul>\n<ul>\n<li>M\u00f6glichkeit der Fernkontrolle<\/li>\n<\/ul>\n<\/li>\n<\/ul>\n\n\n\n<p>Kein Wunder, dass die Aligner-Therapie einer der am schnellsten wachsenden Bereiche in der Orthodontie ist. Mit Alignern k\u00f6nnen eine Vielzahl an Zahnfehlstellungen korrigiert werden.<\/p>\n\n\n\n<p>Diese Alignertechnik wird von verschiedenen Firmen angeboten und hat entsprechend unterschiedliche Namen, wie beispielsweise Invasilign, SureSmile oder eben Clear Correct.<\/p>\n\n\n\n<p>Unser Angebot:<\/p>\n\n\n\n<ul>\n<li>Alignertechnik mit dem ClearCorrect System der Firma Straumann<\/li>\n<\/ul>\n\n\n\n<div class=\"is-layout-flex wp-container-2 wp-block-columns\">\n<div class=\"is-layout-flow wp-block-column\" style=\"flex-basis:100%\"><\/div>\n<\/div>\n\n\n\n<div class=\"wp-block-media-text alignwide is-stacked-on-mobile\" style=\"grid-template-columns:63% auto\"><figure class=\"wp-block-media-text__media\"><img decoding=\"async\" loading=\"lazy\" width=\"281\" height=\"600\" src=\"\/wp-content\/uploads\/Webseite4.png\" alt=\"\" class=\"wp-image-750 size-full\" srcset=\"https:\/\/www.amberg-zahnaerzte.ch\/relaunch\/wp-content\/uploads\/Webseite4.png 281w, https:\/\/www.amberg-zahnaerzte.ch\/relaunch\/wp-content\/uploads\/Webseite4-141x300.png 141w\" sizes=\"(max-width: 281px) 100vw, 281px\" \/><\/figure><div class=\"wp-block-media-text__content\">\n<p><\/p>\n<\/div><\/div>\n\n\n\n<p><\/p>\n\n\n\n<figure class=\"wp-block-embed is-type-video is-provider-youtube wp-block-embed-youtube wp-embed-aspect-16-9 wp-has-aspect-ratio\"><div class=\"wp-block-embed__wrapper\">\n<iframe loading=\"lazy\" title=\"Was sind Aligner und wie funktionieren die?\" width=\"500\" height=\"281\" src=\"https:\/\/www.youtube.com\/embed\/be34t_upYVY?feature=oembed\" frameborder=\"0\" allow=\"accelerometer; autoplay; clipboard-write; encrypted-media; gyroscope; picture-in-picture\" allowfullscreen><\/iframe>\n<\/div><\/figure>\n\n\n\n<p>Patienten mit komplexen Zahn- und Kieferfehlstellungen \u00fcberweisen wir an ausgewiesene Kieferorthop\u00e4den, die auch der Schweizerischen Zahn\u00e4rzte-Gesellschaft angeh\u00f6ren.<\/p>\n","protected":false},"excerpt":{"rendered":"<p>Sie k\u00f6nnen etwas ausrichten Warum transparente Alignerschienen? Um Fehlstellungen zu korrigieren, bevorzugen immer mehr Patienten und Zahn\u00e4rzte transparente Aligner gegen\u00fcber traditionellen Zahnspangen, da sie mehrere Vorteile bieten: Kein Wunder, dass die Aligner-Therapie einer der am schnellsten wachsenden Bereiche in der Orthodontie ist. Mit Alignern k\u00f6nnen eine Vielzahl an Zahnfehlstellungen korrigiert werden. Diese Alignertechnik wird von [&hellip;]<\/p>\n","protected":false},"author":2,"featured_media":1093,"parent":73,"menu_order":40,"comment_status":"closed","ping_status":"closed","template":"","meta":[],"acf":[],"yoast_head":"<!-- This site is optimized with the Yoast SEO plugin v20.1 - https:\/\/yoast.com\/wordpress\/plugins\/seo\/ -->\n<title>Zahnfehlstellungen &bull; Amberg Zahn\u00e4rzte<\/title>\n<meta name=\"description\" content=\"Die Korrektur von Zahnfehlstellungen wird immer beliebter und die Methoden daf\u00fcr immer bequemer - mit Alignern von ClearCorrect.\" \/>\n<meta name=\"robots\" content=\"index, follow, max-snippet:-1, max-image-preview:large, max-video-preview:-1\" \/>\n<link rel=\"canonical\" href=\"https:\/\/www.amberg-zahnaerzte.ch\/relaunch\/behandlungen\/zahnfehlstellungen\/\" \/>\n<meta property=\"og:locale\" content=\"de_DE\" \/>\n<meta property=\"og:type\" content=\"article\" \/>\n<meta property=\"og:title\" content=\"Zahnfehlstellungen &bull; Amberg Zahn\u00e4rzte\" \/>\n<meta property=\"og:description\" content=\"Die Korrektur von Zahnfehlstellungen wird immer beliebter und die Methoden daf\u00fcr immer bequemer - mit Alignern von ClearCorrect.\" \/>\n<meta property=\"og:url\" content=\"https:\/\/www.amberg-zahnaerzte.ch\/relaunch\/behandlungen\/zahnfehlstellungen\/\" \/>\n<meta property=\"og:site_name\" content=\"Amberg Zahn\u00e4rzte\" \/>\n<meta property=\"article:modified_time\" content=\"2022-12-16T14:27:45+00:00\" \/>\n<meta property=\"og:image\" content=\"https:\/\/www.amberg-zahnaerzte.ch\/relaunch\/wp-content\/uploads\/AdobeStock_546340913-scaled.jpeg\" \/>\n\t<meta property=\"og:image:width\" content=\"2560\" \/>\n\t<meta property=\"og:image:height\" content=\"1707\" \/>\n\t<meta property=\"og:image:type\" content=\"image\/jpeg\" \/>\n<meta name=\"twitter:card\" content=\"summary_large_image\" \/>\n<meta name=\"twitter:label1\" content=\"Est. reading time\" \/>\n\t<meta name=\"twitter:data1\" content=\"1 Minute\" \/>\n<script type=\"application\/ld+json\" class=\"yoast-schema-graph\">{\"@context\":\"https:\/\/schema.org\",\"@graph\":[{\"@type\":\"WebPage\",\"@id\":\"https:\/\/www.amberg-zahnaerzte.ch\/relaunch\/behandlungen\/zahnfehlstellungen\/\",\"url\":\"https:\/\/www.amberg-zahnaerzte.ch\/relaunch\/behandlungen\/zahnfehlstellungen\/\",\"name\":\"Zahnfehlstellungen &bull; Amberg Zahn\u00e4rzte\",\"isPartOf\":{\"@id\":\"https:\/\/www.amberg-zahnaerzte.ch\/relaunch\/#website\"},\"datePublished\":\"2022-07-11T12:48:36+00:00\",\"dateModified\":\"2022-12-16T14:27:45+00:00\",\"description\":\"Die Korrektur von Zahnfehlstellungen wird immer beliebter und die Methoden daf\u00fcr immer bequemer - mit Alignern von ClearCorrect.\",\"breadcrumb\":{\"@id\":\"https:\/\/www.amberg-zahnaerzte.ch\/relaunch\/behandlungen\/zahnfehlstellungen\/#breadcrumb\"},\"inLanguage\":\"de-CH\",\"potentialAction\":[{\"@type\":\"ReadAction\",\"target\":[\"https:\/\/www.amberg-zahnaerzte.ch\/relaunch\/behandlungen\/zahnfehlstellungen\/\"]}]},{\"@type\":\"BreadcrumbList\",\"@id\":\"https:\/\/www.amberg-zahnaerzte.ch\/relaunch\/behandlungen\/zahnfehlstellungen\/#breadcrumb\",\"itemListElement\":[{\"@type\":\"ListItem\",\"position\":1,\"name\":\"Home\",\"item\":\"https:\/\/www.amberg-zahnaerzte.ch\/relaunch\/\"},{\"@type\":\"ListItem\",\"position\":2,\"name\":\"Behandlungen\",\"item\":\"https:\/\/www.amberg-zahnaerzte.ch\/relaunch\/behandlungen\/\"},{\"@type\":\"ListItem\",\"position\":3,\"name\":\"Zahnfehlstellungen\"}]},{\"@type\":\"WebSite\",\"@id\":\"https:\/\/www.amberg-zahnaerzte.ch\/relaunch\/#website\",\"url\":\"https:\/\/www.amberg-zahnaerzte.ch\/relaunch\/\",\"name\":\"Amberg Zahn\u00e4rzte\",\"description\":\"\",\"publisher\":{\"@id\":\"https:\/\/www.amberg-zahnaerzte.ch\/relaunch\/#organization\"},\"potentialAction\":[{\"@type\":\"SearchAction\",\"target\":{\"@type\":\"EntryPoint\",\"urlTemplate\":\"https:\/\/www.amberg-zahnaerzte.ch\/relaunch\/?s={search_term_string}\"},\"query-input\":\"required name=search_term_string\"}],\"inLanguage\":\"de-CH\"},{\"@type\":\"Organization\",\"@id\":\"https:\/\/www.amberg-zahnaerzte.ch\/relaunch\/#organization\",\"name\":\"Amberg Zahn\u00e4rzte\",\"url\":\"https:\/\/www.amberg-zahnaerzte.ch\/relaunch\/\",\"logo\":{\"@type\":\"ImageObject\",\"inLanguage\":\"de-CH\",\"@id\":\"https:\/\/www.amberg-zahnaerzte.ch\/relaunch\/#\/schema\/logo\/image\/\",\"url\":\"https:\/\/www.amberg-zahnaerzte.ch\/wp-content\/uploads\/logo_amberg.svg\",\"contentUrl\":\"https:\/\/www.amberg-zahnaerzte.ch\/wp-content\/uploads\/logo_amberg.svg\",\"width\":1,\"height\":1,\"caption\":\"Amberg Zahn\u00e4rzte\"},\"image\":{\"@id\":\"https:\/\/www.amberg-zahnaerzte.ch\/relaunch\/#\/schema\/logo\/image\/\"}}]}<\/script>\n<!-- \/ Yoast SEO plugin. -->","yoast_head_json":{"title":"Zahnfehlstellungen &bull; Amberg Zahn\u00e4rzte","description":"Die Korrektur von Zahnfehlstellungen wird immer beliebter und die Methoden daf\u00fcr immer bequemer - mit Alignern von ClearCorrect.","robots":{"index":"index","follow":"follow","max-snippet":"max-snippet:-1","max-image-preview":"max-image-preview:large","max-video-preview":"max-video-preview:-1"},"canonical":"https:\/\/www.amberg-zahnaerzte.ch\/relaunch\/behandlungen\/zahnfehlstellungen\/","og_locale":"de_DE","og_type":"article","og_title":"Zahnfehlstellungen &bull; Amberg Zahn\u00e4rzte","og_description":"Die Korrektur von Zahnfehlstellungen wird immer beliebter und die Methoden daf\u00fcr immer bequemer - mit Alignern von ClearCorrect.","og_url":"https:\/\/www.amberg-zahnaerzte.ch\/relaunch\/behandlungen\/zahnfehlstellungen\/","og_site_name":"Amberg Zahn\u00e4rzte","article_modified_time":"2022-12-16T14:27:45+00:00","og_image":[{"width":2560,"height":1707,"url":"https:\/\/www.amberg-zahnaerzte.ch\/relaunch\/wp-content\/uploads\/AdobeStock_546340913-scaled.jpeg","type":"image\/jpeg"}],"twitter_card":"summary_large_image","twitter_misc":{"Est. reading time":"1 Minute"},"schema":{"@context":"https:\/\/schema.org","@graph":[{"@type":"WebPage","@id":"https:\/\/www.amberg-zahnaerzte.ch\/relaunch\/behandlungen\/zahnfehlstellungen\/","url":"https:\/\/www.amberg-zahnaerzte.ch\/relaunch\/behandlungen\/zahnfehlstellungen\/","name":"Zahnfehlstellungen &bull; Amberg Zahn\u00e4rzte","isPartOf":{"@id":"https:\/\/www.amberg-zahnaerzte.ch\/relaunch\/#website"},"datePublished":"2022-07-11T12:48:36+00:00","dateModified":"2022-12-16T14:27:45+00:00","description":"Die Korrektur von Zahnfehlstellungen wird immer beliebter und die Methoden daf\u00fcr immer bequemer - mit Alignern von ClearCorrect.","breadcrumb":{"@id":"https:\/\/www.amberg-zahnaerzte.ch\/relaunch\/behandlungen\/zahnfehlstellungen\/#breadcrumb"},"inLanguage":"de-CH","potentialAction":[{"@type":"ReadAction","target":["https:\/\/www.amberg-zahnaerzte.ch\/relaunch\/behandlungen\/zahnfehlstellungen\/"]}]},{"@type":"BreadcrumbList","@id":"https:\/\/www.amberg-zahnaerzte.ch\/relaunch\/behandlungen\/zahnfehlstellungen\/#breadcrumb","itemListElement":[{"@type":"ListItem","position":1,"name":"Home","item":"https:\/\/www.amberg-zahnaerzte.ch\/relaunch\/"},{"@type":"ListItem","position":2,"name":"Behandlungen","item":"https:\/\/www.amberg-zahnaerzte.ch\/relaunch\/behandlungen\/"},{"@type":"ListItem","position":3,"name":"Zahnfehlstellungen"}]},{"@type":"WebSite","@id":"https:\/\/www.amberg-zahnaerzte.ch\/relaunch\/#website","url":"https:\/\/www.amberg-zahnaerzte.ch\/relaunch\/","name":"Amberg Zahn\u00e4rzte","description":"","publisher":{"@id":"https:\/\/www.amberg-zahnaerzte.ch\/relaunch\/#organization"},"potentialAction":[{"@type":"SearchAction","target":{"@type":"EntryPoint","urlTemplate":"https:\/\/www.amberg-zahnaerzte.ch\/relaunch\/?s={search_term_string}"},"query-input":"required name=search_term_string"}],"inLanguage":"de-CH"},{"@type":"Organization","@id":"https:\/\/www.amberg-zahnaerzte.ch\/relaunch\/#organization","name":"Amberg Zahn\u00e4rzte","url":"https:\/\/www.amberg-zahnaerzte.ch\/relaunch\/","logo":{"@type":"ImageObject","inLanguage":"de-CH","@id":"https:\/\/www.amberg-zahnaerzte.ch\/relaunch\/#\/schema\/logo\/image\/","url":"https:\/\/www.amberg-zahnaerzte.ch\/wp-content\/uploads\/logo_amberg.svg","contentUrl":"https:\/\/www.amberg-zahnaerzte.ch\/wp-content\/uploads\/logo_amberg.svg","width":1,"height":1,"caption":"Amberg Zahn\u00e4rzte"},"image":{"@id":"https:\/\/www.amberg-zahnaerzte.ch\/relaunch\/#\/schema\/logo\/image\/"}}]}},"_links":{"self":[{"href":"https:\/\/www.amberg-zahnaerzte.ch\/relaunch\/wp-json\/wp\/v2\/pages\/138"}],"collection":[{"href":"https:\/\/www.amberg-zahnaerzte.ch\/relaunch\/wp-json\/wp\/v2\/pages"}],"about":[{"href":"https:\/\/www.amberg-zahnaerzte.ch\/relaunch\/wp-json\/wp\/v2\/types\/page"}],"author":[{"embeddable":true,"href":"https:\/\/www.amberg-zahnaerzte.ch\/relaunch\/wp-json\/wp\/v2\/users\/2"}],"replies":[{"embeddable":true,"href":"https:\/\/www.amberg-zahnaerzte.ch\/relaunch\/wp-json\/wp\/v2\/comments?post=138"}],"version-history":[{"count":1,"href":"https:\/\/www.amberg-zahnaerzte.ch\/relaunch\/wp-json\/wp\/v2\/pages\/138\/revisions"}],"predecessor-version":[{"id":1518,"href":"https:\/\/www.amberg-zahnaerzte.ch\/relaunch\/wp-json\/wp\/v2\/pages\/138\/revisions\/1518"}],"up":[{"embeddable":true,"href":"https:\/\/www.amberg-zahnaerzte.ch\/relaunch\/wp-json\/wp\/v2\/pages\/73"}],"wp:featuredmedia":[{"embeddable":true,"href":"https:\/\/www.amberg-zahnaerzte.ch\/relaunch\/wp-json\/wp\/v2\/media\/1093"}],"wp:attachment":[{"href":"https:\/\/www.amberg-zahnaerzte.ch\/relaunch\/wp-json\/wp\/v2\/media?parent=138"}],"curies":[{"name":"wp","href":"https:\/\/api.w.org\/{rel}","templated":true}]}}