{"id":596,"date":"2022-08-08T10:08:07","date_gmt":"2022-08-08T08:08:07","guid":{"rendered":"https:\/\/5.148.165.27\/plesk-site-preview\/www.amberg-zahnaerzte.ch\/https\/5.148.165.27?page_id=596"},"modified":"2023-02-14T13:36:36","modified_gmt":"2023-02-14T12:36:36","slug":"impressum","status":"publish","type":"page","link":"https:\/\/www.amberg-zahnaerzte.ch\/relaunch\/impressum\/","title":{"rendered":"Impressum"},"content":{"rendered":"<h1>Impressum<\/h1>\n<h2>Kontakt<\/h2>\n<div>\n<div class=\"el-content uk-panel\">Amberg Zahn\u00e4rzte<\/div>\n<div class=\"el-content uk-panel\">Suhrerstrasse 13<\/div>\n<div class=\"el-content uk-panel\">5036 Oberentfelden<\/div>\n<div class=\"el-content uk-panel\">\n<p>Telefon:<span>\u00a0<\/span><a href=\"tel:062 723 38 58\">+41 62 723 38 58<\/a><br \/>E-Mail:\u00a0<a href=\"mailto:info@amberg-zahnaerzte.ch\">info@amberg-zahnaerzte.ch<\/a><\/p>\n<\/div>\n<\/div>\n<div>\u00a9 alle Rechte vorbehalten. Jegliche Verbreitung im Internet und jegliche andere Vervielf\u00e4ltigung, auch auszugsweise, nur mit ausdr\u00fccklicher Genehmigung des Herausgebers.\n<\/div>\n<h2>Rechtliche Hinweise<\/h2>\n<div>\n<p>Der Betreiber dieser Seite \u00fcbernimmt keine Haftung f\u00fcr Fehlfunktionen des Internets, Sch\u00e4den durch Dritte, importierte Daten aller Art sowie f\u00fcr Links von und zu anderen Webseiten. Wir weisen darauf hin, dass die Daten\u00fcbertragung im Internet (z.B. bei der Kommunikation per E-Mail) Sicherheitsl\u00fccken aufweisen kann. Ein l\u00fcckenloser Schutz der Daten vor dem Zugriff durch Dritte ist nicht m\u00f6glich. Wir weisen darauf hin, dass diese Seite technische Ungenauigkeiten oder typographische Fehler enthalten kann. Wir behalten uns vor, die Informationen auf dieser Site jederzeit und ohne vorherige Ank\u00fcndigung zu \u00e4ndern oder zu aktualisieren. In keinem Fall haftet der Betreiber Ihnen oder Dritten gegen\u00fcber f\u00fcr irgendwelche direkten, indirekten, speziellen oder sonstigen Folgesch\u00e4den, die sich aus der Nutzung dieser oder einer damit verlinkten Website ergeben. Ausgeschlossen ist auch jegliche Haftung f\u00fcr entgangenen Gewinn, Betriebsunterbrechung, Verlust von Programmen oder sonstigen Daten in Ihren Informationssystemen. Dies gilt auch dann, wenn wir ausdr\u00fccklich auf die M\u00f6glichkeit solcher Sch\u00e4den hingewiesen werden.<\/p>\n<\/div>\n<p><!--more--><br \/>\n<!-- {\"name\":\"Imprint\",\"type\":\"layout\",\"children\":[{\"type\":\"section\",\"props\":{\"animation\":\"fade\",\"image\":\"\",\"image_effect\":\"parallax\",\"image_parallax_bgx\":\"-80,-80\",\"image_parallax_bgy\":\"200,180\",\"image_parallax_easing\":\"1\",\"image_position\":\"bottom-left\",\"image_size\":\"contain\",\"image_width\":\"1900\",\"style\":\"default\",\"title_breakpoint\":\"xl\",\"title_position\":\"top-left\",\"title_rotation\":\"left\",\"vertical_align\":\"middle\",\"width\":\"default\"},\"children\":[{\"type\":\"row\",\"props\":{\"layout\":\"1-3,2-3\"},\"children\":[{\"type\":\"column\",\"props\":{\"image_position\":\"center-center\",\"media_overlay_gradient\":\"\",\"position_sticky_breakpoint\":\"m\",\"width_medium\":\"1-3\",\"widths\":[\"\"]},\"children\":[{\"type\":\"headline\",\"props\":{\"content\":\"Impressum\",\"title_element\":\"h1\"}}]},{\"type\":\"column\",\"props\":{\"image_position\":\"center-center\",\"media_overlay_gradient\":\"\",\"position_sticky_breakpoint\":\"m\",\"width_medium\":\"2-3\",\"widths\":[\"\"]},\"children\":[{\"type\":\"headline\",\"props\":{\"content\":\"Kontakt\",\"title_element\":\"h2\",\"title_style\":\"h3\"}},{\"type\":\"text\",\"props\":{\"column_breakpoint\":\"m\",\"content\":\"\n\n<div class=\\\"el-content uk-panel\\\">Amberg Zahn\\u00e4rzte<\\\/div>\\n\n\n<div class=\\\"el-content uk-panel\\\">Suhrerstrasse 13<\\\/div>\\n\n\n<div class=\\\"el-content uk-panel\\\">5036 Oberentfelden<\\\/div>\\n\n\n<div class=\\\"el-content uk-panel\\\">\\n\n\n<p>Telefon:<span>\\u00a0<\\\/span><a href=\\\"tel:062 723 38 58\\\">+41 62 723 38 58<\\\/a><br \\\/>E-Mail:\\u00a0<a href=\\\"mailto:info@amberg-zahnaerzte.ch\\\">info@amberg-zahnaerzte.ch<\\\/a><\\\/p>\\n<\\\/div>\",\"margin\":\"default\",\"maxwidth\":\"xlarge\"}},{\"type\":\"text\",\"props\":{\"column_breakpoint\":\"m\",\"content\":\"\\u00a9 alle Rechte vorbehalten. Jegliche Verbreitung im Internet und jegliche andere Vervielf\\u00e4ltigung, auch auszugsweise, nur mit ausdr\\u00fccklicher Genehmigung des Herausgebers.\\n\",\"margin\":\"default\"}},{\"type\":\"headline\",\"props\":{\"content\":\"Rechtliche Hinweise\",\"title_element\":\"h2\",\"title_style\":\"h3\"}},{\"type\":\"text\",\"props\":{\"column_breakpoint\":\"m\",\"content\":\"\n\n<p>Der Betreiber dieser Seite \\u00fcbernimmt keine Haftung f\\u00fcr Fehlfunktionen des Internets, Sch\\u00e4den durch Dritte, importierte Daten aller Art sowie f\\u00fcr Links von und zu anderen Webseiten. Wir weisen darauf hin, dass die Daten\\u00fcbertragung im Internet (z.B. bei der Kommunikation per E-Mail) Sicherheitsl\\u00fccken aufweisen kann. Ein l\\u00fcckenloser Schutz der Daten vor dem Zugriff durch Dritte ist nicht m\\u00f6glich. Wir weisen darauf hin, dass diese Seite technische Ungenauigkeiten oder typographische Fehler enthalten kann. Wir behalten uns vor, die Informationen auf dieser Site jederzeit und ohne vorherige Ank\\u00fcndigung zu \\u00e4ndern oder zu aktualisieren. In keinem Fall haftet der Betreiber Ihnen oder Dritten gegen\\u00fcber f\\u00fcr irgendwelche direkten, indirekten, speziellen oder sonstigen Folgesch\\u00e4den, die sich aus der Nutzung dieser oder einer damit verlinkten Website ergeben. Ausgeschlossen ist auch jegliche Haftung f\\u00fcr entgangenen Gewinn, Betriebsunterbrechung, Verlust von Programmen oder sonstigen Daten in Ihren Informationssystemen. Dies gilt auch dann, wenn wir ausdr\\u00fccklich auf die M\\u00f6glichkeit solcher Sch\\u00e4den hingewiesen werden.<\\\/p>\",\"margin\":\"default\"}}]}]}],\"name\":\"Impressum\"}],\"version\":\"3.0.25\",\"yooessentialsVersion\":\"1.9.3\"} --><\/p>\n","protected":false},"excerpt":{"rendered":"<p>Impressum Kontakt Amberg Zahn\u00e4rzte Suhrerstrasse 13 5036 Oberentfelden Telefon:\u00a0+41 62 723 38 58E-Mail:\u00a0info@amberg-zahnaerzte.ch \u00a9 alle Rechte vorbehalten. Jegliche Verbreitung im Internet und jegliche andere Vervielf\u00e4ltigung, auch auszugsweise, nur mit ausdr\u00fccklicher Genehmigung des Herausgebers. Rechtliche Hinweise Der Betreiber dieser Seite \u00fcbernimmt keine Haftung f\u00fcr Fehlfunktionen des Internets, Sch\u00e4den durch Dritte, importierte Daten aller Art sowie f\u00fcr [&hellip;]<\/p>\n","protected":false},"author":2,"featured_media":0,"parent":0,"menu_order":0,"comment_status":"closed","ping_status":"closed","template":"","meta":[],"acf":[],"yoast_head":"<!-- This site is optimized with the Yoast SEO plugin v20.1 - https:\/\/yoast.com\/wordpress\/plugins\/seo\/ -->\n<title>Impressum &bull; Amberg Zahn\u00e4rzte<\/title>\n<meta name=\"robots\" content=\"index, follow, max-snippet:-1, max-image-preview:large, max-video-preview:-1\" \/>\n<link rel=\"canonical\" href=\"https:\/\/www.amberg-zahnaerzte.ch\/relaunch\/impressum\/\" \/>\n<meta property=\"og:locale\" content=\"de_DE\" \/>\n<meta property=\"og:type\" content=\"article\" \/>\n<meta property=\"og:title\" content=\"Impressum &bull; Amberg Zahn\u00e4rzte\" \/>\n<meta property=\"og:description\" content=\"Impressum Kontakt Amberg Zahn\u00e4rzte Suhrerstrasse 13 5036 Oberentfelden Telefon:\u00a0+41 62 723 38 58E-Mail:\u00a0info@amberg-zahnaerzte.ch \u00a9 alle Rechte vorbehalten. Jegliche Verbreitung im Internet und jegliche andere Vervielf\u00e4ltigung, auch auszugsweise, nur mit ausdr\u00fccklicher Genehmigung des Herausgebers. Rechtliche Hinweise Der Betreiber dieser Seite \u00fcbernimmt keine Haftung f\u00fcr Fehlfunktionen des Internets, Sch\u00e4den durch Dritte, importierte Daten aller Art sowie f\u00fcr [&hellip;]\" \/>\n<meta property=\"og:url\" content=\"https:\/\/www.amberg-zahnaerzte.ch\/relaunch\/impressum\/\" \/>\n<meta property=\"og:site_name\" content=\"Amberg Zahn\u00e4rzte\" \/>\n<meta property=\"article:modified_time\" content=\"2023-02-14T12:36:36+00:00\" \/>\n<meta name=\"twitter:card\" content=\"summary_large_image\" \/>\n<script type=\"application\/ld+json\" class=\"yoast-schema-graph\">{\"@context\":\"https:\/\/schema.org\",\"@graph\":[{\"@type\":\"WebPage\",\"@id\":\"https:\/\/www.amberg-zahnaerzte.ch\/relaunch\/impressum\/\",\"url\":\"https:\/\/www.amberg-zahnaerzte.ch\/relaunch\/impressum\/\",\"name\":\"Impressum &bull; Amberg Zahn\u00e4rzte\",\"isPartOf\":{\"@id\":\"https:\/\/www.amberg-zahnaerzte.ch\/relaunch\/#website\"},\"datePublished\":\"2022-08-08T08:08:07+00:00\",\"dateModified\":\"2023-02-14T12:36:36+00:00\",\"breadcrumb\":{\"@id\":\"https:\/\/www.amberg-zahnaerzte.ch\/relaunch\/impressum\/#breadcrumb\"},\"inLanguage\":\"de-CH\",\"potentialAction\":[{\"@type\":\"ReadAction\",\"target\":[\"https:\/\/www.amberg-zahnaerzte.ch\/relaunch\/impressum\/\"]}]},{\"@type\":\"BreadcrumbList\",\"@id\":\"https:\/\/www.amberg-zahnaerzte.ch\/relaunch\/impressum\/#breadcrumb\",\"itemListElement\":[{\"@type\":\"ListItem\",\"position\":1,\"name\":\"Home\",\"item\":\"https:\/\/www.amberg-zahnaerzte.ch\/relaunch\/\"},{\"@type\":\"ListItem\",\"position\":2,\"name\":\"Impressum\"}]},{\"@type\":\"WebSite\",\"@id\":\"https:\/\/www.amberg-zahnaerzte.ch\/relaunch\/#website\",\"url\":\"https:\/\/www.amberg-zahnaerzte.ch\/relaunch\/\",\"name\":\"Amberg Zahn\u00e4rzte\",\"description\":\"\",\"publisher\":{\"@id\":\"https:\/\/www.amberg-zahnaerzte.ch\/relaunch\/#organization\"},\"potentialAction\":[{\"@type\":\"SearchAction\",\"target\":{\"@type\":\"EntryPoint\",\"urlTemplate\":\"https:\/\/www.amberg-zahnaerzte.ch\/relaunch\/?s={search_term_string}\"},\"query-input\":\"required name=search_term_string\"}],\"inLanguage\":\"de-CH\"},{\"@type\":\"Organization\",\"@id\":\"https:\/\/www.amberg-zahnaerzte.ch\/relaunch\/#organization\",\"name\":\"Amberg Zahn\u00e4rzte\",\"url\":\"https:\/\/www.amberg-zahnaerzte.ch\/relaunch\/\",\"logo\":{\"@type\":\"ImageObject\",\"inLanguage\":\"de-CH\",\"@id\":\"https:\/\/www.amberg-zahnaerzte.ch\/relaunch\/#\/schema\/logo\/image\/\",\"url\":\"https:\/\/www.amberg-zahnaerzte.ch\/wp-content\/uploads\/logo_amberg.svg\",\"contentUrl\":\"https:\/\/www.amberg-zahnaerzte.ch\/wp-content\/uploads\/logo_amberg.svg\",\"width\":1,\"height\":1,\"caption\":\"Amberg Zahn\u00e4rzte\"},\"image\":{\"@id\":\"https:\/\/www.amberg-zahnaerzte.ch\/relaunch\/#\/schema\/logo\/image\/\"}}]}<\/script>\n<!-- \/ Yoast SEO plugin. -->","yoast_head_json":{"title":"Impressum &bull; Amberg Zahn\u00e4rzte","robots":{"index":"index","follow":"follow","max-snippet":"max-snippet:-1","max-image-preview":"max-image-preview:large","max-video-preview":"max-video-preview:-1"},"canonical":"https:\/\/www.amberg-zahnaerzte.ch\/relaunch\/impressum\/","og_locale":"de_DE","og_type":"article","og_title":"Impressum &bull; Amberg Zahn\u00e4rzte","og_description":"Impressum Kontakt Amberg Zahn\u00e4rzte Suhrerstrasse 13 5036 Oberentfelden Telefon:\u00a0+41 62 723 38 58E-Mail:\u00a0info@amberg-zahnaerzte.ch \u00a9 alle Rechte vorbehalten. Jegliche Verbreitung im Internet und jegliche andere Vervielf\u00e4ltigung, auch auszugsweise, nur mit ausdr\u00fccklicher Genehmigung des Herausgebers. Rechtliche Hinweise Der Betreiber dieser Seite \u00fcbernimmt keine Haftung f\u00fcr Fehlfunktionen des Internets, Sch\u00e4den durch Dritte, importierte Daten aller Art sowie f\u00fcr [&hellip;]","og_url":"https:\/\/www.amberg-zahnaerzte.ch\/relaunch\/impressum\/","og_site_name":"Amberg Zahn\u00e4rzte","article_modified_time":"2023-02-14T12:36:36+00:00","twitter_card":"summary_large_image","schema":{"@context":"https:\/\/schema.org","@graph":[{"@type":"WebPage","@id":"https:\/\/www.amberg-zahnaerzte.ch\/relaunch\/impressum\/","url":"https:\/\/www.amberg-zahnaerzte.ch\/relaunch\/impressum\/","name":"Impressum &bull; Amberg Zahn\u00e4rzte","isPartOf":{"@id":"https:\/\/www.amberg-zahnaerzte.ch\/relaunch\/#website"},"datePublished":"2022-08-08T08:08:07+00:00","dateModified":"2023-02-14T12:36:36+00:00","breadcrumb":{"@id":"https:\/\/www.amberg-zahnaerzte.ch\/relaunch\/impressum\/#breadcrumb"},"inLanguage":"de-CH","potentialAction":[{"@type":"ReadAction","target":["https:\/\/www.amberg-zahnaerzte.ch\/relaunch\/impressum\/"]}]},{"@type":"BreadcrumbList","@id":"https:\/\/www.amberg-zahnaerzte.ch\/relaunch\/impressum\/#breadcrumb","itemListElement":[{"@type":"ListItem","position":1,"name":"Home","item":"https:\/\/www.amberg-zahnaerzte.ch\/relaunch\/"},{"@type":"ListItem","position":2,"name":"Impressum"}]},{"@type":"WebSite","@id":"https:\/\/www.amberg-zahnaerzte.ch\/relaunch\/#website","url":"https:\/\/www.amberg-zahnaerzte.ch\/relaunch\/","name":"Amberg Zahn\u00e4rzte","description":"","publisher":{"@id":"https:\/\/www.amberg-zahnaerzte.ch\/relaunch\/#organization"},"potentialAction":[{"@type":"SearchAction","target":{"@type":"EntryPoint","urlTemplate":"https:\/\/www.amberg-zahnaerzte.ch\/relaunch\/?s={search_term_string}"},"query-input":"required name=search_term_string"}],"inLanguage":"de-CH"},{"@type":"Organization","@id":"https:\/\/www.amberg-zahnaerzte.ch\/relaunch\/#organization","name":"Amberg Zahn\u00e4rzte","url":"https:\/\/www.amberg-zahnaerzte.ch\/relaunch\/","logo":{"@type":"ImageObject","inLanguage":"de-CH","@id":"https:\/\/www.amberg-zahnaerzte.ch\/relaunch\/#\/schema\/logo\/image\/","url":"https:\/\/www.amberg-zahnaerzte.ch\/wp-content\/uploads\/logo_amberg.svg","contentUrl":"https:\/\/www.amberg-zahnaerzte.ch\/wp-content\/uploads\/logo_amberg.svg","width":1,"height":1,"caption":"Amberg Zahn\u00e4rzte"},"image":{"@id":"https:\/\/www.amberg-zahnaerzte.ch\/relaunch\/#\/schema\/logo\/image\/"}}]}},"_links":{"self":[{"href":"https:\/\/www.amberg-zahnaerzte.ch\/relaunch\/wp-json\/wp\/v2\/pages\/596"}],"collection":[{"href":"https:\/\/www.amberg-zahnaerzte.ch\/relaunch\/wp-json\/wp\/v2\/pages"}],"about":[{"href":"https:\/\/www.amberg-zahnaerzte.ch\/relaunch\/wp-json\/wp\/v2\/types\/page"}],"author":[{"embeddable":true,"href":"https:\/\/www.amberg-zahnaerzte.ch\/relaunch\/wp-json\/wp\/v2\/users\/2"}],"replies":[{"embeddable":true,"href":"https:\/\/www.amberg-zahnaerzte.ch\/relaunch\/wp-json\/wp\/v2\/comments?post=596"}],"version-history":[{"count":4,"href":"https:\/\/www.amberg-zahnaerzte.ch\/relaunch\/wp-json\/wp\/v2\/pages\/596\/revisions"}],"predecessor-version":[{"id":1819,"href":"https:\/\/www.amberg-zahnaerzte.ch\/relaunch\/wp-json\/wp\/v2\/pages\/596\/revisions\/1819"}],"wp:attachment":[{"href":"https:\/\/www.amberg-zahnaerzte.ch\/relaunch\/wp-json\/wp\/v2\/media?parent=596"}],"curies":[{"name":"wp","href":"https:\/\/api.w.org\/{rel}","templated":true}]}}