{"id":74,"date":"2022-07-11T14:40:20","date_gmt":"2022-07-11T12:40:20","guid":{"rendered":"https:\/\/5.148.165.27\/plesk-site-preview\/www.amberg-zahnaerzte.ch\/https\/5.148.165.27?page_id=74"},"modified":"2023-02-14T16:42:12","modified_gmt":"2023-02-14T15:42:12","slug":"kontakt","status":"publish","type":"page","link":"https:\/\/www.amberg-zahnaerzte.ch\/relaunch\/kontakt\/","title":{"rendered":"Kontakt"},"content":{"rendered":"<p><img decoding=\"async\" src=\"\/relaunch\/wp-content\/uploads\/Blume_1-1.svg\" alt=\"\"><\/p>\n<div>\n<p>47.35767814549738,8.047830043141792<\/p>\n<\/div>\n<p><img decoding=\"async\" src=\"\/relaunch\/wp-content\/uploads\/Blume_Beitrag_Rechts.svg\" alt=\"\"><\/p>\n<div>\n<div>\n<link rel='stylesheet' id='formidable-css' href='https:\/\/www.amberg-zahnaerzte.ch\/relaunch\/wp-content\/plugins\/formidable\/css\/formidableforms.css?ver=2231013' type='text\/css' media='all' \/>\n<div class=\"frm_forms  with_frm_style frm_style_formidable-style\" id=\"frm_form_1_container\" >\n<form enctype=\"multipart\/form-data\" method=\"post\" class=\"frm-show-form  frm_js_validate  frm_pro_form \" id=\"form_contact-form\"  >\n<div class=\"frm_form_fields \">\n<fieldset>\n<legend class=\"frm_screen_reader\"><\/legend>\r\n\r\n<div class=\"frm_fields_container\">\n<input type=\"hidden\" name=\"frm_action\" value=\"create\" \/>\n<input type=\"hidden\" name=\"form_id\" value=\"1\" \/>\n<input type=\"hidden\" name=\"frm_hide_fields_1\" id=\"frm_hide_fields_1\" value=\"\" \/>\n<input type=\"hidden\" name=\"form_key\" value=\"contact-form\" \/>\n<input type=\"hidden\" name=\"item_meta[0]\" value=\"\" \/>\n<input type=\"hidden\" id=\"frm_submit_entry_1\" name=\"frm_submit_entry_1\" value=\"a5643d220b\" \/><input type=\"hidden\" name=\"_wp_http_referer\" value=\"\/relaunch\/wp-json\/wp\/v2\/pages\/74\" \/><div id=\"frm_field_1_container\" class=\"frm_form_field form-field  frm_required_field frm_top_container frm_first frm_half\">\r\n    <label for=\"field_qh4icy\" id=\"field_qh4icy_label\" class=\"frm_primary_label\">Vorname\r\n        <span class=\"frm_required\" aria-hidden=\"true\">*<\/span>\r\n    <\/label>\r\n    <input type=\"text\" id=\"field_qh4icy\" name=\"item_meta[1]\" value=\"\"  data-reqmsg=\"This field cannot be blank.\" aria-required=\"true\" data-invmsg=\"Name is invalid\" aria-invalid=\"false\"  \/>\r\n    \r\n    \r\n<\/div>\n<div id=\"frm_field_2_container\" class=\"frm_form_field form-field  frm_required_field frm_top_container frm_half\">\r\n    <label for=\"field_ocfup1\" id=\"field_ocfup1_label\" class=\"frm_primary_label\">Nachname\r\n        <span class=\"frm_required\" aria-hidden=\"true\">*<\/span>\r\n    <\/label>\r\n    <input type=\"text\" id=\"field_ocfup1\" name=\"item_meta[2]\" value=\"\"  data-reqmsg=\"This field cannot be blank.\" aria-required=\"true\" data-invmsg=\"Last is invalid\" aria-invalid=\"false\"  \/>\r\n    \r\n    \r\n<\/div>\n<div id=\"frm_field_3_container\" class=\"frm_form_field form-field  frm_required_field frm_top_container frm_full\">\r\n    <label for=\"field_29yf4d\" id=\"field_29yf4d_label\" class=\"frm_primary_label\">E-Mail\r\n        <span class=\"frm_required\" aria-hidden=\"true\">*<\/span>\r\n    <\/label>\r\n    <input type=\"email\" id=\"field_29yf4d\" name=\"item_meta[3]\" value=\"\"  data-reqmsg=\"This field cannot be blank.\" aria-required=\"true\" data-invmsg=\"Please enter a valid email address\" aria-invalid=\"false\"  \/>\r\n    \r\n    \r\n<\/div>\n<div id=\"frm_field_6_container\" class=\"frm_form_field form-field  frm_top_container\">\r\n    <label for=\"field_n45x\" id=\"field_n45x_label\" class=\"frm_primary_label\">Telefon\r\n        <span class=\"frm_required\" aria-hidden=\"true\"><\/span>\r\n    <\/label>\r\n    <input type=\"tel\" id=\"field_n45x\" name=\"item_meta[6]\" value=\"\"  data-invmsg=\"Phone is invalid\" aria-invalid=\"false\" pattern=\"((\\+\\d{1,3}(-|.| )?\\(?\\d\\)?(-| |.)?\\d{1,5})|(\\(?\\d{2,6}\\)?))(-|.| )?(\\d{3,4})(-|.| )?(\\d{4})(( x| ext)\\d{1,5}){0,1}$\"  \/>\r\n    \r\n    \r\n<\/div>\n<div id=\"frm_field_4_container\" class=\"frm_form_field form-field  frm_required_field frm_top_container frm_full\">\r\n    <label for=\"field_e6lis6\" id=\"field_e6lis6_label\" class=\"frm_primary_label\">Betreff\r\n        <span class=\"frm_required\" aria-hidden=\"true\">*<\/span>\r\n    <\/label>\r\n    <input type=\"text\" id=\"field_e6lis6\" name=\"item_meta[4]\" value=\"\"  data-reqmsg=\"This field cannot be blank.\" aria-required=\"true\" data-invmsg=\"Subject is invalid\" aria-invalid=\"false\"  \/>\r\n    \r\n    \r\n<\/div>\n<div id=\"frm_field_5_container\" class=\"frm_form_field form-field  frm_required_field frm_top_container frm_full\">\r\n    <label for=\"field_9jv0r1\" id=\"field_9jv0r1_label\" class=\"frm_primary_label\">Nachricht\r\n        <span class=\"frm_required\" aria-hidden=\"true\">*<\/span>\r\n    <\/label>\r\n    <textarea name=\"item_meta[5]\" id=\"field_9jv0r1\" rows=\"5\"  data-reqmsg=\"This field cannot be blank.\" aria-required=\"true\" data-invmsg=\"Nachricht is invalid\" aria-invalid=\"false\"  ><\/textarea>\r\n    \r\n    \r\n<\/div>\n<div id=\"frm_field_16_container\" class=\"frm_form_field form-field  frm_none_container\">\r\n    <label for=\"g-recaptcha-response\" id=\"field_edcnw_label\" class=\"frm_primary_label\">CAPTCHA\r\n        <span class=\"frm_required\" aria-hidden=\"true\"><\/span>\r\n    <\/label>\r\n    <div id=\"field_edcnw\" class=\"frm-g-recaptcha\" data-sitekey=\"6Ldqjo4jAAAAAAXNirLKhaHWPP1FomWOZ-4WtwKl\" data-size=\"invisible\" data-theme=\"light\"><\/div>\r\n    \r\n    \r\n<\/div>\n\t<input type=\"hidden\" name=\"item_key\" value=\"\" \/>\n\t\t\t\t<div class=\"frm_verify\" aria-hidden=\"true\">\n\t\t\t\t<label for=\"frm_email_1\">\n\t\t\t\t\tIf you are human, leave this field blank.\t\t\t\t<\/label>\n\t\t\t\t<input type=\"text\" class=\"frm_verify\" id=\"frm_email_1\" name=\"frm_verify\" value=\"\"  \/>\n\t\t\t<\/div>\n\t\t<input name=\"frm_state\" type=\"hidden\" value=\"\/v1um2CEPsgBkHpjOzhOJg8tgeUVJTNHhw2bY2BzSZg=\" \/><div class=\"frm_submit\">\r\n\r\n<button class=\"frm_button_submit frm_final_submit\" type=\"submit\"   formnovalidate=\"formnovalidate\">Senden<\/button>\r\n\r\n\r\n<\/div><\/div>\n<\/fieldset>\n<\/div>\n<\/form>\n<\/div>\n\n<\/div>\n<\/div>\n<div>\n<p><a href=\"\/relaunch\/kontakt\/\">Kontakt aufnehmen<\/a><\/p>\n<\/div>\n<h2>So erreichen Sie uns<\/h2>\n<ul>\n<li>\n<h3>Per Auto<\/h3>\n<div>\n<ul>\n<li>Autobahn A 1<\/li>\n<li>Ausfahrt Aarau WestRichtung<\/li>\n<li>Aarau parallel zur Autobahn<\/li>\n<li>Abzweigung Richtung Oberentfelden<\/li>\n<li>Im Dorfzentrum Oberentfelden beim Postgeb\u00e4ude nach 200m Richtung Suhr \/Aarau fahren<\/li>\n<li>Nach 200m steht ein grosses weisses Geb\u00e4ude mit dem roten Schriftzug \u201edie Mobiliar\u201c auf der linken Seite.<\/li>\n<li>Es stehen Parkpl\u00e4tze vor der Praxis gratis zur Verf\u00fcgung.<\/li>\n<li>Die grossz\u00fcgigen Praxisr\u00e4ume sind alle rollstuhlg\u00e4ngig.<\/li>\n<\/ul>\n<\/div>\n<\/li>\n<li>\n<h3>Per Wynental-Suhrentalbahn (WSB)<\/h3>\n<div>\n<ul>\n<li>An der Haltestelle Engelplatz aussteigen. Richtung reformierte Kirche.<\/li>\n<li>3 Minuten zu Fuss.<\/li>\n<\/ul>\n<\/div>\n<\/li>\n<li>\n<h3>Per SBB<\/h3>\n<div>\n<ul>\n<li>Beim Bahnhof Oberentfelden aussteigen. Richtung reformierte Kirche.<\/li>\n<li>3 Minuten zu Fuss.<\/li>\n<\/ul>\n<\/div>\n<\/li>\n<\/ul>\n<h2>\u00d6ffnungszeiten<\/h2>\n<div>\n<p>Montag \u2013 Freitag von 07.00 bis 20.30 Uhr (Freitag bis 17.30 Uhr)<\/p>\n<p><strong>Telefonzeiten:<br \/><\/strong>Montag \u2013 Freitag von 07.30 bis 18.00 Uhr (Freitag bis 17.30 Uhr)<\/p>\n<p><strong>Terminvereinbarungen und Termin\u00e4nderungen k\u00f6nnen wir nur telefonisch entgegennehmen. Wir bitten Sie, keine E-mails f\u00fcr Termin\u00e4nderungen zu schicken. Herzlichen Dank.<\/strong><\/p>\n<\/div>\n<p><img decoding=\"async\" src=\"\/relaunch\/wp-content\/uploads\/Blume_Footer.svg\" alt=\"\"><\/p>\n<div>\n<p>        <img decoding=\"async\" src=\"\/relaunch\/wp-content\/uploads\/Stephanie_Meier_freigestellt-e1657788203847.png\" alt=\"Portrait Bild von Stephanie Meier, als Kontaktperson\"><\/p>\n<h3>Vereinbaren Sie noch heute Ihren Termin mit uns<\/h3>\n<div>\n<p>Per Telefon: <a href=\"tel:+41627233858\">062 723 38 58<\/a> <br \/>Per Mail: <a href=\"mailto:info@amberg-zahnaerzte.ch\">info@amberg-zahnaerzte.ch<\/a><\/p>\n<\/div>\n<p><a href=\"\/kontakt\">Termin vereinbaren<\/a><\/p>\n<\/div>\n<p><!--more--><br \/>\n<!-- {\"name\":\"Template_Content\",\"type\":\"layout\",\"children\":[{\"type\":\"section\",\"props\":{\"image_position\":\"center-center\",\"padding\":\"xsmall\",\"padding_remove_top\":false,\"style\":\"default\",\"title_breakpoint\":\"xl\",\"title_position\":\"top-left\",\"title_rotation\":\"left\",\"vertical_align\":\"middle\",\"width\":\"default\"},\"children\":[{\"type\":\"row\",\"children\":[{\"type\":\"column\",\"props\":{\"image_position\":\"center-center\",\"media_overlay_gradient\":\"\",\"position_sticky_breakpoint\":\"m\"},\"children\":[{\"type\":\"breadcrumbs\",\"props\":{\"home_text\":\"<svg width=\\\"17\\\" height=\\\"17\\\" viewBox=\\\"0 0 20 20\\\" xmlns=\\\"http:\\\/\\\/www.w3.org\\\/2000\\\/svg\\\"><polygon points=\\\"18.65 11.35 10 2.71 1.35 11.35 0.65 10.65 10 1.29 19.35 10.65\\\"><\\\/polygon><polygon points=\\\"15 4 18 4 18 7 17 7 17 5 15 5\\\"><\\\/polygon><polygon points=\\\"3 11 4 11 4 18 7 18 7 12 12 12 12 18 16 18 16 11 17 11 17 19 11 19 11 13 8 13 8 19 3 19\\\"><\\\/polygon><\\\/svg>\",\"show_current\":true,\"show_home\":true}}]}]}],\"name\":\"Breadcrumbs\"},{\"type\":\"section\",\"props\":{\"image_position\":\"center-center\",\"padding\":\"xsmall\",\"padding_remove_top\":false,\"style\":\"default\",\"title_breakpoint\":\"xl\",\"title_position\":\"top-left\",\"title_rotation\":\"left\",\"vertical_align\":\"middle\",\"width\":\"default\"},\"children\":[{\"type\":\"row\",\"children\":[{\"type\":\"column\",\"props\":{\"image_position\":\"center-center\",\"media_overlay_gradient\":\"\",\"position_sticky_breakpoint\":\"m\"},\"children\":[{\"type\":\"image\",\"props\":{\"image\":\"wp-content\\\/uploads\\\/Blume_1-1.svg\",\"image_svg_color\":\"emphasis\",\"margin\":\"default\",\"position\":\"absolute\",\"position_left\":\"-500\",\"position_top\":\"100\",\"visibility\":\"l\"},\"name\":\"Blumen\"},{\"type\":\"headline\",\"props\":{\"margin\":\"small\",\"margin_remove_bottom\":true,\"margin_remove_top\":false,\"text_align\":\"left\",\"title_element\":\"h2\",\"title_style\":\"h1\"},\"source\":{\"query\":{\"name\":\"pages.singlePage\"},\"props\":{\"content\":{\"filters\":{\"search\":\"\"},\"name\":\"title\"}}}}]}]},{\"type\":\"row\",\"children\":[{\"type\":\"column\",\"props\":{\"image_position\":\"center-center\",\"media_overlay_gradient\":\"\",\"position_sticky_breakpoint\":\"m\"},\"children\":[{\"type\":\"map\",\"props\":{\"controls\":true,\"dragging\":false,\"height\":\"300\",\"image_svg_color\":\"emphasis\",\"link_style\":\"default\",\"link_text\":\"Read more\",\"margin\":\"default\",\"max_zoom\":\"18\",\"meta_align\":\"below-title\",\"meta_element\":\"div\",\"meta_style\":\"text-meta\",\"min_zoom\":0,\"poi\":false,\"show_content\":true,\"show_image\":true,\"show_link\":true,\"show_meta\":true,\"show_title\":true,\"styler_hue\":\"#9500FF\",\"styler_invert_lightness\":false,\"styler_lightness\":\"0.86\",\"styler_saturation\":\"0.24\",\"title_element\":\"h3\",\"title_hover_style\":\"reset\",\"type\":\"roadmap\",\"zoom\":\"15\",\"zooming\":true},\"children\":[{\"type\":\"map_item\",\"props\":{\"location\":\"47.35767814549738,8.047830043141792\"}}]}]}]}],\"name\":\"Intro\"},{\"type\":\"section\",\"props\":{\"animation\":\"fade\",\"image_position\":\"center-center\",\"padding_remove_top\":false,\"style\":\"default\",\"title_breakpoint\":\"xl\",\"title_position\":\"top-left\",\"title_rotation\":\"left\",\"vertical_align\":\"middle\",\"width\":\"default\"},\"children\":[{\"type\":\"row\",\"children\":[{\"type\":\"column\",\"props\":{\"image_position\":\"center-center\",\"media_overlay_gradient\":\"\",\"position_sticky_breakpoint\":\"m\",\"width_medium\":\"3-4\"},\"children\":[{\"type\":\"image\",\"props\":{\"image\":\"wp-content\\\/uploads\\\/Blume_Beitrag_Rechts.svg\",\"image_svg_color\":\"emphasis\",\"margin\":\"default\",\"position\":\"absolute\",\"position_right\":\"-1000\",\"position_z_index\":\"0\",\"text_align\":\"right\",\"visibility\":\"l\"},\"name\":\"Blumen\"},{\"type\":\"panel\",\"props\":{\"content\":\"\n\n<p>[formidable id=1]<\\\/p>\",\"content_column_breakpoint\":\"m\",\"icon_width\":80,\"image_align\":\"top\",\"image_grid_breakpoint\":\"m\",\"image_grid_width\":\"1-2\",\"image_svg_color\":\"emphasis\",\"link_style\":\"default\",\"link_text\":\"Read more\",\"margin\":\"default\",\"meta_align\":\"below-title\",\"meta_element\":\"div\",\"meta_style\":\"text-meta\",\"panel_padding\":\"default\",\"panel_style\":\"card-primary\",\"title_align\":\"top\",\"title_element\":\"h3\",\"title_grid_breakpoint\":\"m\",\"title_grid_width\":\"1-2\",\"title_hover_style\":\"reset\"}}]},{\"type\":\"column\",\"props\":{\"image_position\":\"center-center\",\"media_overlay_gradient\":\"\",\"position_sticky\":\"column\",\"position_sticky_breakpoint\":\"m\",\"position_sticky_offset\":\"50\",\"width_medium\":\"1-4\"},\"children\":[{\"type\":\"list\",\"props\":{\"column_breakpoint\":\"m\",\"image_align\":\"left\",\"image_svg_color\":\"emphasis\",\"image_vertical_align\":true,\"list_element\":\"ul\",\"list_horizontal_separator\":\", \",\"list_size\":\"large\",\"list_type\":\"vertical\",\"show_image\":true,\"show_link\":true},\"children\":[{\"type\":\"list_item\",\"props\":{\"content\":\"Kontakt aufnehmen\",\"icon\":\"receiver\",\"link\":\"kontakt\\\/\"}}]}]}],\"props\":{\"column_gap\":\"large\",\"layout\":\"3-4,1-4\"}},{\"type\":\"row\",\"children\":[{\"type\":\"column\",\"props\":{\"image_position\":\"center-center\",\"media_overlay_gradient\":\"\",\"position_sticky_breakpoint\":\"m\",\"width_medium\":\"1-2\"},\"children\":[{\"type\":\"headline\",\"props\":{\"content\":\"So erreichen Sie uns\",\"title_element\":\"h2\"}},{\"type\":\"accordion\",\"props\":{\"collapsible\":true,\"content_column_breakpoint\":\"m\",\"image_align\":\"top\",\"image_grid_breakpoint\":\"m\",\"image_grid_width\":\"1-2\",\"image_svg_color\":\"emphasis\",\"link_style\":\"default\",\"link_text\":\"Read more\",\"maxwidth\":\"2xlarge\",\"show_image\":true,\"show_link\":true},\"children\":[{\"type\":\"accordion_item\",\"props\":{\"content\":\"\n\n<ul>\\n\n\n<li>Autobahn A 1<\\\/li>\\n\n\n<li>Ausfahrt Aarau WestRichtung<\\\/li>\\n\n\n<li>Aarau parallel zur Autobahn<\\\/li>\\n\n\n<li>Abzweigung Richtung Oberentfelden<\\\/li>\\n\n\n<li>Im Dorfzentrum Oberentfelden beim Postgeb\\u00e4ude nach 200m Richtung Suhr \\\/Aarau fahren<\\\/li>\\n\n\n<li>Nach 200m steht ein grosses weisses Geb\\u00e4ude mit dem roten Schriftzug \\u201edie Mobiliar\\u201c auf der linken Seite.<\\\/li>\\n\n\n<li>Es stehen Parkpl\\u00e4tze vor der Praxis gratis zur Verf\\u00fcgung.<\\\/li>\\n\n\n<li>Die grossz\\u00fcgigen Praxisr\\u00e4ume sind alle rollstuhlg\\u00e4ngig.<\\\/li>\\n<\\\/ul>\",\"title\":\"Per Auto\"}},{\"type\":\"accordion_item\",\"props\":{\"content\":\"\n\n<ul>\\n\n\n<li>An der Haltestelle Engelplatz aussteigen. Richtung reformierte Kirche.<\\\/li>\\n\n\n<li>3 Minuten zu Fuss.<\\\/li>\\n<\\\/ul>\",\"title\":\"Per Wynental-Suhrentalbahn (WSB)\"}},{\"type\":\"accordion_item\",\"props\":{\"content\":\"\n\n<ul>\\n\n\n<li>Beim Bahnhof Oberentfelden aussteigen. Richtung reformierte Kirche.<\\\/li>\\n\n\n<li>3 Minuten zu Fuss.<\\\/li>\\n<\\\/ul>\",\"title\":\"Per SBB\"}}]}]},{\"type\":\"column\",\"props\":{\"image_position\":\"center-center\",\"media_overlay_gradient\":\"\",\"position_sticky_breakpoint\":\"m\",\"width_medium\":\"1-2\"},\"children\":[{\"type\":\"headline\",\"props\":{\"content\":\"\\u00d6ffnungszeiten\",\"title_element\":\"h2\"}},{\"type\":\"text\",\"props\":{\"column_breakpoint\":\"m\",\"content\":\"\n\n<p>Montag \\u2013 Freitag von 07.00 bis 20.30 Uhr (Freitag bis 17.30 Uhr)<\\\/p>\\n\n\n<p><strong>Telefonzeiten:<br \\\/><\\\/strong>Montag \\u2013 Freitag von 07.30 bis 18.00 Uhr (Freitag bis 17.30 Uhr)<\\\/p>\\n\n\n<p><strong>Terminvereinbarungen und Termin\\u00e4nderungen k\\u00f6nnen wir nur telefonisch entgegennehmen. Wir bitten Sie, keine E-mails f\\u00fcr Termin\\u00e4nderungen zu schicken. Herzlichen Dank.<\\\/strong><\\\/p>\",\"margin\":\"default\"}}]}],\"props\":{\"layout\":\"1-2,1-2\"}}],\"name\":\"Content\"},{\"type\":\"section\",\"props\":{\"animation\":\"fade\",\"image_position\":\"center-center\",\"padding_remove_top\":false,\"style\":\"default\",\"title_breakpoint\":\"xl\",\"title_position\":\"top-left\",\"title_rotation\":\"left\",\"vertical_align\":\"middle\",\"width\":\"default\"},\"children\":[{\"type\":\"row\",\"children\":[{\"type\":\"column\",\"props\":{\"image_position\":\"center-center\",\"media_overlay_gradient\":\"\",\"position_sticky_breakpoint\":\"m\"},\"children\":[{\"type\":\"image\",\"props\":{\"image\":\"wp-content\\\/uploads\\\/Blume_Footer.svg\",\"image_svg_color\":\"emphasis\",\"margin\":\"default\",\"position\":\"absolute\",\"position_left\":\"-1200\",\"position_top\":\"-500\",\"position_z_index\":\"0\",\"visibility\":\"l\"},\"name\":\"Blumen\"},{\"name\":\"Terminvereinbaren\",\"type\":\"panel\",\"children\":null,\"props\":{\"block_align\":\"center\",\"content\":\"\n\n<p>Per Telefon: <a href=\\\"tel:+41627233858\\\">062 723 38 58<\\\/a> <br \\\/>Per Mail: <a href=\\\"mailto:info@amberg-zahnaerzte.ch\\\">info@amberg-zahnaerzte.ch<\\\/a><\\\/p>\",\"content_column_breakpoint\":\"m\",\"content_margin\":\"medium\",\"css\":\".el-element{border-radius:12px;}\",\"icon_width\":80,\"id\":\"panel-image-right\",\"image\":\"wp-content\\\/uploads\\\/Stephanie_Meier_freigestellt-e1657788203847.png\",\"image_align\":\"right\",\"image_alt\":\"Portrait Bild von Stephanie Meier, als Kontaktperson\",\"image_grid_breakpoint\":\"s\",\"image_grid_width\":\"1-3\",\"image_height\":\"500\",\"image_svg_color\":\"emphasis\",\"image_vertical_align\":true,\"image_width\":\"460\",\"link\":\"\\\/kontakt\",\"link_margin\":\"small\",\"link_style\":\"text\",\"link_text\":\"Termin vereinbaren\",\"margin\":\"default\",\"meta\":\"\",\"meta_align\":\"above-title\",\"meta_element\":\"div\",\"meta_margin\":\"small\",\"meta_style\":\"text-meta\",\"panel_image_no_padding\":true,\"panel_link\":false,\"panel_padding\":\"large\",\"panel_style\":\"tile-muted\",\"title\":\"Vereinbaren Sie noch heute Ihren Termin mit uns\",\"title_align\":\"top\",\"title_element\":\"h3\",\"title_grid_breakpoint\":\"m\",\"title_grid_width\":\"1-2\",\"title_hover_style\":\"reset\",\"title_margin\":\"small\",\"title_style\":\"h1\"}}]}]}],\"name\":\"Footer\"}],\"version\":\"3.0.25\",\"yooessentialsVersion\":\"1.9.3\"} --><\/p>\n","protected":false},"excerpt":{"rendered":"<p>47.35767814549738,8.047830043141792 Kontakt aufnehmen So erreichen Sie uns Per Auto Autobahn A 1 Ausfahrt Aarau WestRichtung Aarau parallel zur Autobahn Abzweigung Richtung Oberentfelden Im Dorfzentrum Oberentfelden beim Postgeb\u00e4ude nach 200m Richtung Suhr \/Aarau fahren Nach 200m steht ein grosses weisses Geb\u00e4ude mit dem roten Schriftzug \u201edie Mobiliar\u201c auf der linken Seite. Es stehen Parkpl\u00e4tze vor der [&hellip;]<\/p>\n","protected":false},"author":2,"featured_media":0,"parent":0,"menu_order":0,"comment_status":"closed","ping_status":"closed","template":"","meta":[],"acf":[],"yoast_head":"<!-- This site is optimized with the Yoast SEO plugin v20.1 - https:\/\/yoast.com\/wordpress\/plugins\/seo\/ -->\n<title>Kontakt &bull; Amberg Zahn\u00e4rzte<\/title>\n<meta name=\"description\" content=\"Ihr Zahnarzt in der Region Oberentfelden, Unterentfelden, Muhen, Holziken, Hirschtal, Sch\u00f6ftland, K\u00f6lliken, Aarau, Zofingen, Oftringen, Safenwil.\" \/>\n<meta name=\"robots\" content=\"index, follow, max-snippet:-1, max-image-preview:large, max-video-preview:-1\" \/>\n<link rel=\"canonical\" href=\"https:\/\/www.amberg-zahnaerzte.ch\/relaunch\/kontakt\/\" \/>\n<meta property=\"og:locale\" content=\"de_DE\" \/>\n<meta property=\"og:type\" content=\"article\" \/>\n<meta property=\"og:title\" content=\"Kontakt &bull; Amberg Zahn\u00e4rzte\" \/>\n<meta property=\"og:description\" content=\"Ihr Zahnarzt in der Region Oberentfelden, Unterentfelden, Muhen, Holziken, Hirschtal, Sch\u00f6ftland, K\u00f6lliken, Aarau, Zofingen, Oftringen, Safenwil.\" \/>\n<meta property=\"og:url\" content=\"https:\/\/www.amberg-zahnaerzte.ch\/relaunch\/kontakt\/\" \/>\n<meta property=\"og:site_name\" content=\"Amberg Zahn\u00e4rzte\" \/>\n<meta property=\"article:modified_time\" content=\"2023-02-14T15:42:12+00:00\" \/>\n<meta name=\"twitter:card\" content=\"summary_large_image\" \/>\n<meta name=\"twitter:label1\" content=\"Est. reading time\" \/>\n\t<meta name=\"twitter:data1\" content=\"3 Minuten\" \/>\n<script type=\"application\/ld+json\" class=\"yoast-schema-graph\">{\"@context\":\"https:\/\/schema.org\",\"@graph\":[{\"@type\":\"WebPage\",\"@id\":\"https:\/\/www.amberg-zahnaerzte.ch\/relaunch\/kontakt\/\",\"url\":\"https:\/\/www.amberg-zahnaerzte.ch\/relaunch\/kontakt\/\",\"name\":\"Kontakt &bull; Amberg Zahn\u00e4rzte\",\"isPartOf\":{\"@id\":\"https:\/\/www.amberg-zahnaerzte.ch\/relaunch\/#website\"},\"datePublished\":\"2022-07-11T12:40:20+00:00\",\"dateModified\":\"2023-02-14T15:42:12+00:00\",\"description\":\"Ihr Zahnarzt in der Region Oberentfelden, Unterentfelden, Muhen, Holziken, Hirschtal, Sch\u00f6ftland, K\u00f6lliken, Aarau, Zofingen, Oftringen, Safenwil.\",\"breadcrumb\":{\"@id\":\"https:\/\/www.amberg-zahnaerzte.ch\/relaunch\/kontakt\/#breadcrumb\"},\"inLanguage\":\"de-CH\",\"potentialAction\":[{\"@type\":\"ReadAction\",\"target\":[\"https:\/\/www.amberg-zahnaerzte.ch\/relaunch\/kontakt\/\"]}]},{\"@type\":\"BreadcrumbList\",\"@id\":\"https:\/\/www.amberg-zahnaerzte.ch\/relaunch\/kontakt\/#breadcrumb\",\"itemListElement\":[{\"@type\":\"ListItem\",\"position\":1,\"name\":\"Home\",\"item\":\"https:\/\/www.amberg-zahnaerzte.ch\/relaunch\/\"},{\"@type\":\"ListItem\",\"position\":2,\"name\":\"Kontakt\"}]},{\"@type\":\"WebSite\",\"@id\":\"https:\/\/www.amberg-zahnaerzte.ch\/relaunch\/#website\",\"url\":\"https:\/\/www.amberg-zahnaerzte.ch\/relaunch\/\",\"name\":\"Amberg Zahn\u00e4rzte\",\"description\":\"\",\"publisher\":{\"@id\":\"https:\/\/www.amberg-zahnaerzte.ch\/relaunch\/#organization\"},\"potentialAction\":[{\"@type\":\"SearchAction\",\"target\":{\"@type\":\"EntryPoint\",\"urlTemplate\":\"https:\/\/www.amberg-zahnaerzte.ch\/relaunch\/?s={search_term_string}\"},\"query-input\":\"required name=search_term_string\"}],\"inLanguage\":\"de-CH\"},{\"@type\":\"Organization\",\"@id\":\"https:\/\/www.amberg-zahnaerzte.ch\/relaunch\/#organization\",\"name\":\"Amberg Zahn\u00e4rzte\",\"url\":\"https:\/\/www.amberg-zahnaerzte.ch\/relaunch\/\",\"logo\":{\"@type\":\"ImageObject\",\"inLanguage\":\"de-CH\",\"@id\":\"https:\/\/www.amberg-zahnaerzte.ch\/relaunch\/#\/schema\/logo\/image\/\",\"url\":\"https:\/\/www.amberg-zahnaerzte.ch\/wp-content\/uploads\/logo_amberg.svg\",\"contentUrl\":\"https:\/\/www.amberg-zahnaerzte.ch\/wp-content\/uploads\/logo_amberg.svg\",\"width\":1,\"height\":1,\"caption\":\"Amberg Zahn\u00e4rzte\"},\"image\":{\"@id\":\"https:\/\/www.amberg-zahnaerzte.ch\/relaunch\/#\/schema\/logo\/image\/\"}}]}<\/script>\n<!-- \/ Yoast SEO plugin. -->","yoast_head_json":{"title":"Kontakt &bull; Amberg Zahn\u00e4rzte","description":"Ihr Zahnarzt in der Region Oberentfelden, Unterentfelden, Muhen, Holziken, Hirschtal, Sch\u00f6ftland, K\u00f6lliken, Aarau, Zofingen, Oftringen, Safenwil.","robots":{"index":"index","follow":"follow","max-snippet":"max-snippet:-1","max-image-preview":"max-image-preview:large","max-video-preview":"max-video-preview:-1"},"canonical":"https:\/\/www.amberg-zahnaerzte.ch\/relaunch\/kontakt\/","og_locale":"de_DE","og_type":"article","og_title":"Kontakt &bull; Amberg Zahn\u00e4rzte","og_description":"Ihr Zahnarzt in der Region Oberentfelden, Unterentfelden, Muhen, Holziken, Hirschtal, Sch\u00f6ftland, K\u00f6lliken, Aarau, Zofingen, Oftringen, Safenwil.","og_url":"https:\/\/www.amberg-zahnaerzte.ch\/relaunch\/kontakt\/","og_site_name":"Amberg Zahn\u00e4rzte","article_modified_time":"2023-02-14T15:42:12+00:00","twitter_card":"summary_large_image","twitter_misc":{"Est. reading time":"3 Minuten"},"schema":{"@context":"https:\/\/schema.org","@graph":[{"@type":"WebPage","@id":"https:\/\/www.amberg-zahnaerzte.ch\/relaunch\/kontakt\/","url":"https:\/\/www.amberg-zahnaerzte.ch\/relaunch\/kontakt\/","name":"Kontakt &bull; Amberg Zahn\u00e4rzte","isPartOf":{"@id":"https:\/\/www.amberg-zahnaerzte.ch\/relaunch\/#website"},"datePublished":"2022-07-11T12:40:20+00:00","dateModified":"2023-02-14T15:42:12+00:00","description":"Ihr Zahnarzt in der Region Oberentfelden, Unterentfelden, Muhen, Holziken, Hirschtal, Sch\u00f6ftland, K\u00f6lliken, Aarau, Zofingen, Oftringen, Safenwil.","breadcrumb":{"@id":"https:\/\/www.amberg-zahnaerzte.ch\/relaunch\/kontakt\/#breadcrumb"},"inLanguage":"de-CH","potentialAction":[{"@type":"ReadAction","target":["https:\/\/www.amberg-zahnaerzte.ch\/relaunch\/kontakt\/"]}]},{"@type":"BreadcrumbList","@id":"https:\/\/www.amberg-zahnaerzte.ch\/relaunch\/kontakt\/#breadcrumb","itemListElement":[{"@type":"ListItem","position":1,"name":"Home","item":"https:\/\/www.amberg-zahnaerzte.ch\/relaunch\/"},{"@type":"ListItem","position":2,"name":"Kontakt"}]},{"@type":"WebSite","@id":"https:\/\/www.amberg-zahnaerzte.ch\/relaunch\/#website","url":"https:\/\/www.amberg-zahnaerzte.ch\/relaunch\/","name":"Amberg Zahn\u00e4rzte","description":"","publisher":{"@id":"https:\/\/www.amberg-zahnaerzte.ch\/relaunch\/#organization"},"potentialAction":[{"@type":"SearchAction","target":{"@type":"EntryPoint","urlTemplate":"https:\/\/www.amberg-zahnaerzte.ch\/relaunch\/?s={search_term_string}"},"query-input":"required name=search_term_string"}],"inLanguage":"de-CH"},{"@type":"Organization","@id":"https:\/\/www.amberg-zahnaerzte.ch\/relaunch\/#organization","name":"Amberg Zahn\u00e4rzte","url":"https:\/\/www.amberg-zahnaerzte.ch\/relaunch\/","logo":{"@type":"ImageObject","inLanguage":"de-CH","@id":"https:\/\/www.amberg-zahnaerzte.ch\/relaunch\/#\/schema\/logo\/image\/","url":"https:\/\/www.amberg-zahnaerzte.ch\/wp-content\/uploads\/logo_amberg.svg","contentUrl":"https:\/\/www.amberg-zahnaerzte.ch\/wp-content\/uploads\/logo_amberg.svg","width":1,"height":1,"caption":"Amberg Zahn\u00e4rzte"},"image":{"@id":"https:\/\/www.amberg-zahnaerzte.ch\/relaunch\/#\/schema\/logo\/image\/"}}]}},"_links":{"self":[{"href":"https:\/\/www.amberg-zahnaerzte.ch\/relaunch\/wp-json\/wp\/v2\/pages\/74"}],"collection":[{"href":"https:\/\/www.amberg-zahnaerzte.ch\/relaunch\/wp-json\/wp\/v2\/pages"}],"about":[{"href":"https:\/\/www.amberg-zahnaerzte.ch\/relaunch\/wp-json\/wp\/v2\/types\/page"}],"author":[{"embeddable":true,"href":"https:\/\/www.amberg-zahnaerzte.ch\/relaunch\/wp-json\/wp\/v2\/users\/2"}],"replies":[{"embeddable":true,"href":"https:\/\/www.amberg-zahnaerzte.ch\/relaunch\/wp-json\/wp\/v2\/comments?post=74"}],"version-history":[{"count":29,"href":"https:\/\/www.amberg-zahnaerzte.ch\/relaunch\/wp-json\/wp\/v2\/pages\/74\/revisions"}],"predecessor-version":[{"id":1876,"href":"https:\/\/www.amberg-zahnaerzte.ch\/relaunch\/wp-json\/wp\/v2\/pages\/74\/revisions\/1876"}],"wp:attachment":[{"href":"https:\/\/www.amberg-zahnaerzte.ch\/relaunch\/wp-json\/wp\/v2\/media?parent=74"}],"curies":[{"name":"wp","href":"https:\/\/api.w.org\/{rel}","templated":true}]}}