{"id":78,"date":"2022-07-11T14:40:21","date_gmt":"2022-07-11T12:40:21","guid":{"rendered":"https:\/\/5.148.165.27\/plesk-site-preview\/www.amberg-zahnaerzte.ch\/https\/5.148.165.27?page_id=78"},"modified":"2023-02-14T09:12:47","modified_gmt":"2023-02-14T08:12:47","slug":"ueber-uns","status":"publish","type":"page","link":"https:\/\/www.amberg-zahnaerzte.ch\/relaunch\/praxis\/ueber-uns\/","title":{"rendered":"\u00dcber uns"},"content":{"rendered":"<p><img decoding=\"async\" src=\"\/relaunch\/wp-content\/uploads\/Blume_1-1.svg\" alt=\"\"><br \/>\n<img decoding=\"async\" src=\"\/relaunch\/wp-content\/uploads\/ueber_uns-scaled-e1670324156969.jpg\" alt=\"2 Zahn\u00e4rzte bei der Besprechung eines R\u00f6ntgenbildes\"><br \/>\n<img decoding=\"async\" src=\"\/relaunch\/wp-content\/uploads\/Blume_Beitrag_Rechts.svg\" alt=\"\"><\/p>\n<div>\n<h2>Gemeinsam die beste Behandlung finden<\/h2>\n<p>Die Zahnheilkunde wandelt sich rasant und erfordert eine permanente und intensive Auseinandersetzung mit einer komplexen Materie. Verantwortung heisst f\u00fcr uns, die modernste Technik, die neusten, aber bew\u00e4hrten Materialien und zahnmedizinischen Erkenntnisse mit der Konstitution, den W\u00fcnschen und M\u00f6glichkeiten unserer Patientinnen und Patienten zu vereinbaren.<\/p>\n<p>Wir nehmen uns Zeit f\u00fcr Beratungsgespr\u00e4che \u00fcber Therapiem\u00f6glichkeiten und Behandlungsmethoden. Ihre Fragen besprechen wir im echten Dialog und ber\u00fccksichtigen Ihre individuellen Bed\u00fcrfnisse und auch finanziellen M\u00f6glichkeiten. Damit Sie die Gewissheit haben, die richtige Entscheidung zu treffen.<\/p>\n<\/div>\n<div>\n<p><a href=\"\/relaunch\/kontakt\/plesk-site-preview\/www.amberg-zahnaerzte.ch\/https\/5.148.165.27\/plesk-site-preview\/plesk-site-preview\/www.amberg-zahnaerzte.ch\/https\/5.148.165.27\/www.amberg-zahnaerzte.ch\/plesk-site-preview\/www.amberg-zahnaerzte.ch\/https\/5.148.165.27\/https\/plesk-site-preview\/www.amberg-zahnaerzte.ch\/https\/5.148.165.27\/5.148.165.27\/plesk-site-preview\/www.amberg-zahnaerzte.ch\/https\/5.148.165.27\/\">Kontakt aufnehmen<\/a><\/p>\n<\/div>\n<div>\n<h3>WERTSCH\u00c4TZUNG<\/h3>\n<div>\n<p>Wir respektieren die Werte und Bed\u00fcrfnisse unserer Patientinnen und Patienten, Mitarbeiterinnen und Mitarbeitern und nehmen unsere Verantwortung ernst.<\/p>\n<\/div>\n<\/div>\n<div>\n<h3>WISSEN<\/h3>\n<div>\n<p>Das bedeutet f\u00fcr uns: Professionalit\u00e4t, Bildung und Ressourcennutzung. Wir nutzen alle uns zur Verf\u00fcgung stehenden fachlichen und personellen Mittel und werden nie aufh\u00f6ren, uns aus- und weiterzubilden.<\/p>\n<\/div>\n<\/div>\n<div>\n<h3>WEITBLICK<\/h3>\n<div>\n<p>Wir sind nicht allwissend &#8211; aber immer offen f\u00fcr neue Ideen, Techniken und Methoden. Wir l\u00f6sen unsere Aufgaben mit innovativen Ans\u00e4tzen, gest\u00fctzt auf etablierte Erkenntnisse aus der unabh\u00e4ngigen universit\u00e4ren Forschung.\u00a0<\/p>\n<\/div>\n<\/div>\n<p><img decoding=\"async\" src=\"\/relaunch\/wp-content\/uploads\/Blume_Footer.svg\" alt=\"\"><\/p>\n<div>\n<p>        <img decoding=\"async\" src=\"\/relaunch\/wp-content\/uploads\/Stephanie_Meier_freigestellt-e1657788203847.png\" alt=\"Portrait Bild von Stephanie Meier, als Kontaktperson\"><\/p>\n<h3>Vereinbaren Sie noch heute <br \/> Ihren Termin mit uns<\/h3>\n<div>\n<p>Per Telefon: <a href=\"telto:+41627233858\">062 723 38 58<\/a> <br \/>Per Mail: <a href=\"mailto:info@amberg-zahnaerzte.ch\">info@amberg-zahnaerzte.ch<\/a><\/p>\n<\/div>\n<p><a href=\"\/kontakt\">Termin vereinbaren<\/a><\/p>\n<\/div>\n<p><!--more--><br \/>\n<!-- {\"name\":\"Template_Content_BackUP\",\"type\":\"layout\",\"children\":[{\"type\":\"section\",\"props\":{\"image_position\":\"center-center\",\"padding\":\"xsmall\",\"padding_remove_top\":false,\"style\":\"default\",\"title_breakpoint\":\"xl\",\"title_position\":\"top-left\",\"title_rotation\":\"left\",\"vertical_align\":\"middle\",\"width\":\"default\"},\"children\":[{\"type\":\"row\",\"children\":[{\"type\":\"column\",\"props\":{\"image_position\":\"center-center\",\"media_overlay_gradient\":\"\",\"position_sticky_breakpoint\":\"m\"},\"children\":[{\"type\":\"breadcrumbs\",\"props\":{\"home_text\":\"<svg width=\\\"17\\\" height=\\\"17\\\" viewBox=\\\"0 0 20 20\\\" xmlns=\\\"http:\\\/\\\/www.w3.org\\\/2000\\\/svg\\\"><polygon points=\\\"18.65 11.35 10 2.71 1.35 11.35 0.65 10.65 10 1.29 19.35 10.65\\\"><\\\/polygon><polygon points=\\\"15 4 18 4 18 7 17 7 17 5 15 5\\\"><\\\/polygon><polygon points=\\\"3 11 4 11 4 18 7 18 7 12 12 12 12 18 16 18 16 11 17 11 17 19 11 19 11 13 8 13 8 19 3 19\\\"><\\\/polygon><\\\/svg>\",\"show_current\":true,\"show_home\":true}}]}]}],\"name\":\"Breadcrumbs\"},{\"type\":\"section\",\"props\":{\"image_position\":\"center-center\",\"padding\":\"xsmall\",\"padding_remove_top\":false,\"style\":\"default\",\"title_breakpoint\":\"xl\",\"title_position\":\"top-left\",\"title_rotation\":\"left\",\"vertical_align\":\"middle\",\"width\":\"default\"},\"children\":[{\"type\":\"row\",\"children\":[{\"type\":\"column\",\"props\":{\"image_position\":\"center-center\",\"media_overlay_gradient\":\"\",\"position_sticky_breakpoint\":\"m\"},\"children\":[{\"type\":\"image\",\"props\":{\"image\":\"wp-content\\\/uploads\\\/Blume_1-1.svg\",\"image_svg_color\":\"emphasis\",\"margin\":\"default\",\"position\":\"absolute\",\"position_left\":\"-500\",\"position_top\":\"100\",\"visibility\":\"l\"},\"name\":\"Blumen\"},{\"type\":\"headline\",\"props\":{\"margin\":\"small\",\"margin_remove_bottom\":true,\"margin_remove_top\":false,\"text_align\":\"left\",\"title_element\":\"h2\",\"title_style\":\"h1\"},\"source\":{\"query\":{\"name\":\"pages.singlePage\"},\"props\":{\"content\":{\"filters\":{\"search\":\"\"},\"name\":\"title\"}}}},{\"type\":\"image\",\"props\":{\"css\":\".el-image{border-radius:10px;}\",\"image\":\"wp-content\\\/uploads\\\/ueber_uns-scaled-e1670324156969.jpg\",\"image_alt\":\"2 Zahn\\u00e4rzte bei der Besprechung eines R\\u00f6ntgenbildes\",\"image_border\":\"rounded\",\"image_height\":\"500\",\"image_svg_color\":\"emphasis\",\"image_width\":\"1200\",\"margin\":\"default\"}}]}]}],\"name\":\"Intro\"},{\"type\":\"section\",\"props\":{\"image_position\":\"center-center\",\"padding_remove_top\":true,\"style\":\"default\",\"title_breakpoint\":\"xl\",\"title_position\":\"top-left\",\"title_rotation\":\"left\",\"vertical_align\":\"middle\",\"width\":\"default\"},\"children\":[{\"type\":\"row\",\"children\":[{\"type\":\"column\",\"props\":{\"image_position\":\"center-center\",\"media_overlay_gradient\":\"\",\"position_sticky_breakpoint\":\"m\",\"width_medium\":\"3-4\"},\"children\":[{\"type\":\"image\",\"props\":{\"image\":\"wp-content\\\/uploads\\\/Blume_Beitrag_Rechts.svg\",\"image_svg_color\":\"emphasis\",\"margin\":\"default\",\"position\":\"absolute\",\"position_right\":\"-1000\",\"position_z_index\":\"0\",\"text_align\":\"right\",\"visibility\":\"l\"},\"name\":\"Blumen\"},{\"type\":\"text\",\"props\":{\"column_breakpoint\":\"m\",\"content\":\"\n\n<h2>Gemeinsam die beste Behandlung finden<\\\/h2>\\n\n\n<p>Die Zahnheilkunde wandelt sich rasant und erfordert eine permanente und intensive Auseinandersetzung mit einer komplexen Materie. Verantwortung heisst f\\u00fcr uns, die modernste Technik, die neusten, aber bew\\u00e4hrten Materialien und zahnmedizinischen Erkenntnisse mit der Konstitution, den W\\u00fcnschen und M\\u00f6glichkeiten unserer Patientinnen und Patienten zu vereinbaren.<\\\/p>\\n\n\n<p>Wir nehmen uns Zeit f\\u00fcr Beratungsgespr\\u00e4che \\u00fcber Therapiem\\u00f6glichkeiten und Behandlungsmethoden. Ihre Fragen besprechen wir im echten Dialog und ber\\u00fccksichtigen Ihre individuellen Bed\\u00fcrfnisse und auch finanziellen M\\u00f6glichkeiten. Damit Sie die Gewissheit haben, die richtige Entscheidung zu treffen.<\\\/p>\",\"margin\":\"default\",\"margin_remove_top\":false}}]},{\"type\":\"column\",\"props\":{\"image_position\":\"center-center\",\"media_overlay_gradient\":\"\",\"position_sticky\":\"column\",\"position_sticky_breakpoint\":\"m\",\"position_sticky_offset\":\"50\",\"width_medium\":\"1-4\"},\"children\":[{\"type\":\"list\",\"props\":{\"column_breakpoint\":\"m\",\"image_align\":\"left\",\"image_svg_color\":\"emphasis\",\"image_vertical_align\":true,\"list_element\":\"ul\",\"list_horizontal_separator\":\", \",\"list_size\":\"large\",\"list_type\":\"vertical\",\"show_image\":true,\"show_link\":true},\"children\":[{\"type\":\"list_item\",\"props\":{\"content\":\"Kontakt aufnehmen\",\"icon\":\"receiver\",\"link\":\"kontakt\\\/plesk-site-preview\\\/www.amberg-zahnaerzte.ch\\\/https\\\/5.148.165.27\\\/plesk-site-preview\\\/plesk-site-preview\\\/www.amberg-zahnaerzte.ch\\\/https\\\/5.148.165.27\\\/www.amberg-zahnaerzte.ch\\\/plesk-site-preview\\\/www.amberg-zahnaerzte.ch\\\/https\\\/5.148.165.27\\\/https\\\/plesk-site-preview\\\/www.amberg-zahnaerzte.ch\\\/https\\\/5.148.165.27\\\/5.148.165.27\\\/plesk-site-preview\\\/www.amberg-zahnaerzte.ch\\\/https\\\/5.148.165.27\\\/\"}}]}]}],\"props\":{\"column_gap\":\"large\",\"layout\":\"3-4,1-4\"}},{\"type\":\"row\",\"props\":{\"column_gap\":\"small\",\"layout\":\"1-3,1-3,1-3\",\"match\":true,\"row_gap\":\"large\"},\"children\":[{\"type\":\"column\",\"props\":{\"image_position\":\"center-center\",\"media_overlay_gradient\":\"\",\"position_sticky_breakpoint\":\"m\",\"width_medium\":\"1-3\"},\"children\":[{\"name\":\"Panel Style Card Primary\",\"type\":\"panel\",\"children\":null,\"props\":{\"block_align\":\"center\",\"content\":\"\n\n<p>Wir respektieren die Werte und Bed\\u00fcrfnisse unserer Patientinnen und Patienten, Mitarbeiterinnen und Mitarbeitern und nehmen unsere Verantwortung ernst.<\\\/p>\",\"content_column_breakpoint\":\"m\",\"content_margin\":\"small\",\"icon_width\":80,\"id\":\"panel-style-card-primary\",\"image\":\"\",\"image_align\":\"top\",\"image_grid_breakpoint\":\"m\",\"image_grid_width\":\"1-2\",\"image_height\":\"50\",\"image_svg_color\":\"primary\",\"image_svg_inline\":true,\"image_width\":\"50\",\"link_style\":\"default\",\"link_text\":\"Read more\",\"margin\":\"default\",\"meta\":\"\",\"meta_align\":\"above-title\",\"meta_element\":\"div\",\"meta_style\":\"text-meta\",\"panel_card_image\":false,\"panel_padding\":\"default\",\"panel_style\":\"card-secondary\",\"title\":\"WERTSCH\\u00c4TZUNG\",\"title_align\":\"top\",\"title_element\":\"h3\",\"title_grid_breakpoint\":\"m\",\"title_grid_width\":\"1-2\",\"title_hover_style\":\"reset\"}}]},{\"type\":\"column\",\"props\":{\"image_position\":\"center-center\",\"media_overlay_gradient\":\"\",\"position_sticky_breakpoint\":\"m\",\"width_medium\":\"1-3\"},\"children\":[{\"name\":\"Panel Style Card Primary\",\"type\":\"panel\",\"children\":null,\"props\":{\"block_align\":\"center\",\"content\":\"\n\n<p>Das bedeutet f\\u00fcr uns: Professionalit\\u00e4t, Bildung und Ressourcennutzung. Wir nutzen alle uns zur Verf\\u00fcgung stehenden fachlichen und personellen Mittel und werden nie aufh\\u00f6ren, uns aus- und weiterzubilden.<\\\/p>\",\"content_column_breakpoint\":\"m\",\"content_margin\":\"small\",\"icon_width\":80,\"id\":\"panel-style-card-primary\",\"image\":\"\",\"image_align\":\"top\",\"image_grid_breakpoint\":\"m\",\"image_grid_width\":\"1-2\",\"image_height\":\"50\",\"image_svg_color\":\"primary\",\"image_svg_inline\":true,\"image_width\":\"50\",\"link_style\":\"default\",\"link_text\":\"Read more\",\"margin\":\"default\",\"meta\":\"\",\"meta_align\":\"above-title\",\"meta_element\":\"div\",\"meta_style\":\"text-meta\",\"panel_card_image\":false,\"panel_padding\":\"default\",\"panel_style\":\"card-secondary\",\"title\":\"WISSEN\",\"title_align\":\"top\",\"title_element\":\"h3\",\"title_grid_breakpoint\":\"m\",\"title_grid_width\":\"1-2\",\"title_hover_style\":\"reset\"}}]},{\"type\":\"column\",\"props\":{\"image_position\":\"center-center\",\"media_overlay_gradient\":\"\",\"position_sticky_breakpoint\":\"m\",\"width_medium\":\"1-3\"},\"children\":[{\"name\":\"Panel Style Card Primary\",\"type\":\"panel\",\"children\":null,\"props\":{\"block_align\":\"center\",\"content\":\"\n\n<p>Wir sind nicht allwissend - aber immer offen f\\u00fcr neue Ideen, Techniken und Methoden. Wir l\\u00f6sen unsere Aufgaben mit innovativen Ans\\u00e4tzen, gest\\u00fctzt auf etablierte Erkenntnisse aus der unabh\\u00e4ngigen universit\\u00e4ren Forschung.\\u00a0<\\\/p>\",\"content_column_breakpoint\":\"m\",\"content_margin\":\"small\",\"icon_width\":80,\"id\":\"panel-style-card-primary\",\"image\":\"\",\"image_align\":\"top\",\"image_grid_breakpoint\":\"m\",\"image_grid_width\":\"1-2\",\"image_height\":\"50\",\"image_svg_color\":\"primary\",\"image_svg_inline\":true,\"image_width\":\"50\",\"link_style\":\"default\",\"link_text\":\"Read more\",\"margin\":\"default\",\"meta\":\"\",\"meta_align\":\"above-title\",\"meta_element\":\"div\",\"meta_style\":\"text-meta\",\"panel_card_image\":false,\"panel_padding\":\"default\",\"panel_style\":\"card-secondary\",\"title\":\"WEITBLICK\",\"title_align\":\"top\",\"title_element\":\"h3\",\"title_grid_breakpoint\":\"m\",\"title_grid_width\":\"1-2\",\"title_hover_style\":\"reset\"}}]}]}],\"name\":\"Content\"},{\"type\":\"section\",\"props\":{\"image_position\":\"center-center\",\"padding_remove_top\":false,\"style\":\"default\",\"title_breakpoint\":\"xl\",\"title_position\":\"top-left\",\"title_rotation\":\"left\",\"vertical_align\":\"middle\",\"width\":\"default\"},\"children\":[{\"type\":\"row\",\"children\":[{\"type\":\"column\",\"props\":{\"image_position\":\"center-center\",\"media_overlay_gradient\":\"\",\"position_sticky_breakpoint\":\"m\"},\"children\":[{\"type\":\"image\",\"props\":{\"image\":\"wp-content\\\/uploads\\\/Blume_Footer.svg\",\"image_svg_color\":\"emphasis\",\"margin\":\"default\",\"position\":\"absolute\",\"position_left\":\"-1200\",\"position_top\":\"-500\",\"position_z_index\":\"0\",\"visibility\":\"l\"},\"name\":\"Blumen\"},{\"name\":\"Panel Image Right\",\"type\":\"panel\",\"children\":null,\"props\":{\"block_align\":\"center\",\"content\":\"\n\n<p>Per Telefon: <a href=\\\"telto:+41627233858\\\">062 723 38 58<\\\/a> <br \\\/>Per Mail: <a href=\\\"mailto:info@amberg-zahnaerzte.ch\\\">info@amberg-zahnaerzte.ch<\\\/a><\\\/p>\",\"content_column_breakpoint\":\"m\",\"content_margin\":\"medium\",\"css\":\".el-element{border-radius:12px;}\",\"icon_width\":80,\"id\":\"panel-image-right\",\"image\":\"wp-content\\\/uploads\\\/Stephanie_Meier_freigestellt-e1657788203847.png\",\"image_align\":\"right\",\"image_alt\":\"Portrait Bild von Stephanie Meier, als Kontaktperson\",\"image_grid_breakpoint\":\"s\",\"image_grid_width\":\"1-3\",\"image_height\":\"500\",\"image_svg_color\":\"emphasis\",\"image_vertical_align\":true,\"image_width\":\"460\",\"link\":\"\\\/kontakt\",\"link_margin\":\"small\",\"link_style\":\"text\",\"link_text\":\"Termin vereinbaren\",\"margin\":\"default\",\"meta\":\"\",\"meta_align\":\"above-title\",\"meta_element\":\"div\",\"meta_margin\":\"small\",\"meta_style\":\"text-meta\",\"panel_image_no_padding\":true,\"panel_link\":false,\"panel_padding\":\"large\",\"panel_style\":\"tile-muted\",\"title\":\"Vereinbaren Sie noch heute <br \/> Ihren Termin mit uns\",\"title_align\":\"top\",\"title_element\":\"h3\",\"title_grid_breakpoint\":\"m\",\"title_grid_width\":\"1-2\",\"title_hover_style\":\"reset\",\"title_margin\":\"small\",\"title_style\":\"h1\"}}]}]}],\"name\":\"Footer\"}],\"version\":\"3.0.25\",\"yooessentialsVersion\":\"1.9.3\"} --><\/p>\n","protected":false},"excerpt":{"rendered":"<p>Gemeinsam die beste Behandlung finden Die Zahnheilkunde wandelt sich rasant und erfordert eine permanente und intensive Auseinandersetzung mit einer komplexen Materie. Verantwortung heisst f\u00fcr uns, die modernste Technik, die neusten, aber bew\u00e4hrten Materialien und zahnmedizinischen Erkenntnisse mit der Konstitution, den W\u00fcnschen und M\u00f6glichkeiten unserer Patientinnen und Patienten zu vereinbaren. Wir nehmen uns Zeit f\u00fcr Beratungsgespr\u00e4che [&hellip;]<\/p>\n","protected":false},"author":2,"featured_media":1372,"parent":850,"menu_order":5,"comment_status":"closed","ping_status":"closed","template":"","meta":[],"acf":[],"yoast_head":"<!-- This site is optimized with the Yoast SEO plugin v20.1 - https:\/\/yoast.com\/wordpress\/plugins\/seo\/ -->\n<title>\u00dcber uns &bull; Amberg Zahn\u00e4rzte<\/title>\n<meta name=\"robots\" content=\"index, follow, max-snippet:-1, max-image-preview:large, max-video-preview:-1\" \/>\n<link rel=\"canonical\" href=\"https:\/\/www.amberg-zahnaerzte.ch\/relaunch\/praxis\/ueber-uns\/\" \/>\n<meta property=\"og:locale\" content=\"de_DE\" \/>\n<meta property=\"og:type\" content=\"article\" \/>\n<meta property=\"og:title\" content=\"\u00dcber uns &bull; Amberg Zahn\u00e4rzte\" \/>\n<meta property=\"og:description\" content=\"Gemeinsam die beste Behandlung finden Die Zahnheilkunde wandelt sich rasant und erfordert eine permanente und intensive Auseinandersetzung mit einer komplexen Materie. Verantwortung heisst f\u00fcr uns, die modernste Technik, die neusten, aber bew\u00e4hrten Materialien und zahnmedizinischen Erkenntnisse mit der Konstitution, den W\u00fcnschen und M\u00f6glichkeiten unserer Patientinnen und Patienten zu vereinbaren. Wir nehmen uns Zeit f\u00fcr Beratungsgespr\u00e4che [&hellip;]\" \/>\n<meta property=\"og:url\" content=\"https:\/\/www.amberg-zahnaerzte.ch\/relaunch\/praxis\/ueber-uns\/\" \/>\n<meta property=\"og:site_name\" content=\"Amberg Zahn\u00e4rzte\" \/>\n<meta property=\"article:modified_time\" content=\"2023-02-14T08:12:47+00:00\" \/>\n<meta property=\"og:image\" content=\"https:\/\/www.amberg-zahnaerzte.ch\/relaunch\/wp-content\/uploads\/ueber_uns-scaled-e1670324156969.jpg\" \/>\n\t<meta property=\"og:image:width\" content=\"2560\" \/>\n\t<meta property=\"og:image:height\" content=\"1120\" \/>\n\t<meta property=\"og:image:type\" content=\"image\/jpeg\" \/>\n<meta name=\"twitter:card\" content=\"summary_large_image\" \/>\n<meta name=\"twitter:label1\" content=\"Est. reading time\" \/>\n\t<meta name=\"twitter:data1\" content=\"4 Minuten\" \/>\n<script type=\"application\/ld+json\" class=\"yoast-schema-graph\">{\"@context\":\"https:\/\/schema.org\",\"@graph\":[{\"@type\":\"WebPage\",\"@id\":\"https:\/\/www.amberg-zahnaerzte.ch\/relaunch\/praxis\/ueber-uns\/\",\"url\":\"https:\/\/www.amberg-zahnaerzte.ch\/relaunch\/praxis\/ueber-uns\/\",\"name\":\"\u00dcber uns &bull; Amberg Zahn\u00e4rzte\",\"isPartOf\":{\"@id\":\"https:\/\/www.amberg-zahnaerzte.ch\/relaunch\/#website\"},\"datePublished\":\"2022-07-11T12:40:21+00:00\",\"dateModified\":\"2023-02-14T08:12:47+00:00\",\"breadcrumb\":{\"@id\":\"https:\/\/www.amberg-zahnaerzte.ch\/relaunch\/praxis\/ueber-uns\/#breadcrumb\"},\"inLanguage\":\"de-CH\",\"potentialAction\":[{\"@type\":\"ReadAction\",\"target\":[\"https:\/\/www.amberg-zahnaerzte.ch\/relaunch\/praxis\/ueber-uns\/\"]}]},{\"@type\":\"BreadcrumbList\",\"@id\":\"https:\/\/www.amberg-zahnaerzte.ch\/relaunch\/praxis\/ueber-uns\/#breadcrumb\",\"itemListElement\":[{\"@type\":\"ListItem\",\"position\":1,\"name\":\"Home\",\"item\":\"https:\/\/www.amberg-zahnaerzte.ch\/relaunch\/\"},{\"@type\":\"ListItem\",\"position\":2,\"name\":\"Praxis\",\"item\":\"https:\/\/www.amberg-zahnaerzte.ch\/relaunch\/praxis\/\"},{\"@type\":\"ListItem\",\"position\":3,\"name\":\"\u00dcber uns\"}]},{\"@type\":\"WebSite\",\"@id\":\"https:\/\/www.amberg-zahnaerzte.ch\/relaunch\/#website\",\"url\":\"https:\/\/www.amberg-zahnaerzte.ch\/relaunch\/\",\"name\":\"Amberg Zahn\u00e4rzte\",\"description\":\"\",\"publisher\":{\"@id\":\"https:\/\/www.amberg-zahnaerzte.ch\/relaunch\/#organization\"},\"potentialAction\":[{\"@type\":\"SearchAction\",\"target\":{\"@type\":\"EntryPoint\",\"urlTemplate\":\"https:\/\/www.amberg-zahnaerzte.ch\/relaunch\/?s={search_term_string}\"},\"query-input\":\"required name=search_term_string\"}],\"inLanguage\":\"de-CH\"},{\"@type\":\"Organization\",\"@id\":\"https:\/\/www.amberg-zahnaerzte.ch\/relaunch\/#organization\",\"name\":\"Amberg Zahn\u00e4rzte\",\"url\":\"https:\/\/www.amberg-zahnaerzte.ch\/relaunch\/\",\"logo\":{\"@type\":\"ImageObject\",\"inLanguage\":\"de-CH\",\"@id\":\"https:\/\/www.amberg-zahnaerzte.ch\/relaunch\/#\/schema\/logo\/image\/\",\"url\":\"https:\/\/www.amberg-zahnaerzte.ch\/wp-content\/uploads\/logo_amberg.svg\",\"contentUrl\":\"https:\/\/www.amberg-zahnaerzte.ch\/wp-content\/uploads\/logo_amberg.svg\",\"width\":1,\"height\":1,\"caption\":\"Amberg Zahn\u00e4rzte\"},\"image\":{\"@id\":\"https:\/\/www.amberg-zahnaerzte.ch\/relaunch\/#\/schema\/logo\/image\/\"}}]}<\/script>\n<!-- \/ Yoast SEO plugin. -->","yoast_head_json":{"title":"\u00dcber uns &bull; Amberg Zahn\u00e4rzte","robots":{"index":"index","follow":"follow","max-snippet":"max-snippet:-1","max-image-preview":"max-image-preview:large","max-video-preview":"max-video-preview:-1"},"canonical":"https:\/\/www.amberg-zahnaerzte.ch\/relaunch\/praxis\/ueber-uns\/","og_locale":"de_DE","og_type":"article","og_title":"\u00dcber uns &bull; Amberg Zahn\u00e4rzte","og_description":"Gemeinsam die beste Behandlung finden Die Zahnheilkunde wandelt sich rasant und erfordert eine permanente und intensive Auseinandersetzung mit einer komplexen Materie. Verantwortung heisst f\u00fcr uns, die modernste Technik, die neusten, aber bew\u00e4hrten Materialien und zahnmedizinischen Erkenntnisse mit der Konstitution, den W\u00fcnschen und M\u00f6glichkeiten unserer Patientinnen und Patienten zu vereinbaren. Wir nehmen uns Zeit f\u00fcr Beratungsgespr\u00e4che [&hellip;]","og_url":"https:\/\/www.amberg-zahnaerzte.ch\/relaunch\/praxis\/ueber-uns\/","og_site_name":"Amberg Zahn\u00e4rzte","article_modified_time":"2023-02-14T08:12:47+00:00","og_image":[{"width":2560,"height":1120,"url":"https:\/\/www.amberg-zahnaerzte.ch\/relaunch\/wp-content\/uploads\/ueber_uns-scaled-e1670324156969.jpg","type":"image\/jpeg"}],"twitter_card":"summary_large_image","twitter_misc":{"Est. reading time":"4 Minuten"},"schema":{"@context":"https:\/\/schema.org","@graph":[{"@type":"WebPage","@id":"https:\/\/www.amberg-zahnaerzte.ch\/relaunch\/praxis\/ueber-uns\/","url":"https:\/\/www.amberg-zahnaerzte.ch\/relaunch\/praxis\/ueber-uns\/","name":"\u00dcber uns &bull; Amberg Zahn\u00e4rzte","isPartOf":{"@id":"https:\/\/www.amberg-zahnaerzte.ch\/relaunch\/#website"},"datePublished":"2022-07-11T12:40:21+00:00","dateModified":"2023-02-14T08:12:47+00:00","breadcrumb":{"@id":"https:\/\/www.amberg-zahnaerzte.ch\/relaunch\/praxis\/ueber-uns\/#breadcrumb"},"inLanguage":"de-CH","potentialAction":[{"@type":"ReadAction","target":["https:\/\/www.amberg-zahnaerzte.ch\/relaunch\/praxis\/ueber-uns\/"]}]},{"@type":"BreadcrumbList","@id":"https:\/\/www.amberg-zahnaerzte.ch\/relaunch\/praxis\/ueber-uns\/#breadcrumb","itemListElement":[{"@type":"ListItem","position":1,"name":"Home","item":"https:\/\/www.amberg-zahnaerzte.ch\/relaunch\/"},{"@type":"ListItem","position":2,"name":"Praxis","item":"https:\/\/www.amberg-zahnaerzte.ch\/relaunch\/praxis\/"},{"@type":"ListItem","position":3,"name":"\u00dcber uns"}]},{"@type":"WebSite","@id":"https:\/\/www.amberg-zahnaerzte.ch\/relaunch\/#website","url":"https:\/\/www.amberg-zahnaerzte.ch\/relaunch\/","name":"Amberg Zahn\u00e4rzte","description":"","publisher":{"@id":"https:\/\/www.amberg-zahnaerzte.ch\/relaunch\/#organization"},"potentialAction":[{"@type":"SearchAction","target":{"@type":"EntryPoint","urlTemplate":"https:\/\/www.amberg-zahnaerzte.ch\/relaunch\/?s={search_term_string}"},"query-input":"required name=search_term_string"}],"inLanguage":"de-CH"},{"@type":"Organization","@id":"https:\/\/www.amberg-zahnaerzte.ch\/relaunch\/#organization","name":"Amberg Zahn\u00e4rzte","url":"https:\/\/www.amberg-zahnaerzte.ch\/relaunch\/","logo":{"@type":"ImageObject","inLanguage":"de-CH","@id":"https:\/\/www.amberg-zahnaerzte.ch\/relaunch\/#\/schema\/logo\/image\/","url":"https:\/\/www.amberg-zahnaerzte.ch\/wp-content\/uploads\/logo_amberg.svg","contentUrl":"https:\/\/www.amberg-zahnaerzte.ch\/wp-content\/uploads\/logo_amberg.svg","width":1,"height":1,"caption":"Amberg Zahn\u00e4rzte"},"image":{"@id":"https:\/\/www.amberg-zahnaerzte.ch\/relaunch\/#\/schema\/logo\/image\/"}}]}},"_links":{"self":[{"href":"https:\/\/www.amberg-zahnaerzte.ch\/relaunch\/wp-json\/wp\/v2\/pages\/78"}],"collection":[{"href":"https:\/\/www.amberg-zahnaerzte.ch\/relaunch\/wp-json\/wp\/v2\/pages"}],"about":[{"href":"https:\/\/www.amberg-zahnaerzte.ch\/relaunch\/wp-json\/wp\/v2\/types\/page"}],"author":[{"embeddable":true,"href":"https:\/\/www.amberg-zahnaerzte.ch\/relaunch\/wp-json\/wp\/v2\/users\/2"}],"replies":[{"embeddable":true,"href":"https:\/\/www.amberg-zahnaerzte.ch\/relaunch\/wp-json\/wp\/v2\/comments?post=78"}],"version-history":[{"count":13,"href":"https:\/\/www.amberg-zahnaerzte.ch\/relaunch\/wp-json\/wp\/v2\/pages\/78\/revisions"}],"predecessor-version":[{"id":1804,"href":"https:\/\/www.amberg-zahnaerzte.ch\/relaunch\/wp-json\/wp\/v2\/pages\/78\/revisions\/1804"}],"up":[{"embeddable":true,"href":"https:\/\/www.amberg-zahnaerzte.ch\/relaunch\/wp-json\/wp\/v2\/pages\/850"}],"wp:featuredmedia":[{"embeddable":true,"href":"https:\/\/www.amberg-zahnaerzte.ch\/relaunch\/wp-json\/wp\/v2\/media\/1372"}],"wp:attachment":[{"href":"https:\/\/www.amberg-zahnaerzte.ch\/relaunch\/wp-json\/wp\/v2\/media?parent=78"}],"curies":[{"name":"wp","href":"https:\/\/api.w.org\/{rel}","templated":true}]}}