{"id":79,"date":"2022-07-11T14:40:21","date_gmt":"2022-07-11T12:40:21","guid":{"rendered":"https:\/\/5.148.165.27\/plesk-site-preview\/www.amberg-zahnaerzte.ch\/https\/5.148.165.27?page_id=79"},"modified":"2023-01-18T09:58:57","modified_gmt":"2023-01-18T08:58:57","slug":"praxisraeume","status":"publish","type":"page","link":"https:\/\/www.amberg-zahnaerzte.ch\/relaunch\/praxis\/praxisraeume\/","title":{"rendered":"Praxisr\u00e4ume"},"content":{"rendered":"\n<h2>Treten Sie ein!<\/h2>\n\n\n\n<p>Die Praxis in Oberentfelden ist bequem mit \u00f6ffentlichen Verkehrsmitteln erreichbar und rollstuhlg\u00e4ngig eingerichtet. Die R\u00e4ume sind hell und grossz\u00fcgig und schaffen eine angenehme, ruhige Atmosph\u00e4re.<\/p>\n\n\n\n\n    <div id=\"wk-grid197\" class=\"uk-child-width-1-3 uk-grid-small \"  uk-grid=\"masonry: true\"  uk-lightbox=\"container: .uk-gallery-container; toggle: a[data-js-lightbox]\">\n\n            \n        <div>\n        \n<div class=\"uk-panel\">\n\n    \n        <div class=\"uk-inline-clip uk-transition-toggle \">\n\n            <img src=\"\/relaunch\/wp-content\/uploads\/Zimmer_Roentgen_F.jpg\" class=\"uk-transition-scale-up uk-transition-opaque\" alt=\"Zimmer Roentgen F\" width=\"1772\" height=\"1181\">\n            \n                        <div class=\"uk-overlay uk-overlay-primary uk-position-cover uk-transition-fade\"><\/div>\n            \n                            <div class=\"uk-position-center uk-light\">\n                    <span class=\"uk-transition-fade\" uk-overlay-icon><\/span>\n                <\/div>\n            \n                                                                        <a class=\"uk-position-cover\" data-js-lightbox href=\"\/relaunch\/wp-content\/uploads\/Zimmer_Roentgen_F.jpg\" data-type=\"image\" data-caption=\"Zimmer Roentgen F\"><\/a>\n                                                \n        <\/div>\n\n    \n    \n        \n        \n    \n    \n<\/div>\n        <\/div>\n\n                    \n        <div>\n        \n<div class=\"uk-panel\">\n\n    \n        <div class=\"uk-inline-clip uk-transition-toggle \">\n\n            <img src=\"\/relaunch\/wp-content\/uploads\/Zimmer_02_FAV9.jpg\" class=\"uk-transition-scale-up uk-transition-opaque\" alt=\"Zimmer 02 FAV9\" width=\"1772\" height=\"1181\">\n            \n                        <div class=\"uk-overlay uk-overlay-primary uk-position-cover uk-transition-fade\"><\/div>\n            \n                            <div class=\"uk-position-center uk-light\">\n                    <span class=\"uk-transition-fade\" uk-overlay-icon><\/span>\n                <\/div>\n            \n                                                                        <a class=\"uk-position-cover\" data-js-lightbox href=\"\/relaunch\/wp-content\/uploads\/Zimmer_02_FAV9.jpg\" data-type=\"image\" data-caption=\"Zimmer 02 FAV9\"><\/a>\n                                                \n        <\/div>\n\n    \n    \n        \n        \n    \n    \n<\/div>\n        <\/div>\n\n                    \n        <div>\n        \n<div class=\"uk-panel\">\n\n    \n        <div class=\"uk-inline-clip uk-transition-toggle \">\n\n            <img src=\"\/relaunch\/wp-content\/uploads\/Zimmer_05FAV06.jpg\" class=\"uk-transition-scale-up uk-transition-opaque\" alt=\"Zimmer 05FAV06\" width=\"1772\" height=\"1181\">\n            \n                        <div class=\"uk-overlay uk-overlay-primary uk-position-cover uk-transition-fade\"><\/div>\n            \n                            <div class=\"uk-position-center uk-light\">\n                    <span class=\"uk-transition-fade\" uk-overlay-icon><\/span>\n                <\/div>\n            \n                                                                        <a class=\"uk-position-cover\" data-js-lightbox href=\"\/relaunch\/wp-content\/uploads\/Zimmer_05FAV06.jpg\" data-type=\"image\" data-caption=\"Zimmer 05FAV06\"><\/a>\n                                                \n        <\/div>\n\n    \n    \n        \n        \n    \n    \n<\/div>\n        <\/div>\n\n                    \n        <div>\n        \n<div class=\"uk-panel\">\n\n    \n        <div class=\"uk-inline-clip uk-transition-toggle \">\n\n            <img src=\"\/relaunch\/wp-content\/uploads\/Zimmer_4_008.jpg\" class=\"uk-transition-scale-up uk-transition-opaque\" alt=\"Zimmer 4 008\" width=\"1772\" height=\"1181\">\n            \n                        <div class=\"uk-overlay uk-overlay-primary uk-position-cover uk-transition-fade\"><\/div>\n            \n                            <div class=\"uk-position-center uk-light\">\n                    <span class=\"uk-transition-fade\" uk-overlay-icon><\/span>\n                <\/div>\n            \n                                                                        <a class=\"uk-position-cover\" data-js-lightbox href=\"\/relaunch\/wp-content\/uploads\/Zimmer_4_008.jpg\" data-type=\"image\" data-caption=\"Zimmer 4 008\"><\/a>\n                                                \n        <\/div>\n\n    \n    \n        \n        \n    \n    \n<\/div>\n        <\/div>\n\n                    \n        <div>\n        \n<div class=\"uk-panel\">\n\n    \n        <div class=\"uk-inline-clip uk-transition-toggle \">\n\n            <img src=\"\/relaunch\/wp-content\/uploads\/Zimmer_01_008.jpg\" class=\"uk-transition-scale-up uk-transition-opaque\" alt=\"Zimmer 01 008\" width=\"1772\" height=\"1181\">\n            \n                        <div class=\"uk-overlay uk-overlay-primary uk-position-cover uk-transition-fade\"><\/div>\n            \n                            <div class=\"uk-position-center uk-light\">\n                    <span class=\"uk-transition-fade\" uk-overlay-icon><\/span>\n                <\/div>\n            \n                                                                        <a class=\"uk-position-cover\" data-js-lightbox href=\"\/relaunch\/wp-content\/uploads\/Zimmer_01_008.jpg\" data-type=\"image\" data-caption=\"Zimmer 01 008\"><\/a>\n                                                \n        <\/div>\n\n    \n    \n        \n        \n    \n    \n<\/div>\n        <\/div>\n\n                    \n        <div>\n        \n<div class=\"uk-panel\">\n\n    \n        <div class=\"uk-inline-clip uk-transition-toggle \">\n\n            <img src=\"\/relaunch\/wp-content\/uploads\/Zimmer_3_00F8.jpg\" class=\"uk-transition-scale-up uk-transition-opaque\" alt=\"Zimmer 3 00F8\" width=\"1772\" height=\"1181\">\n            \n                        <div class=\"uk-overlay uk-overlay-primary uk-position-cover uk-transition-fade\"><\/div>\n            \n                            <div class=\"uk-position-center uk-light\">\n                    <span class=\"uk-transition-fade\" uk-overlay-icon><\/span>\n                <\/div>\n            \n                                                                        <a class=\"uk-position-cover\" data-js-lightbox href=\"\/relaunch\/wp-content\/uploads\/Zimmer_3_00F8.jpg\" data-type=\"image\" data-caption=\"Zimmer 3 00F8\"><\/a>\n                                                \n        <\/div>\n\n    \n    \n        \n        \n    \n    \n<\/div>\n        <\/div>\n\n                    \n        <div>\n        \n<div class=\"uk-panel\">\n\n    \n        <div class=\"uk-inline-clip uk-transition-toggle \">\n\n            <img src=\"\/relaunch\/wp-content\/uploads\/Steri_031-1772x1181-1.jpg\" class=\"uk-transition-scale-up uk-transition-opaque\" alt=\"Steri 031 1772x1181\" width=\"1772\" height=\"1181\">\n            \n                        <div class=\"uk-overlay uk-overlay-primary uk-position-cover uk-transition-fade\"><\/div>\n            \n                            <div class=\"uk-position-center uk-light\">\n                    <span class=\"uk-transition-fade\" uk-overlay-icon><\/span>\n                <\/div>\n            \n                                                                        <a class=\"uk-position-cover\" data-js-lightbox href=\"\/relaunch\/wp-content\/uploads\/Steri_031-1772x1181-1.jpg\" data-type=\"image\" data-caption=\"Steri 031 1772x1181\"><\/a>\n                                                \n        <\/div>\n\n    \n    \n        \n        \n    \n    \n<\/div>\n        <\/div>\n\n            \n    <\/div>\n\n\n\n<script>\n\n    (function(UIkit){\n\n        var $ = UIkit.util;\n\n        $.ready(function () {\n            if (!$.$('.uk-gallery-container')) {\n                $.append(document.body, '<div class=\"uk-scope uk-gallery-container\">');\n            }\n        });\n\n    })(window.UIkitwk || window.UIkit);\n\n<\/script>\n\n\n\n\n<div style=\"height:100px\" aria-hidden=\"true\" class=\"wp-block-spacer\"><\/div>\n\n\n\n\n    <div id=\"wk-grid04f\" class=\"uk-child-width-1-3 uk-grid-small \"  uk-grid=\"masonry: true\"  uk-lightbox=\"container: .uk-gallery-container; toggle: a[data-js-lightbox]\">\n\n            \n        <div>\n        \n<div class=\"uk-panel\">\n\n    \n        <div class=\"uk-inline-clip uk-transition-toggle \">\n\n            <img src=\"\/relaunch\/wp-content\/uploads\/Empfang_04_028_Web.jpg\" class=\"uk-transition-scale-up uk-transition-opaque\" alt=\"Empfang 04 028 Web\" width=\"1772\" height=\"1188\">\n            \n                        <div class=\"uk-overlay uk-overlay-primary uk-position-cover uk-transition-fade\"><\/div>\n            \n                            <div class=\"uk-position-center uk-light\">\n                    <span class=\"uk-transition-fade\" uk-overlay-icon><\/span>\n                <\/div>\n            \n                                                                        <a class=\"uk-position-cover\" data-js-lightbox href=\"\/relaunch\/wp-content\/uploads\/Empfang_04_028_Web.jpg\" data-type=\"image\" data-caption=\"Empfang 04 028 Web\"><\/a>\n                                                \n        <\/div>\n\n    \n    \n        \n        \n    \n    \n<\/div>\n        <\/div>\n\n                    \n        <div>\n        \n<div class=\"uk-panel\">\n\n    \n        <div class=\"uk-inline-clip uk-transition-toggle \">\n\n            <img src=\"\/relaunch\/wp-content\/uploads\/Empfang_Bewegt_007_Web.jpg\" class=\"uk-transition-scale-up uk-transition-opaque\" alt=\"Empfang Bewegt 007 Web\" width=\"1772\" height=\"1181\">\n            \n                        <div class=\"uk-overlay uk-overlay-primary uk-position-cover uk-transition-fade\"><\/div>\n            \n                            <div class=\"uk-position-center uk-light\">\n                    <span class=\"uk-transition-fade\" uk-overlay-icon><\/span>\n                <\/div>\n            \n                                                                        <a class=\"uk-position-cover\" data-js-lightbox href=\"\/relaunch\/wp-content\/uploads\/Empfang_Bewegt_007_Web.jpg\" data-type=\"image\" data-caption=\"Empfang Bewegt 007 Web\"><\/a>\n                                                \n        <\/div>\n\n    \n    \n        \n        \n    \n    \n<\/div>\n        <\/div>\n\n                    \n        <div>\n        \n<div class=\"uk-panel\">\n\n    \n        <div class=\"uk-inline-clip uk-transition-toggle \">\n\n            <img src=\"\/relaunch\/wp-content\/uploads\/FRIENDS_02_036_Web.jpg\" class=\"uk-transition-scale-up uk-transition-opaque\" alt=\"FRIENDS 02 036 Web\" width=\"1772\" height=\"1181\">\n            \n                        <div class=\"uk-overlay uk-overlay-primary uk-position-cover uk-transition-fade\"><\/div>\n            \n                            <div class=\"uk-position-center uk-light\">\n                    <span class=\"uk-transition-fade\" uk-overlay-icon><\/span>\n                <\/div>\n            \n                                                                        <a class=\"uk-position-cover\" data-js-lightbox href=\"\/relaunch\/wp-content\/uploads\/FRIENDS_02_036_Web.jpg\" data-type=\"image\" data-caption=\"FRIENDS 02 036 Web\"><\/a>\n                                                \n        <\/div>\n\n    \n    \n        \n        \n    \n    \n<\/div>\n        <\/div>\n\n            \n    <\/div>\n\n\n\n<script>\n\n    (function(UIkit){\n\n        var $ = UIkit.util;\n\n        $.ready(function () {\n            if (!$.$('.uk-gallery-container')) {\n                $.append(document.body, '<div class=\"uk-scope uk-gallery-container\">');\n            }\n        });\n\n    })(window.UIkitwk || window.UIkit);\n\n<\/script>\n\n\n\n\n<div style=\"height:100px\" aria-hidden=\"true\" class=\"wp-block-spacer\"><\/div>\n\n\n\n\n    <div id=\"wk-grid322\" class=\"uk-child-width-1-3 uk-grid-small \"  uk-grid=\"masonry: true\"  uk-lightbox=\"container: .uk-gallery-container; toggle: a[data-js-lightbox]\">\n\n            \n        <div>\n        \n<div class=\"uk-panel\">\n\n    \n        <div class=\"uk-inline-clip uk-transition-toggle \">\n\n            <img src=\"\/relaunch\/wp-content\/uploads\/DSC_9855-2.jpg\" class=\"uk-transition-scale-up uk-transition-opaque\" alt=\"DSC 9855 2\" width=\"1772\" height=\"1181\">\n            \n                        <div class=\"uk-overlay uk-overlay-primary uk-position-cover uk-transition-fade\"><\/div>\n            \n                            <div class=\"uk-position-center uk-light\">\n                    <span class=\"uk-transition-fade\" uk-overlay-icon><\/span>\n                <\/div>\n            \n                                                                        <a class=\"uk-position-cover\" data-js-lightbox href=\"\/relaunch\/wp-content\/uploads\/DSC_9855-2.jpg\" data-type=\"image\" data-caption=\"DSC 9855 2\"><\/a>\n                                                \n        <\/div>\n\n    \n    \n        \n        \n    \n    \n<\/div>\n        <\/div>\n\n                    \n        <div>\n        \n<div class=\"uk-panel\">\n\n    \n        <div class=\"uk-inline-clip uk-transition-toggle \">\n\n            <img src=\"\/relaunch\/wp-content\/uploads\/DSC_9888.jpg\" class=\"uk-transition-scale-up uk-transition-opaque\" alt=\"DSC 9888\" width=\"1772\" height=\"1181\">\n            \n                        <div class=\"uk-overlay uk-overlay-primary uk-position-cover uk-transition-fade\"><\/div>\n            \n                            <div class=\"uk-position-center uk-light\">\n                    <span class=\"uk-transition-fade\" uk-overlay-icon><\/span>\n                <\/div>\n            \n                                                                        <a class=\"uk-position-cover\" data-js-lightbox href=\"\/relaunch\/wp-content\/uploads\/DSC_9888.jpg\" data-type=\"image\" data-caption=\"DSC 9888\"><\/a>\n                                                \n        <\/div>\n\n    \n    \n        \n        \n    \n    \n<\/div>\n        <\/div>\n\n            \n    <\/div>\n\n\n\n<script>\n\n    (function(UIkit){\n\n        var $ = UIkit.util;\n\n        $.ready(function () {\n            if (!$.$('.uk-gallery-container')) {\n                $.append(document.body, '<div class=\"uk-scope uk-gallery-container\">');\n            }\n        });\n\n    })(window.UIkitwk || window.UIkit);\n\n<\/script>\n\n","protected":false},"excerpt":{"rendered":"<p>Treten Sie ein! Die Praxis in Oberentfelden ist bequem mit \u00f6ffentlichen Verkehrsmitteln erreichbar und rollstuhlg\u00e4ngig eingerichtet. Die R\u00e4ume sind hell und grossz\u00fcgig und schaffen eine angenehme, ruhige Atmosph\u00e4re.<\/p>\n","protected":false},"author":2,"featured_media":698,"parent":850,"menu_order":15,"comment_status":"closed","ping_status":"closed","template":"","meta":[],"acf":[],"yoast_head":"<!-- This site is optimized with the Yoast SEO plugin v20.1 - https:\/\/yoast.com\/wordpress\/plugins\/seo\/ -->\n<title>Praxisr\u00e4ume &bull; Amberg Zahn\u00e4rzte<\/title>\n<meta name=\"description\" content=\"Top modern eingerichtete, klinisch saubere Behandlungszimmer, wohnliche Empfangs- und B\u00fcror\u00e4ume zeichnen unsere Praxis in Oberentfelden aus.\" \/>\n<meta name=\"robots\" content=\"index, follow, max-snippet:-1, max-image-preview:large, max-video-preview:-1\" \/>\n<link rel=\"canonical\" href=\"https:\/\/www.amberg-zahnaerzte.ch\/relaunch\/praxis\/praxisraeume\/\" \/>\n<meta property=\"og:locale\" content=\"de_DE\" \/>\n<meta property=\"og:type\" content=\"article\" \/>\n<meta property=\"og:title\" content=\"Praxisr\u00e4ume &bull; Amberg Zahn\u00e4rzte\" \/>\n<meta property=\"og:description\" content=\"Top modern eingerichtete, klinisch saubere Behandlungszimmer, wohnliche Empfangs- und B\u00fcror\u00e4ume zeichnen unsere Praxis in Oberentfelden aus.\" \/>\n<meta property=\"og:url\" content=\"https:\/\/www.amberg-zahnaerzte.ch\/relaunch\/praxis\/praxisraeume\/\" \/>\n<meta property=\"og:site_name\" content=\"Amberg Zahn\u00e4rzte\" \/>\n<meta property=\"article:modified_time\" content=\"2023-01-18T08:58:57+00:00\" \/>\n<meta property=\"og:image\" content=\"https:\/\/www.amberg-zahnaerzte.ch\/relaunch\/wp-content\/uploads\/Empfang_Bewegt_007.jpg\" \/>\n\t<meta property=\"og:image:width\" content=\"1772\" \/>\n\t<meta property=\"og:image:height\" content=\"1181\" \/>\n\t<meta property=\"og:image:type\" content=\"image\/jpeg\" \/>\n<meta name=\"twitter:card\" content=\"summary_large_image\" \/>\n<meta name=\"twitter:label1\" content=\"Est. reading time\" \/>\n\t<meta name=\"twitter:data1\" content=\"1 Minute\" \/>\n<script type=\"application\/ld+json\" class=\"yoast-schema-graph\">{\"@context\":\"https:\/\/schema.org\",\"@graph\":[{\"@type\":\"WebPage\",\"@id\":\"https:\/\/www.amberg-zahnaerzte.ch\/relaunch\/praxis\/praxisraeume\/\",\"url\":\"https:\/\/www.amberg-zahnaerzte.ch\/relaunch\/praxis\/praxisraeume\/\",\"name\":\"Praxisr\u00e4ume &bull; Amberg Zahn\u00e4rzte\",\"isPartOf\":{\"@id\":\"https:\/\/www.amberg-zahnaerzte.ch\/relaunch\/#website\"},\"datePublished\":\"2022-07-11T12:40:21+00:00\",\"dateModified\":\"2023-01-18T08:58:57+00:00\",\"description\":\"Top modern eingerichtete, klinisch saubere Behandlungszimmer, wohnliche Empfangs- und B\u00fcror\u00e4ume zeichnen unsere Praxis in Oberentfelden aus.\",\"breadcrumb\":{\"@id\":\"https:\/\/www.amberg-zahnaerzte.ch\/relaunch\/praxis\/praxisraeume\/#breadcrumb\"},\"inLanguage\":\"de-CH\",\"potentialAction\":[{\"@type\":\"ReadAction\",\"target\":[\"https:\/\/www.amberg-zahnaerzte.ch\/relaunch\/praxis\/praxisraeume\/\"]}]},{\"@type\":\"BreadcrumbList\",\"@id\":\"https:\/\/www.amberg-zahnaerzte.ch\/relaunch\/praxis\/praxisraeume\/#breadcrumb\",\"itemListElement\":[{\"@type\":\"ListItem\",\"position\":1,\"name\":\"Home\",\"item\":\"https:\/\/www.amberg-zahnaerzte.ch\/relaunch\/\"},{\"@type\":\"ListItem\",\"position\":2,\"name\":\"Praxis\",\"item\":\"https:\/\/www.amberg-zahnaerzte.ch\/relaunch\/praxis\/\"},{\"@type\":\"ListItem\",\"position\":3,\"name\":\"Praxisr\u00e4ume\"}]},{\"@type\":\"WebSite\",\"@id\":\"https:\/\/www.amberg-zahnaerzte.ch\/relaunch\/#website\",\"url\":\"https:\/\/www.amberg-zahnaerzte.ch\/relaunch\/\",\"name\":\"Amberg Zahn\u00e4rzte\",\"description\":\"\",\"publisher\":{\"@id\":\"https:\/\/www.amberg-zahnaerzte.ch\/relaunch\/#organization\"},\"potentialAction\":[{\"@type\":\"SearchAction\",\"target\":{\"@type\":\"EntryPoint\",\"urlTemplate\":\"https:\/\/www.amberg-zahnaerzte.ch\/relaunch\/?s={search_term_string}\"},\"query-input\":\"required name=search_term_string\"}],\"inLanguage\":\"de-CH\"},{\"@type\":\"Organization\",\"@id\":\"https:\/\/www.amberg-zahnaerzte.ch\/relaunch\/#organization\",\"name\":\"Amberg Zahn\u00e4rzte\",\"url\":\"https:\/\/www.amberg-zahnaerzte.ch\/relaunch\/\",\"logo\":{\"@type\":\"ImageObject\",\"inLanguage\":\"de-CH\",\"@id\":\"https:\/\/www.amberg-zahnaerzte.ch\/relaunch\/#\/schema\/logo\/image\/\",\"url\":\"https:\/\/www.amberg-zahnaerzte.ch\/wp-content\/uploads\/logo_amberg.svg\",\"contentUrl\":\"https:\/\/www.amberg-zahnaerzte.ch\/wp-content\/uploads\/logo_amberg.svg\",\"width\":1,\"height\":1,\"caption\":\"Amberg Zahn\u00e4rzte\"},\"image\":{\"@id\":\"https:\/\/www.amberg-zahnaerzte.ch\/relaunch\/#\/schema\/logo\/image\/\"}}]}<\/script>\n<!-- \/ Yoast SEO plugin. -->","yoast_head_json":{"title":"Praxisr\u00e4ume &bull; Amberg Zahn\u00e4rzte","description":"Top modern eingerichtete, klinisch saubere Behandlungszimmer, wohnliche Empfangs- und B\u00fcror\u00e4ume zeichnen unsere Praxis in Oberentfelden aus.","robots":{"index":"index","follow":"follow","max-snippet":"max-snippet:-1","max-image-preview":"max-image-preview:large","max-video-preview":"max-video-preview:-1"},"canonical":"https:\/\/www.amberg-zahnaerzte.ch\/relaunch\/praxis\/praxisraeume\/","og_locale":"de_DE","og_type":"article","og_title":"Praxisr\u00e4ume &bull; Amberg Zahn\u00e4rzte","og_description":"Top modern eingerichtete, klinisch saubere Behandlungszimmer, wohnliche Empfangs- und B\u00fcror\u00e4ume zeichnen unsere Praxis in Oberentfelden aus.","og_url":"https:\/\/www.amberg-zahnaerzte.ch\/relaunch\/praxis\/praxisraeume\/","og_site_name":"Amberg Zahn\u00e4rzte","article_modified_time":"2023-01-18T08:58:57+00:00","og_image":[{"width":1772,"height":1181,"url":"https:\/\/www.amberg-zahnaerzte.ch\/relaunch\/wp-content\/uploads\/Empfang_Bewegt_007.jpg","type":"image\/jpeg"}],"twitter_card":"summary_large_image","twitter_misc":{"Est. reading time":"1 Minute"},"schema":{"@context":"https:\/\/schema.org","@graph":[{"@type":"WebPage","@id":"https:\/\/www.amberg-zahnaerzte.ch\/relaunch\/praxis\/praxisraeume\/","url":"https:\/\/www.amberg-zahnaerzte.ch\/relaunch\/praxis\/praxisraeume\/","name":"Praxisr\u00e4ume &bull; Amberg Zahn\u00e4rzte","isPartOf":{"@id":"https:\/\/www.amberg-zahnaerzte.ch\/relaunch\/#website"},"datePublished":"2022-07-11T12:40:21+00:00","dateModified":"2023-01-18T08:58:57+00:00","description":"Top modern eingerichtete, klinisch saubere Behandlungszimmer, wohnliche Empfangs- und B\u00fcror\u00e4ume zeichnen unsere Praxis in Oberentfelden aus.","breadcrumb":{"@id":"https:\/\/www.amberg-zahnaerzte.ch\/relaunch\/praxis\/praxisraeume\/#breadcrumb"},"inLanguage":"de-CH","potentialAction":[{"@type":"ReadAction","target":["https:\/\/www.amberg-zahnaerzte.ch\/relaunch\/praxis\/praxisraeume\/"]}]},{"@type":"BreadcrumbList","@id":"https:\/\/www.amberg-zahnaerzte.ch\/relaunch\/praxis\/praxisraeume\/#breadcrumb","itemListElement":[{"@type":"ListItem","position":1,"name":"Home","item":"https:\/\/www.amberg-zahnaerzte.ch\/relaunch\/"},{"@type":"ListItem","position":2,"name":"Praxis","item":"https:\/\/www.amberg-zahnaerzte.ch\/relaunch\/praxis\/"},{"@type":"ListItem","position":3,"name":"Praxisr\u00e4ume"}]},{"@type":"WebSite","@id":"https:\/\/www.amberg-zahnaerzte.ch\/relaunch\/#website","url":"https:\/\/www.amberg-zahnaerzte.ch\/relaunch\/","name":"Amberg Zahn\u00e4rzte","description":"","publisher":{"@id":"https:\/\/www.amberg-zahnaerzte.ch\/relaunch\/#organization"},"potentialAction":[{"@type":"SearchAction","target":{"@type":"EntryPoint","urlTemplate":"https:\/\/www.amberg-zahnaerzte.ch\/relaunch\/?s={search_term_string}"},"query-input":"required name=search_term_string"}],"inLanguage":"de-CH"},{"@type":"Organization","@id":"https:\/\/www.amberg-zahnaerzte.ch\/relaunch\/#organization","name":"Amberg Zahn\u00e4rzte","url":"https:\/\/www.amberg-zahnaerzte.ch\/relaunch\/","logo":{"@type":"ImageObject","inLanguage":"de-CH","@id":"https:\/\/www.amberg-zahnaerzte.ch\/relaunch\/#\/schema\/logo\/image\/","url":"https:\/\/www.amberg-zahnaerzte.ch\/wp-content\/uploads\/logo_amberg.svg","contentUrl":"https:\/\/www.amberg-zahnaerzte.ch\/wp-content\/uploads\/logo_amberg.svg","width":1,"height":1,"caption":"Amberg Zahn\u00e4rzte"},"image":{"@id":"https:\/\/www.amberg-zahnaerzte.ch\/relaunch\/#\/schema\/logo\/image\/"}}]}},"_links":{"self":[{"href":"https:\/\/www.amberg-zahnaerzte.ch\/relaunch\/wp-json\/wp\/v2\/pages\/79"}],"collection":[{"href":"https:\/\/www.amberg-zahnaerzte.ch\/relaunch\/wp-json\/wp\/v2\/pages"}],"about":[{"href":"https:\/\/www.amberg-zahnaerzte.ch\/relaunch\/wp-json\/wp\/v2\/types\/page"}],"author":[{"embeddable":true,"href":"https:\/\/www.amberg-zahnaerzte.ch\/relaunch\/wp-json\/wp\/v2\/users\/2"}],"replies":[{"embeddable":true,"href":"https:\/\/www.amberg-zahnaerzte.ch\/relaunch\/wp-json\/wp\/v2\/comments?post=79"}],"version-history":[{"count":2,"href":"https:\/\/www.amberg-zahnaerzte.ch\/relaunch\/wp-json\/wp\/v2\/pages\/79\/revisions"}],"predecessor-version":[{"id":1672,"href":"https:\/\/www.amberg-zahnaerzte.ch\/relaunch\/wp-json\/wp\/v2\/pages\/79\/revisions\/1672"}],"up":[{"embeddable":true,"href":"https:\/\/www.amberg-zahnaerzte.ch\/relaunch\/wp-json\/wp\/v2\/pages\/850"}],"wp:featuredmedia":[{"embeddable":true,"href":"https:\/\/www.amberg-zahnaerzte.ch\/relaunch\/wp-json\/wp\/v2\/media\/698"}],"wp:attachment":[{"href":"https:\/\/www.amberg-zahnaerzte.ch\/relaunch\/wp-json\/wp\/v2\/media?parent=79"}],"curies":[{"name":"wp","href":"https:\/\/api.w.org\/{rel}","templated":true}]}}