{"id":81,"date":"2022-07-11T14:40:21","date_gmt":"2022-07-11T12:40:21","guid":{"rendered":"https:\/\/5.148.165.27\/plesk-site-preview\/www.amberg-zahnaerzte.ch\/https\/5.148.165.27?page_id=81"},"modified":"2023-01-17T15:35:30","modified_gmt":"2023-01-17T14:35:30","slug":"geschichte","status":"publish","type":"page","link":"https:\/\/www.amberg-zahnaerzte.ch\/relaunch\/praxis\/geschichte\/","title":{"rendered":"Seit 1884 im Dienst der Gesundheit"},"content":{"rendered":"\n<figure class=\"is-layout-flex wp-block-gallery-1 wp-block-gallery has-nested-images columns-default is-cropped\">\n<figure class=\"wp-block-image size-large\"><img decoding=\"async\" loading=\"lazy\" width=\"402\" height=\"478\" data-id=\"474\"  src=\"\/wp-content\/uploads\/Geschichte_Amberg_2.jpg\" alt=\"\" class=\"wp-image-474\" srcset=\"https:\/\/www.amberg-zahnaerzte.ch\/relaunch\/wp-content\/uploads\/Geschichte_Amberg_2.jpg 402w, https:\/\/www.amberg-zahnaerzte.ch\/relaunch\/wp-content\/uploads\/Geschichte_Amberg_2-252x300.jpg 252w\" sizes=\"(max-width: 402px) 100vw, 402px\" \/><\/figure>\n\n\n\n<figure class=\"wp-block-image size-large\"><img decoding=\"async\" loading=\"lazy\" width=\"396\" height=\"588\" data-id=\"475\"  src=\"\/wp-content\/uploads\/Geschichte_Amberg_3.jpg\" alt=\"\" class=\"wp-image-475\" srcset=\"https:\/\/www.amberg-zahnaerzte.ch\/relaunch\/wp-content\/uploads\/Geschichte_Amberg_3.jpg 396w, https:\/\/www.amberg-zahnaerzte.ch\/relaunch\/wp-content\/uploads\/Geschichte_Amberg_3-202x300.jpg 202w\" sizes=\"(max-width: 396px) 100vw, 396px\" \/><\/figure>\n\n\n\n<figure class=\"wp-block-image size-large\"><img decoding=\"async\" loading=\"lazy\" width=\"1024\" height=\"708\" data-id=\"1289\"  src=\"\/wp-content\/uploads\/Siegfried_Amberg_Web-1024x708.jpg\" alt=\"\" class=\"wp-image-1289\" srcset=\"https:\/\/www.amberg-zahnaerzte.ch\/relaunch\/wp-content\/uploads\/Siegfried_Amberg_Web-1024x708.jpg 1024w, https:\/\/www.amberg-zahnaerzte.ch\/relaunch\/wp-content\/uploads\/Siegfried_Amberg_Web-300x208.jpg 300w, https:\/\/www.amberg-zahnaerzte.ch\/relaunch\/wp-content\/uploads\/Siegfried_Amberg_Web-768x531.jpg 768w, https:\/\/www.amberg-zahnaerzte.ch\/relaunch\/wp-content\/uploads\/Siegfried_Amberg_Web.jpg 1080w\" sizes=\"(max-width: 1024px) 100vw, 1024px\" \/><\/figure>\n<\/figure>\n\n\n\n<h2>Was f\u00fcr eine Geschichte!<\/h2>\n\n\n\n<h4>Der Urgrossvater<\/h4>\n\n\n\n<p>Bereits seit vier Generationen ist unsere Familie in der Medizin t\u00e4tig. Anton Amberg (*1853) war Hausarzt und praktizierte von 1884 bis 1920 in Ettiswil (LU), bis er seine Praxis an seinen Sohn Siegfried Anton Amberg \u00fcbergab. Anton war aber weiterhin in einer neu er\u00f6ffneten Praxis in Sursee aktiv, bis zu seinem Tod 1924.<\/p>\n\n\n\n<h4>Der Grossvater<\/h4>\n\n\n\n<p>Siegfried Anton Amberg (*1885), unser Grossvater, f\u00fchrte die Praxis in Ettiswil erfolgreich weiter, u.a. nach einem Ausbildungseinsatz auf der chirurgischen Abteilung im Allgemeinen Krankenhaus in Wien. Die Jahre in der Donaustadt w\u00e4hrend des ersten Weltkrieges waren f\u00fcr den jungen Arzt pr\u00e4gend. So war er nach dem Kriegsende als Rotkreuzdelegierter auf dem Balkan im Einsatz. Seine Frau Selina Adelina (* 1898) aus Stans war derweilen f\u00fcr die Rezepturen und die Herstellung der Medikamente sowie die Administration der Arztpraxis verantwortlich. In unserem Familienarchiv befindet sich immer noch ihr sorgf\u00e4ltig handgeschriebenes Rezeptheft f\u00fcr viele Hausmittel, die den Patienten verordnet wurden. Unvergessen sind die Erz\u00e4hlungen unseres Vaters, wie er als kleiner Junge in verschneiten Wintern\u00e4chten mit dem Pferdeschlitten seinen Vater zu Hausgeburten im Luzerner Hinterland begleiten durfte.<\/p>\n\n\n\n<h4>Der Vater<\/h4>\n\n\n\n<p>Unser Vater Siegfried Amberg Junior (*1924) wollte auch seine manuellen Begabungen in den Beruf einfliessen lassen und studierte Zahnmedizin in Fribourg und Basel, wo er auch als Assistent arbeitete. Danach zog es ihn in den Kanton Aargau, nach K\u00f6lliken. Er er\u00f6ffnete 1954 eine Zahnarztpraxis an der Hauptstrasse 474 im Unterdorf; sp\u00e4ter zog er an die Kirchgasse 22 um. Unsere Mutter Agnes Katharina, als S\u00e4uglingskrankenschwester ebenfalls im medizinischen Bereich t\u00e4tig, arbeitete gleich nach der Hochzeit in der Praxis mit, insgesamt 52 Jahre in der Administration und damit eine wertvolle Hilfe in unserem Familienbetrieb. Da die Praxis an unser Wohnhaus angegliedert war, wuchsen wir zwei Br\u00fcder Alexander und Georg Amberg mit der Zahnmedizin auf. Im zahntechnischen Labor konnten wir uns schon fr\u00fch mit Techniken wie Metallgiessen, Aufwachsen, Gipsen und Kunststofffr\u00e4sen besch\u00e4ftigen. Auf Anfrage der Zahn\u00e4rztegesellschaft des Kantons Aargau (heute SSO Aargau) er\u00f6ffnete Siegfried Amberg 1972 eine zweite Praxis in Oberentfelden, im heutigen Postgeb\u00e4ude an der Hauptstrasse.<\/p>\n\n\n\n<h4>Die S\u00f6hne<\/h4>\n\n\n\n<p>Nach unserem gemeinsamen Studium in Fribourg und Basel und verschiedenen Postgraduate-Ausbildungen bei Zahn\u00e4rzten und an Universit\u00e4ten \u00fcbernahmen Alexander Amberg 1992 die Praxis in K\u00f6lliken und Georg Amberg diejenige in Oberentfelden. Als \u201eOberentfelden\u201c zu klein wurde, bauten wir 1995 die R\u00e4umlichkeiten am heutigen Standort an der Suhrerstrasse 13 aus. W\u00e4hrend dieser \u00fcber 30-j\u00e4hrigen T\u00e4tigkeit in der Zahnmedizin konnten wir unser Behandlungsspektrum immer wieder erweitern: durch kontinuierliche Fortbildungen und praxisinterne Ausbildungen unseres Teams, aber auch durch technische Innovationen. Diese erfreulichen Entwicklungen waren stets getragen vom Vertrauen unserer Patientinnen und Patienten.<\/p>\n","protected":false},"excerpt":{"rendered":"<p>Was f\u00fcr eine Geschichte! Der Urgrossvater Bereits seit vier Generationen ist unsere Familie in der Medizin t\u00e4tig. Anton Amberg (*1853) war Hausarzt und praktizierte von 1884 bis 1920 in Ettiswil (LU), bis er seine Praxis an seinen Sohn Siegfried Anton Amberg \u00fcbergab. Anton war aber weiterhin in einer neu er\u00f6ffneten Praxis in Sursee aktiv, bis [&hellip;]<\/p>\n","protected":false},"author":2,"featured_media":476,"parent":850,"menu_order":25,"comment_status":"closed","ping_status":"closed","template":"","meta":[],"acf":[],"yoast_head":"<!-- This site is optimized with the Yoast SEO plugin v20.1 - https:\/\/yoast.com\/wordpress\/plugins\/seo\/ -->\n<title>Seit 1884 im Dienst der Gesundheit &bull; Amberg Zahn\u00e4rzte<\/title>\n<meta name=\"description\" content=\"Der Name Amberg hat in der Human- und Zahnmedizin Tradition. Seit vier Generationen praktizieren wir in den Kantonen Luzern und Aargau.\" \/>\n<meta name=\"robots\" content=\"index, follow, max-snippet:-1, max-image-preview:large, max-video-preview:-1\" \/>\n<link rel=\"canonical\" href=\"https:\/\/www.amberg-zahnaerzte.ch\/relaunch\/praxis\/geschichte\/\" \/>\n<meta property=\"og:locale\" content=\"de_DE\" \/>\n<meta property=\"og:type\" content=\"article\" \/>\n<meta property=\"og:title\" content=\"Seit 1884 im Dienst der Gesundheit &bull; Amberg Zahn\u00e4rzte\" \/>\n<meta property=\"og:description\" content=\"Der Name Amberg hat in der Human- und Zahnmedizin Tradition. Seit vier Generationen praktizieren wir in den Kantonen Luzern und Aargau.\" \/>\n<meta property=\"og:url\" content=\"https:\/\/www.amberg-zahnaerzte.ch\/relaunch\/praxis\/geschichte\/\" \/>\n<meta property=\"og:site_name\" content=\"Amberg Zahn\u00e4rzte\" \/>\n<meta property=\"article:modified_time\" content=\"2023-01-17T14:35:30+00:00\" \/>\n<meta property=\"og:image\" content=\"https:\/\/www.amberg-zahnaerzte.ch\/relaunch\/wp-content\/uploads\/Geschichte_Amberg_1.jpg\" \/>\n\t<meta property=\"og:image:width\" content=\"1204\" \/>\n\t<meta property=\"og:image:height\" content=\"480\" \/>\n\t<meta property=\"og:image:type\" content=\"image\/jpeg\" \/>\n<meta name=\"twitter:card\" content=\"summary_large_image\" \/>\n<meta name=\"twitter:label1\" content=\"Est. reading time\" \/>\n\t<meta name=\"twitter:data1\" content=\"4 Minuten\" \/>\n<script type=\"application\/ld+json\" class=\"yoast-schema-graph\">{\"@context\":\"https:\/\/schema.org\",\"@graph\":[{\"@type\":\"WebPage\",\"@id\":\"https:\/\/www.amberg-zahnaerzte.ch\/relaunch\/praxis\/geschichte\/\",\"url\":\"https:\/\/www.amberg-zahnaerzte.ch\/relaunch\/praxis\/geschichte\/\",\"name\":\"Seit 1884 im Dienst der Gesundheit &bull; Amberg Zahn\u00e4rzte\",\"isPartOf\":{\"@id\":\"https:\/\/www.amberg-zahnaerzte.ch\/relaunch\/#website\"},\"datePublished\":\"2022-07-11T12:40:21+00:00\",\"dateModified\":\"2023-01-17T14:35:30+00:00\",\"description\":\"Der Name Amberg hat in der Human- und Zahnmedizin Tradition. Seit vier Generationen praktizieren wir in den Kantonen Luzern und Aargau.\",\"breadcrumb\":{\"@id\":\"https:\/\/www.amberg-zahnaerzte.ch\/relaunch\/praxis\/geschichte\/#breadcrumb\"},\"inLanguage\":\"de-CH\",\"potentialAction\":[{\"@type\":\"ReadAction\",\"target\":[\"https:\/\/www.amberg-zahnaerzte.ch\/relaunch\/praxis\/geschichte\/\"]}]},{\"@type\":\"BreadcrumbList\",\"@id\":\"https:\/\/www.amberg-zahnaerzte.ch\/relaunch\/praxis\/geschichte\/#breadcrumb\",\"itemListElement\":[{\"@type\":\"ListItem\",\"position\":1,\"name\":\"Home\",\"item\":\"https:\/\/www.amberg-zahnaerzte.ch\/relaunch\/\"},{\"@type\":\"ListItem\",\"position\":2,\"name\":\"Praxis\",\"item\":\"https:\/\/www.amberg-zahnaerzte.ch\/relaunch\/praxis\/\"},{\"@type\":\"ListItem\",\"position\":3,\"name\":\"Seit 1884 im Dienst der Gesundheit\"}]},{\"@type\":\"WebSite\",\"@id\":\"https:\/\/www.amberg-zahnaerzte.ch\/relaunch\/#website\",\"url\":\"https:\/\/www.amberg-zahnaerzte.ch\/relaunch\/\",\"name\":\"Amberg Zahn\u00e4rzte\",\"description\":\"\",\"publisher\":{\"@id\":\"https:\/\/www.amberg-zahnaerzte.ch\/relaunch\/#organization\"},\"potentialAction\":[{\"@type\":\"SearchAction\",\"target\":{\"@type\":\"EntryPoint\",\"urlTemplate\":\"https:\/\/www.amberg-zahnaerzte.ch\/relaunch\/?s={search_term_string}\"},\"query-input\":\"required name=search_term_string\"}],\"inLanguage\":\"de-CH\"},{\"@type\":\"Organization\",\"@id\":\"https:\/\/www.amberg-zahnaerzte.ch\/relaunch\/#organization\",\"name\":\"Amberg Zahn\u00e4rzte\",\"url\":\"https:\/\/www.amberg-zahnaerzte.ch\/relaunch\/\",\"logo\":{\"@type\":\"ImageObject\",\"inLanguage\":\"de-CH\",\"@id\":\"https:\/\/www.amberg-zahnaerzte.ch\/relaunch\/#\/schema\/logo\/image\/\",\"url\":\"https:\/\/www.amberg-zahnaerzte.ch\/wp-content\/uploads\/logo_amberg.svg\",\"contentUrl\":\"https:\/\/www.amberg-zahnaerzte.ch\/wp-content\/uploads\/logo_amberg.svg\",\"width\":1,\"height\":1,\"caption\":\"Amberg Zahn\u00e4rzte\"},\"image\":{\"@id\":\"https:\/\/www.amberg-zahnaerzte.ch\/relaunch\/#\/schema\/logo\/image\/\"}}]}<\/script>\n<!-- \/ Yoast SEO plugin. -->","yoast_head_json":{"title":"Seit 1884 im Dienst der Gesundheit &bull; Amberg Zahn\u00e4rzte","description":"Der Name Amberg hat in der Human- und Zahnmedizin Tradition. Seit vier Generationen praktizieren wir in den Kantonen Luzern und Aargau.","robots":{"index":"index","follow":"follow","max-snippet":"max-snippet:-1","max-image-preview":"max-image-preview:large","max-video-preview":"max-video-preview:-1"},"canonical":"https:\/\/www.amberg-zahnaerzte.ch\/relaunch\/praxis\/geschichte\/","og_locale":"de_DE","og_type":"article","og_title":"Seit 1884 im Dienst der Gesundheit &bull; Amberg Zahn\u00e4rzte","og_description":"Der Name Amberg hat in der Human- und Zahnmedizin Tradition. Seit vier Generationen praktizieren wir in den Kantonen Luzern und Aargau.","og_url":"https:\/\/www.amberg-zahnaerzte.ch\/relaunch\/praxis\/geschichte\/","og_site_name":"Amberg Zahn\u00e4rzte","article_modified_time":"2023-01-17T14:35:30+00:00","og_image":[{"width":1204,"height":480,"url":"https:\/\/www.amberg-zahnaerzte.ch\/relaunch\/wp-content\/uploads\/Geschichte_Amberg_1.jpg","type":"image\/jpeg"}],"twitter_card":"summary_large_image","twitter_misc":{"Est. reading time":"4 Minuten"},"schema":{"@context":"https:\/\/schema.org","@graph":[{"@type":"WebPage","@id":"https:\/\/www.amberg-zahnaerzte.ch\/relaunch\/praxis\/geschichte\/","url":"https:\/\/www.amberg-zahnaerzte.ch\/relaunch\/praxis\/geschichte\/","name":"Seit 1884 im Dienst der Gesundheit &bull; Amberg Zahn\u00e4rzte","isPartOf":{"@id":"https:\/\/www.amberg-zahnaerzte.ch\/relaunch\/#website"},"datePublished":"2022-07-11T12:40:21+00:00","dateModified":"2023-01-17T14:35:30+00:00","description":"Der Name Amberg hat in der Human- und Zahnmedizin Tradition. Seit vier Generationen praktizieren wir in den Kantonen Luzern und Aargau.","breadcrumb":{"@id":"https:\/\/www.amberg-zahnaerzte.ch\/relaunch\/praxis\/geschichte\/#breadcrumb"},"inLanguage":"de-CH","potentialAction":[{"@type":"ReadAction","target":["https:\/\/www.amberg-zahnaerzte.ch\/relaunch\/praxis\/geschichte\/"]}]},{"@type":"BreadcrumbList","@id":"https:\/\/www.amberg-zahnaerzte.ch\/relaunch\/praxis\/geschichte\/#breadcrumb","itemListElement":[{"@type":"ListItem","position":1,"name":"Home","item":"https:\/\/www.amberg-zahnaerzte.ch\/relaunch\/"},{"@type":"ListItem","position":2,"name":"Praxis","item":"https:\/\/www.amberg-zahnaerzte.ch\/relaunch\/praxis\/"},{"@type":"ListItem","position":3,"name":"Seit 1884 im Dienst der Gesundheit"}]},{"@type":"WebSite","@id":"https:\/\/www.amberg-zahnaerzte.ch\/relaunch\/#website","url":"https:\/\/www.amberg-zahnaerzte.ch\/relaunch\/","name":"Amberg Zahn\u00e4rzte","description":"","publisher":{"@id":"https:\/\/www.amberg-zahnaerzte.ch\/relaunch\/#organization"},"potentialAction":[{"@type":"SearchAction","target":{"@type":"EntryPoint","urlTemplate":"https:\/\/www.amberg-zahnaerzte.ch\/relaunch\/?s={search_term_string}"},"query-input":"required name=search_term_string"}],"inLanguage":"de-CH"},{"@type":"Organization","@id":"https:\/\/www.amberg-zahnaerzte.ch\/relaunch\/#organization","name":"Amberg Zahn\u00e4rzte","url":"https:\/\/www.amberg-zahnaerzte.ch\/relaunch\/","logo":{"@type":"ImageObject","inLanguage":"de-CH","@id":"https:\/\/www.amberg-zahnaerzte.ch\/relaunch\/#\/schema\/logo\/image\/","url":"https:\/\/www.amberg-zahnaerzte.ch\/wp-content\/uploads\/logo_amberg.svg","contentUrl":"https:\/\/www.amberg-zahnaerzte.ch\/wp-content\/uploads\/logo_amberg.svg","width":1,"height":1,"caption":"Amberg Zahn\u00e4rzte"},"image":{"@id":"https:\/\/www.amberg-zahnaerzte.ch\/relaunch\/#\/schema\/logo\/image\/"}}]}},"_links":{"self":[{"href":"https:\/\/www.amberg-zahnaerzte.ch\/relaunch\/wp-json\/wp\/v2\/pages\/81"}],"collection":[{"href":"https:\/\/www.amberg-zahnaerzte.ch\/relaunch\/wp-json\/wp\/v2\/pages"}],"about":[{"href":"https:\/\/www.amberg-zahnaerzte.ch\/relaunch\/wp-json\/wp\/v2\/types\/page"}],"author":[{"embeddable":true,"href":"https:\/\/www.amberg-zahnaerzte.ch\/relaunch\/wp-json\/wp\/v2\/users\/2"}],"replies":[{"embeddable":true,"href":"https:\/\/www.amberg-zahnaerzte.ch\/relaunch\/wp-json\/wp\/v2\/comments?post=81"}],"version-history":[{"count":3,"href":"https:\/\/www.amberg-zahnaerzte.ch\/relaunch\/wp-json\/wp\/v2\/pages\/81\/revisions"}],"predecessor-version":[{"id":1666,"href":"https:\/\/www.amberg-zahnaerzte.ch\/relaunch\/wp-json\/wp\/v2\/pages\/81\/revisions\/1666"}],"up":[{"embeddable":true,"href":"https:\/\/www.amberg-zahnaerzte.ch\/relaunch\/wp-json\/wp\/v2\/pages\/850"}],"wp:featuredmedia":[{"embeddable":true,"href":"https:\/\/www.amberg-zahnaerzte.ch\/relaunch\/wp-json\/wp\/v2\/media\/476"}],"wp:attachment":[{"href":"https:\/\/www.amberg-zahnaerzte.ch\/relaunch\/wp-json\/wp\/v2\/media?parent=81"}],"curies":[{"name":"wp","href":"https:\/\/api.w.org\/{rel}","templated":true}]}}