{"id":82,"date":"2022-07-11T14:40:21","date_gmt":"2022-07-11T12:40:21","guid":{"rendered":"https:\/\/5.148.165.27\/plesk-site-preview\/www.amberg-zahnaerzte.ch\/https\/5.148.165.27?page_id=82"},"modified":"2023-01-24T13:44:43","modified_gmt":"2023-01-24T12:44:43","slug":"mitgliedschaften","status":"publish","type":"page","link":"https:\/\/www.amberg-zahnaerzte.ch\/relaunch\/praxis\/mitgliedschaften\/","title":{"rendered":"Mitgliedschaften"},"content":{"rendered":"\n<div class=\"wp-block-media-text alignwide is-stacked-on-mobile is-vertically-aligned-center\"><figure class=\"wp-block-media-text__media\"><img decoding=\"async\" src=\"\/wp-content\/uploads\/logo_mit_zusatz.svg\" alt=\"\" class=\"wp-image-713 size-full\"\/><\/figure><div class=\"wp-block-media-text__content\">\n<h2><br><\/h2>\n\n\n\n<h3>Schweizerische Zahn\u00e4rzte-Gesellschaft<\/h3>\n\n\n\n<p>Die Schweizerische Zahn\u00e4rzte-Gesellschaft SSO ist gem\u00e4ss ihren Leitlinien die Berufs- und Standesorganisation der in der Schweiz t\u00e4tigen Zahn\u00e4rztinnen und Zahn\u00e4rzte sowie die allgemeine wissenschaftliche Gesellschaft f\u00fcr Zahnmedizin in der Schweiz. Als legitime Vertreterin der schweizerischen Zahn\u00e4rzteschaft sorgt sie daf\u00fcr, dass ihre Mitglieder die berufsethischen Verpflichtungen gem\u00e4ss Profil, Statuten und Standesordnung erf\u00fcllen.<br><br><\/p>\n<\/div><\/div>\n\n\n\n<div class=\"wp-block-media-text alignwide is-stacked-on-mobile\"><figure class=\"wp-block-media-text__media\"><img decoding=\"async\" src=\"\/wp-content\/uploads\/Aargauer_Zahnaerzte_Logo.svg\" alt=\"\" class=\"wp-image-674 size-full\"\/><\/figure><div class=\"wp-block-media-text__content\">\n<h2><br><\/h2>\n\n\n\n<h3>Schweizerische Zahn\u00e4rzte-Gesellschaft Aargau<\/h3>\n\n\n\n<p>Die SSO Aargau ist der kantonale Berufsverband der Zahn\u00e4rztinnen und Zahn\u00e4rzte und eine Sektion der Schweizerischen Zahn\u00e4rzte-Gesellschaft SSO. Zurzeit geh\u00f6ren ihr \u00fcber 90 % aller im Kanton praktizierenden Zahn\u00e4rztinnen und Zahn\u00e4rzte an. Dr. med. dent. Alexander Amberg ist derzeit Pr\u00e4sident des kantonalen Berufsverbands.<br><br><\/p>\n<\/div><\/div>\n\n\n\n<h2>Weitere<\/h2>\n\n\n\n<ul>\n<li>Study Club des International Team for Implantology ITI (Drs. Alexander und Georg Amberg)<\/li>\n\n\n\n<li>Schweizerische Gesellschaft f\u00fcr orale Implantologie SGI (Dr. Alexander Amberg)<\/li>\n\n\n\n<li>Schweizerische \u00c4rztegesellschaft f\u00fcr Medizinische Hypnose SMSH (Dr. Georg Amberg)<\/li>\n<\/ul>\n","protected":false},"excerpt":{"rendered":"<p>Schweizerische Zahn\u00e4rzte-Gesellschaft Die Schweizerische Zahn\u00e4rzte-Gesellschaft SSO ist gem\u00e4ss ihren Leitlinien die Berufs- und Standesorganisation der in der Schweiz t\u00e4tigen Zahn\u00e4rztinnen und Zahn\u00e4rzte sowie die allgemeine wissenschaftliche Gesellschaft f\u00fcr Zahnmedizin in der Schweiz. Als legitime Vertreterin der schweizerischen Zahn\u00e4rzteschaft sorgt sie daf\u00fcr, dass ihre Mitglieder die berufsethischen Verpflichtungen gem\u00e4ss Profil, Statuten und Standesordnung erf\u00fcllen. Schweizerische Zahn\u00e4rzte-Gesellschaft [&hellip;]<\/p>\n","protected":false},"author":2,"featured_media":0,"parent":850,"menu_order":30,"comment_status":"closed","ping_status":"closed","template":"","meta":[],"acf":[],"yoast_head":"<!-- This site is optimized with the Yoast SEO plugin v20.1 - https:\/\/yoast.com\/wordpress\/plugins\/seo\/ -->\n<title>Mitgliedschaften &bull; Amberg Zahn\u00e4rzte<\/title>\n<meta name=\"description\" content=\"Erfahrungs- und Wissensaustausch f\u00fcr noch bessere zahnmedizinische Ergebnisse: Wir gestalten aktiv mit und entwickeln uns stetig weiter.\" \/>\n<meta name=\"robots\" content=\"index, follow, max-snippet:-1, max-image-preview:large, max-video-preview:-1\" \/>\n<link rel=\"canonical\" href=\"https:\/\/www.amberg-zahnaerzte.ch\/relaunch\/praxis\/mitgliedschaften\/\" \/>\n<meta property=\"og:locale\" content=\"de_DE\" \/>\n<meta property=\"og:type\" content=\"article\" \/>\n<meta property=\"og:title\" content=\"Mitgliedschaften &bull; Amberg Zahn\u00e4rzte\" \/>\n<meta property=\"og:description\" content=\"Erfahrungs- und Wissensaustausch f\u00fcr noch bessere zahnmedizinische Ergebnisse: Wir gestalten aktiv mit und entwickeln uns stetig weiter.\" \/>\n<meta property=\"og:url\" content=\"https:\/\/www.amberg-zahnaerzte.ch\/relaunch\/praxis\/mitgliedschaften\/\" \/>\n<meta property=\"og:site_name\" content=\"Amberg Zahn\u00e4rzte\" \/>\n<meta property=\"article:modified_time\" content=\"2023-01-24T12:44:43+00:00\" \/>\n<meta name=\"twitter:card\" content=\"summary_large_image\" \/>\n<meta name=\"twitter:label1\" content=\"Est. reading time\" \/>\n\t<meta name=\"twitter:data1\" content=\"2 Minuten\" \/>\n<script type=\"application\/ld+json\" class=\"yoast-schema-graph\">{\"@context\":\"https:\/\/schema.org\",\"@graph\":[{\"@type\":\"WebPage\",\"@id\":\"https:\/\/www.amberg-zahnaerzte.ch\/relaunch\/praxis\/mitgliedschaften\/\",\"url\":\"https:\/\/www.amberg-zahnaerzte.ch\/relaunch\/praxis\/mitgliedschaften\/\",\"name\":\"Mitgliedschaften &bull; Amberg Zahn\u00e4rzte\",\"isPartOf\":{\"@id\":\"https:\/\/www.amberg-zahnaerzte.ch\/relaunch\/#website\"},\"datePublished\":\"2022-07-11T12:40:21+00:00\",\"dateModified\":\"2023-01-24T12:44:43+00:00\",\"description\":\"Erfahrungs- und Wissensaustausch f\u00fcr noch bessere zahnmedizinische Ergebnisse: Wir gestalten aktiv mit und entwickeln uns stetig weiter.\",\"breadcrumb\":{\"@id\":\"https:\/\/www.amberg-zahnaerzte.ch\/relaunch\/praxis\/mitgliedschaften\/#breadcrumb\"},\"inLanguage\":\"de-CH\",\"potentialAction\":[{\"@type\":\"ReadAction\",\"target\":[\"https:\/\/www.amberg-zahnaerzte.ch\/relaunch\/praxis\/mitgliedschaften\/\"]}]},{\"@type\":\"BreadcrumbList\",\"@id\":\"https:\/\/www.amberg-zahnaerzte.ch\/relaunch\/praxis\/mitgliedschaften\/#breadcrumb\",\"itemListElement\":[{\"@type\":\"ListItem\",\"position\":1,\"name\":\"Home\",\"item\":\"https:\/\/www.amberg-zahnaerzte.ch\/relaunch\/\"},{\"@type\":\"ListItem\",\"position\":2,\"name\":\"Praxis\",\"item\":\"https:\/\/www.amberg-zahnaerzte.ch\/relaunch\/praxis\/\"},{\"@type\":\"ListItem\",\"position\":3,\"name\":\"Mitgliedschaften\"}]},{\"@type\":\"WebSite\",\"@id\":\"https:\/\/www.amberg-zahnaerzte.ch\/relaunch\/#website\",\"url\":\"https:\/\/www.amberg-zahnaerzte.ch\/relaunch\/\",\"name\":\"Amberg Zahn\u00e4rzte\",\"description\":\"\",\"publisher\":{\"@id\":\"https:\/\/www.amberg-zahnaerzte.ch\/relaunch\/#organization\"},\"potentialAction\":[{\"@type\":\"SearchAction\",\"target\":{\"@type\":\"EntryPoint\",\"urlTemplate\":\"https:\/\/www.amberg-zahnaerzte.ch\/relaunch\/?s={search_term_string}\"},\"query-input\":\"required name=search_term_string\"}],\"inLanguage\":\"de-CH\"},{\"@type\":\"Organization\",\"@id\":\"https:\/\/www.amberg-zahnaerzte.ch\/relaunch\/#organization\",\"name\":\"Amberg Zahn\u00e4rzte\",\"url\":\"https:\/\/www.amberg-zahnaerzte.ch\/relaunch\/\",\"logo\":{\"@type\":\"ImageObject\",\"inLanguage\":\"de-CH\",\"@id\":\"https:\/\/www.amberg-zahnaerzte.ch\/relaunch\/#\/schema\/logo\/image\/\",\"url\":\"https:\/\/www.amberg-zahnaerzte.ch\/wp-content\/uploads\/logo_amberg.svg\",\"contentUrl\":\"https:\/\/www.amberg-zahnaerzte.ch\/wp-content\/uploads\/logo_amberg.svg\",\"width\":1,\"height\":1,\"caption\":\"Amberg Zahn\u00e4rzte\"},\"image\":{\"@id\":\"https:\/\/www.amberg-zahnaerzte.ch\/relaunch\/#\/schema\/logo\/image\/\"}}]}<\/script>\n<!-- \/ Yoast SEO plugin. -->","yoast_head_json":{"title":"Mitgliedschaften &bull; Amberg Zahn\u00e4rzte","description":"Erfahrungs- und Wissensaustausch f\u00fcr noch bessere zahnmedizinische Ergebnisse: Wir gestalten aktiv mit und entwickeln uns stetig weiter.","robots":{"index":"index","follow":"follow","max-snippet":"max-snippet:-1","max-image-preview":"max-image-preview:large","max-video-preview":"max-video-preview:-1"},"canonical":"https:\/\/www.amberg-zahnaerzte.ch\/relaunch\/praxis\/mitgliedschaften\/","og_locale":"de_DE","og_type":"article","og_title":"Mitgliedschaften &bull; Amberg Zahn\u00e4rzte","og_description":"Erfahrungs- und Wissensaustausch f\u00fcr noch bessere zahnmedizinische Ergebnisse: Wir gestalten aktiv mit und entwickeln uns stetig weiter.","og_url":"https:\/\/www.amberg-zahnaerzte.ch\/relaunch\/praxis\/mitgliedschaften\/","og_site_name":"Amberg Zahn\u00e4rzte","article_modified_time":"2023-01-24T12:44:43+00:00","twitter_card":"summary_large_image","twitter_misc":{"Est. reading time":"2 Minuten"},"schema":{"@context":"https:\/\/schema.org","@graph":[{"@type":"WebPage","@id":"https:\/\/www.amberg-zahnaerzte.ch\/relaunch\/praxis\/mitgliedschaften\/","url":"https:\/\/www.amberg-zahnaerzte.ch\/relaunch\/praxis\/mitgliedschaften\/","name":"Mitgliedschaften &bull; Amberg Zahn\u00e4rzte","isPartOf":{"@id":"https:\/\/www.amberg-zahnaerzte.ch\/relaunch\/#website"},"datePublished":"2022-07-11T12:40:21+00:00","dateModified":"2023-01-24T12:44:43+00:00","description":"Erfahrungs- und Wissensaustausch f\u00fcr noch bessere zahnmedizinische Ergebnisse: Wir gestalten aktiv mit und entwickeln uns stetig weiter.","breadcrumb":{"@id":"https:\/\/www.amberg-zahnaerzte.ch\/relaunch\/praxis\/mitgliedschaften\/#breadcrumb"},"inLanguage":"de-CH","potentialAction":[{"@type":"ReadAction","target":["https:\/\/www.amberg-zahnaerzte.ch\/relaunch\/praxis\/mitgliedschaften\/"]}]},{"@type":"BreadcrumbList","@id":"https:\/\/www.amberg-zahnaerzte.ch\/relaunch\/praxis\/mitgliedschaften\/#breadcrumb","itemListElement":[{"@type":"ListItem","position":1,"name":"Home","item":"https:\/\/www.amberg-zahnaerzte.ch\/relaunch\/"},{"@type":"ListItem","position":2,"name":"Praxis","item":"https:\/\/www.amberg-zahnaerzte.ch\/relaunch\/praxis\/"},{"@type":"ListItem","position":3,"name":"Mitgliedschaften"}]},{"@type":"WebSite","@id":"https:\/\/www.amberg-zahnaerzte.ch\/relaunch\/#website","url":"https:\/\/www.amberg-zahnaerzte.ch\/relaunch\/","name":"Amberg Zahn\u00e4rzte","description":"","publisher":{"@id":"https:\/\/www.amberg-zahnaerzte.ch\/relaunch\/#organization"},"potentialAction":[{"@type":"SearchAction","target":{"@type":"EntryPoint","urlTemplate":"https:\/\/www.amberg-zahnaerzte.ch\/relaunch\/?s={search_term_string}"},"query-input":"required name=search_term_string"}],"inLanguage":"de-CH"},{"@type":"Organization","@id":"https:\/\/www.amberg-zahnaerzte.ch\/relaunch\/#organization","name":"Amberg Zahn\u00e4rzte","url":"https:\/\/www.amberg-zahnaerzte.ch\/relaunch\/","logo":{"@type":"ImageObject","inLanguage":"de-CH","@id":"https:\/\/www.amberg-zahnaerzte.ch\/relaunch\/#\/schema\/logo\/image\/","url":"https:\/\/www.amberg-zahnaerzte.ch\/wp-content\/uploads\/logo_amberg.svg","contentUrl":"https:\/\/www.amberg-zahnaerzte.ch\/wp-content\/uploads\/logo_amberg.svg","width":1,"height":1,"caption":"Amberg Zahn\u00e4rzte"},"image":{"@id":"https:\/\/www.amberg-zahnaerzte.ch\/relaunch\/#\/schema\/logo\/image\/"}}]}},"_links":{"self":[{"href":"https:\/\/www.amberg-zahnaerzte.ch\/relaunch\/wp-json\/wp\/v2\/pages\/82"}],"collection":[{"href":"https:\/\/www.amberg-zahnaerzte.ch\/relaunch\/wp-json\/wp\/v2\/pages"}],"about":[{"href":"https:\/\/www.amberg-zahnaerzte.ch\/relaunch\/wp-json\/wp\/v2\/types\/page"}],"author":[{"embeddable":true,"href":"https:\/\/www.amberg-zahnaerzte.ch\/relaunch\/wp-json\/wp\/v2\/users\/2"}],"replies":[{"embeddable":true,"href":"https:\/\/www.amberg-zahnaerzte.ch\/relaunch\/wp-json\/wp\/v2\/comments?post=82"}],"version-history":[{"count":6,"href":"https:\/\/www.amberg-zahnaerzte.ch\/relaunch\/wp-json\/wp\/v2\/pages\/82\/revisions"}],"predecessor-version":[{"id":1723,"href":"https:\/\/www.amberg-zahnaerzte.ch\/relaunch\/wp-json\/wp\/v2\/pages\/82\/revisions\/1723"}],"up":[{"embeddable":true,"href":"https:\/\/www.amberg-zahnaerzte.ch\/relaunch\/wp-json\/wp\/v2\/pages\/850"}],"wp:attachment":[{"href":"https:\/\/www.amberg-zahnaerzte.ch\/relaunch\/wp-json\/wp\/v2\/media?parent=82"}],"curies":[{"name":"wp","href":"https:\/\/api.w.org\/{rel}","templated":true}]}}