{"id":83,"date":"2022-07-11T14:40:21","date_gmt":"2022-07-11T12:40:21","guid":{"rendered":"https:\/\/5.148.165.27\/plesk-site-preview\/www.amberg-zahnaerzte.ch\/https\/5.148.165.27?page_id=83"},"modified":"2023-01-17T15:38:05","modified_gmt":"2023-01-17T14:38:05","slug":"engagements","status":"publish","type":"page","link":"https:\/\/www.amberg-zahnaerzte.ch\/relaunch\/praxis\/engagements\/","title":{"rendered":"Soziales Engagement"},"content":{"rendered":"\n<h2><strong>Zahnbehandlungen in der Ukraine wieder m\u00f6glich<\/strong><\/h2>\n\n\n\n<p>\u00dcber die schweizerische Organisation <a href=\"https:\/\/www.volunteersforhumanity.ch\/\" target=\"_blank\" rel=\"noreferrer noopener\">Volunteers for Humanity<\/a> unterst\u00fctzen wir die Ukraine beim Wiederaufbau zerst\u00f6rter medizinischer Infrastruktur in den Kriegsgebieten. In Trostjanets, 50 Kilometer von der russischen Grenze, beschossen russische Panzer im Fr\u00fchling 2022 das Spital gezielt und zerst\u00f6rten dabei auch die zahn\u00e4rztlichen Einrichtungen.<\/p>\n\n\n\n<figure class=\"wp-block-image size-large is-resized\"><img decoding=\"async\" loading=\"lazy\" src=\"\/wp-content\/uploads\/amberg-volunteers22-1-1024x770.jpg\" alt=\"\" class=\"wp-image-1299\" width=\"838\" height=\"629\" srcset=\"https:\/\/www.amberg-zahnaerzte.ch\/relaunch\/wp-content\/uploads\/amberg-volunteers22-1-1024x770.jpg 1024w, https:\/\/www.amberg-zahnaerzte.ch\/relaunch\/wp-content\/uploads\/amberg-volunteers22-1-300x225.jpg 300w, https:\/\/www.amberg-zahnaerzte.ch\/relaunch\/wp-content\/uploads\/amberg-volunteers22-1-768x577.jpg 768w, https:\/\/www.amberg-zahnaerzte.ch\/relaunch\/wp-content\/uploads\/amberg-volunteers22-1.jpg 1212w\" sizes=\"(max-width: 838px) 100vw, 838px\" \/><\/figure>\n\n\n\n<p>Mit Hilfe von grossz\u00fcgigen Sponsoren konnten wir einen Zahnarztstuhl erwerben, der durch die Firma 1 A Dental Service AG aus Willisau gebrauchsfertig erstellt wurde. Und die abc dental AG stellte uns gratis zahn\u00e4rztliche Materialien zur Verf\u00fcgung, sodass nun wieder F\u00fcllungen gelegt sowie Wurzelbehandlungen und chirurgische Eingriffe durchgef\u00fchrt werden k\u00f6nnen. Das entspricht erfreulicherweise etwa 80 Prozent aller zahn\u00e4rztlichen Behandlungen im Spital.<\/p>\n\n\n\n<p>Am 12. November 2022 verlud das Team von Volunteers for Humanity diese zahnmedizinischen Materialien zusammen mit vielen Tonnen von medizinischen G\u00fctern auf einen Lastwagen, der sie schon am 18. November im Spital von Trostjanets abladen konnte.<\/p>\n\n\n\n<hr class=\"wp-block-separator has-alpha-channel-opacity\"\/>\n\n\n\n<h2><strong>Zahnklinik auf R\u00e4dern in den Fl\u00fcchtlingscamps<\/strong><\/h2>\n\n\n\n<p>Im M\u00e4rz 2017 ist Georg Amberg an die serbische Grenze geflogen und hat dort die mobile Zahnklinik in Betrieb genommen.<\/p>\n\n\n\n<figure class=\"wp-block-image size-full is-resized\"><img decoding=\"async\" loading=\"lazy\" src=\"\/wp-content\/uploads\/amberg-fluechtlingscamp22.jpg\" alt=\"\" class=\"wp-image-1359\" width=\"839\" height=\"472\" srcset=\"https:\/\/www.amberg-zahnaerzte.ch\/relaunch\/wp-content\/uploads\/amberg-fluechtlingscamp22.jpg 920w, https:\/\/www.amberg-zahnaerzte.ch\/relaunch\/wp-content\/uploads\/amberg-fluechtlingscamp22-300x169.jpg 300w, https:\/\/www.amberg-zahnaerzte.ch\/relaunch\/wp-content\/uploads\/amberg-fluechtlingscamp22-768x432.jpg 768w\" sizes=\"(max-width: 839px) 100vw, 839px\" \/><\/figure>\n\n\n\n<p>Als sich die Fl\u00fcchtlingskrise auf der Balkanroute in den Jahren 2015 und 2016 zuspitzte, boten Hilfswerke, aber auch Privatpersonen Hilfe vor Ort an und sammelten Spenden. Seit Februar 2017 ist auch eine Zahnklinik auf R\u00e4dern in den Fl\u00fcchtlingscamps in Serbien unterwegs. Diese Hilfe ist dringend n\u00f6tig, wo es doch an fast allem fehlt. Die mobile Zahnklinik in Serbien ist ein Projekt von Marit Neukomm, Oberentfelden und ihrer Non-Profit-Organisation \u00abVolunteers for Humanity\u00bb. Die Organisation M\u00e9decins sans fronti\u00e8res (MFS) ist in den Camps aktiv. Bei zahnmedizinischen Problemen stossen diese \u00c4rzte aber schnell an ihre medizinischen Grenzen. Von allen Fl\u00fcchtlingen, welche medizinische Hilfe ben\u00f6tigen, brauchen 70 % einen Zahnarzt. Viele haben seit Monaten keine Zahnb\u00fcrste mehr benutzt, entsprechend schlecht steht es um die Mundhygiene. Die Z\u00e4hne sind regelrecht verfault. Der Verein Volunteers for Humanity gleiste den Umbau eines deutschen Ambulanzfahrzeugs in eine mobile Zahnklinik auf und finanzierte diese neue Form der Fl\u00fcchtlingshilfe. Das Fahrzeug ist ausgestattet mit einem Behandlungsstuhl, einem R\u00f6ntgenger\u00e4t, einem Stromregenerator sowie einem Sterilisator. Der Zahnarzt Dr. Georg Amberg aus Oberentfelden sammelte bei seinen Berufskolleginnen und Berufskollegen der SSO Aargau Material im Wert von rund 30\u2018000 Franken und Geldspenden von \u00fcber 12\u2018000 Franken f\u00fcr dieses einzigartige Projekt. Als er im Fl\u00fcchtlingscamp ankam, wurden ihm fast die T\u00fcren eingerannt. Ein zahnmedizinisches Angebot war dringend n\u00f6tig. Heute ist die mobile Zahnklinik in S\u00fcdserbien in \u00fcber 20 Camps unterwegs und wird von der Schweizer Fl\u00fcchtlingshilfsorganisation \u00abBoarderfree Association\u00bb betrieben. Sp\u00e4ter soll der Bus weiter nach Griechenland und auch dort von Camp zu Camp fahren.<\/p>\n\n\n\n<figure class=\"wp-block-video\"><video controls src=\"\/wp-content\/uploads\/Mobile-Zahnklinik-im-Fluechtlingscamp.mp4\"><\/video><\/figure>\n\n\n\n<hr class=\"wp-block-separator has-alpha-channel-opacity\"\/>\n\n\n\n<h2><strong>Volunteers for Humanity<\/strong><\/h2>\n\n\n\n<p>Marit Neukomm aus Oberentfelden wurde mit dem NAB Award 2016 ausgezeichnet und damit zur Aargauerin des Jahres ernannt. Ihre private <a href=\"https:\/\/www.volunteersforhumanity.ch\/\" target=\"_blank\" rel=\"noreferrer noopener\">Hilfsorganisation \u201eVolunteers for Humanity\u201c<\/a> engagiert sich f\u00fcr Fl\u00fcchtlinge auf der Balkanroute und an der griechisch-t\u00fcrkischen Grenze. Wir berichteten bereits im Oktober 2015 dar\u00fcber In einer mobilen Zahnklinik werden Menschen behandelt, die in Nordgriechenland in den 35 Fl\u00fcchtlingscamps untergebracht sind.<\/p>\n\n\n\n<p>Die allgemeinmedizinische Seite wird bereits von mobilen Arztkliniken sowie von M\u00e9decins Sans Fronti\u00e8res abgedeckt. Aber viele Kinder und Erwachsene haben auch erkrankte Z\u00e4hne oder Abszesse im Mund, die unbedingt behandelt werden m\u00fcssen. Die Priorit\u00e4t liegt bei der Schmerzlinderung und Verhinderung von Infektionen in der Mundh\u00f6hle. Mit Hilfe der Zahn\u00e4rztegesellschaft unterst\u00fctzen wir Marit Neukomm mit diversen zahnmedizinischen Materialien und Instrumenten.<\/p>\n\n\n\n<p>Seit dem 24. Februar 2022 fokussiert sich das Engagement vor allem auf die Fl\u00fcchtlinge aus der Ukraine. Es werden vor allem medizinische und sonstige Bedarfsg\u00fcter mit Lastwagen in die Ukraine und den anliegenden L\u00e4ndern transportiert.<\/p>\n\n\n\n<p>Auch Sie k\u00f6nnen der Aargauerin des Jahres 2016 helfen: Via Bank\u00fcberweisung mit Vermerk \u201eZahnklinik\u201c an Volunteers for Humanity, Neulandweg 3, 5036 Oberentfelden, IBAN: CH82 0658 8570 0739 1368 9, Clearing Nr. 6588, BIC: RBABCH22566.<\/p>\n\n\n\n<p>Vielen Dank f\u00fcr Ihre Mithilfe!<\/p>\n\n\n\n<hr class=\"wp-block-separator has-alpha-channel-opacity\"\/>\n\n\n\n<h2><strong>\u201eDie Solidarit\u00e4t im Aargau ist enorm\u201c<\/strong><\/h2>\n\n\n\n<p>Oktober 2015<\/p>\n\n\n\n<p>Aus aktuellem Anlass beschloss das Team der Amberg Zahn\u00e4rzte, einen aktiven Beitrag zur humanit\u00e4ren Hilfe f\u00fcr die Kriegsfl\u00fcchtlinge auf der Balkanroute zu leisten. Mit der grossz\u00fcgigen Unterst\u00fctzung der GABA AG, der TRISA AG und der Mibelle AG (Candida) konnten wir das Projekt \u201eTs\u00fcri hilft\u201c mit \u00fcber 500 Zahnb\u00fcrsten und Zahnpasten ausr\u00fcsten. Unser Ziel ist war es, den 500 Fl\u00fcchtlingen nach monatelanger Flucht mit der t\u00e4glichen Mundpflege wieder ein St\u00fcck Normalit\u00e4t zur\u00fcckzugewinnen.<\/p>\n\n\n\n<p>In Oberentfelden und Grossraum Aarau engagierte sich insbesondere Frau Marit Neukomm mit Dutzenden von Freiwilligen f\u00fcr das Sammeln und Weiterleiten von Hilfsg\u00fctern. Sie half auch direkt vor Ort auf der Insel Lesbos. Im Dezember 2015 erschien in der Aargauer Zeitung ein ausf\u00fchrlicher Bericht \u00fcber sie und ihr grossartiges Team (siehe AZ online). Wir danken Marit Neukomm und all den Freiwilligen herzlich f\u00fcr ihren selbstlosen Einsatz! Sie haben die Welt menschlicher gemacht.<\/p>\n\n\n\n<p>M\u00f6chten auch Sie sich engagieren? Der Verein \u201eVolunteers for Humanity\u201c von Marit Neukomm ist f\u00fcr jede helfende Hand dankbar.<\/p>\n\n\n\n<p><strong>Einsatz auf dem <u><a href=\"https:\/\/mercyships.ch\/de?utm_source=adwords&amp;utm_campaign=AW+-+MSCH+DE&amp;utm_term=africa%20mercy%20ship&amp;utm_medium=ppc&amp;hsa_ad=538319898181&amp;hsa_net=adwords&amp;hsa_mt=b&amp;hsa_grp=117133623580&amp;hsa_kw=africa%20mercy%20ship&amp;hsa_cam=11055542148&amp;hsa_ver=3&amp;hsa_acc=4464236887&amp;hsa_src=g&amp;hsa_tgt=kwd-300580417125&amp;gclid=Cj0KCQiA7bucBhCeARIsAIOwr-9_BgeGKjgqYGwd1w3rPvtH9RLozjTecoe7DInGiljMUMIObuvOL6IaAusoEALw_wcB\" target=\"_blank\" rel=\"noreferrer noopener\">Spitalschiff \u201eAfrica Mercy\u201c<\/a><\/u><\/strong><\/p>\n\n\n\n<p>Alexander Amberg war im M\u00e4rz 2012 f\u00fcr einen zweiw\u00f6chigen Einsatz als Zahnarzt an Bord des weltweit gr\u00f6ssten privat betriebenen Spitalsschiffs, auf dem \u00fcber 400 Freiwillige aus mehr als 30 L\u00e4ndern arbeiten.<\/p>\n\n\n\n<p>Sie erbringen erstklassige medizinische Hilfe und langfristige Entwicklungszusammenarbeit. Hier sehen Sie ein paar Impressionen und den <a href=\"\/wp-content\/uploads\/amberg-soz-engagement-westafrika-AZ-120414.pdf\" target=\"_blank\" rel=\"noreferrer noopener\">Artikel der Aargauer Zeitung.<\/a><\/p>\n\n\n\n<hr class=\"wp-block-separator has-alpha-channel-opacity\"\/>\n\n\n\n<figure class=\"is-layout-flex wp-block-gallery-1 wp-block-gallery has-nested-images columns-default is-cropped\">\n<figure class=\"wp-block-image size-large\"><img decoding=\"async\" loading=\"lazy\" width=\"1000\" height=\"750\" data-id=\"1346\"  src=\"\/wp-content\/uploads\/Amberg-Africa-Mercy-01.jpg\" alt=\"\" class=\"wp-image-1346\" srcset=\"https:\/\/www.amberg-zahnaerzte.ch\/relaunch\/wp-content\/uploads\/Amberg-Africa-Mercy-01.jpg 1000w, https:\/\/www.amberg-zahnaerzte.ch\/relaunch\/wp-content\/uploads\/Amberg-Africa-Mercy-01-300x225.jpg 300w, https:\/\/www.amberg-zahnaerzte.ch\/relaunch\/wp-content\/uploads\/Amberg-Africa-Mercy-01-768x576.jpg 768w\" sizes=\"(max-width: 1000px) 100vw, 1000px\" \/><\/figure>\n\n\n\n<figure class=\"wp-block-image size-large\"><img decoding=\"async\" loading=\"lazy\" width=\"1000\" height=\"750\" data-id=\"1347\"  src=\"\/wp-content\/uploads\/Amberg-Africa-Mercy-06.jpg\" alt=\"\" class=\"wp-image-1347\" srcset=\"https:\/\/www.amberg-zahnaerzte.ch\/relaunch\/wp-content\/uploads\/Amberg-Africa-Mercy-06.jpg 1000w, https:\/\/www.amberg-zahnaerzte.ch\/relaunch\/wp-content\/uploads\/Amberg-Africa-Mercy-06-300x225.jpg 300w, https:\/\/www.amberg-zahnaerzte.ch\/relaunch\/wp-content\/uploads\/Amberg-Africa-Mercy-06-768x576.jpg 768w\" sizes=\"(max-width: 1000px) 100vw, 1000px\" \/><\/figure>\n\n\n\n<figure class=\"wp-block-image size-large\"><img decoding=\"async\" loading=\"lazy\" width=\"1000\" height=\"750\" data-id=\"1348\"  src=\"\/wp-content\/uploads\/Amberg-Africa-Mercy-08.jpg\" alt=\"\" class=\"wp-image-1348\" srcset=\"https:\/\/www.amberg-zahnaerzte.ch\/relaunch\/wp-content\/uploads\/Amberg-Africa-Mercy-08.jpg 1000w, https:\/\/www.amberg-zahnaerzte.ch\/relaunch\/wp-content\/uploads\/Amberg-Africa-Mercy-08-300x225.jpg 300w, https:\/\/www.amberg-zahnaerzte.ch\/relaunch\/wp-content\/uploads\/Amberg-Africa-Mercy-08-768x576.jpg 768w\" sizes=\"(max-width: 1000px) 100vw, 1000px\" \/><\/figure>\n\n\n\n<figure class=\"wp-block-image size-large\"><img decoding=\"async\" loading=\"lazy\" width=\"1000\" height=\"750\" data-id=\"1349\"  src=\"\/wp-content\/uploads\/Amberg-Africa-Mercy-09.jpg\" alt=\"\" class=\"wp-image-1349\" srcset=\"https:\/\/www.amberg-zahnaerzte.ch\/relaunch\/wp-content\/uploads\/Amberg-Africa-Mercy-09.jpg 1000w, https:\/\/www.amberg-zahnaerzte.ch\/relaunch\/wp-content\/uploads\/Amberg-Africa-Mercy-09-300x225.jpg 300w, https:\/\/www.amberg-zahnaerzte.ch\/relaunch\/wp-content\/uploads\/Amberg-Africa-Mercy-09-768x576.jpg 768w\" sizes=\"(max-width: 1000px) 100vw, 1000px\" \/><\/figure>\n\n\n\n<figure class=\"wp-block-image size-large\"><img decoding=\"async\" loading=\"lazy\" width=\"1000\" height=\"750\" data-id=\"1350\"  src=\"\/wp-content\/uploads\/Amberg-Africa-Mercy-12.jpg\" alt=\"\" class=\"wp-image-1350\" srcset=\"https:\/\/www.amberg-zahnaerzte.ch\/relaunch\/wp-content\/uploads\/Amberg-Africa-Mercy-12.jpg 1000w, https:\/\/www.amberg-zahnaerzte.ch\/relaunch\/wp-content\/uploads\/Amberg-Africa-Mercy-12-300x225.jpg 300w, https:\/\/www.amberg-zahnaerzte.ch\/relaunch\/wp-content\/uploads\/Amberg-Africa-Mercy-12-768x576.jpg 768w\" sizes=\"(max-width: 1000px) 100vw, 1000px\" \/><\/figure>\n\n\n\n<figure class=\"wp-block-image size-large\"><img decoding=\"async\" loading=\"lazy\" width=\"1000\" height=\"750\" data-id=\"1351\"  src=\"\/wp-content\/uploads\/Amberg-Africa-Mercy-13.jpg\" alt=\"\" class=\"wp-image-1351\" srcset=\"https:\/\/www.amberg-zahnaerzte.ch\/relaunch\/wp-content\/uploads\/Amberg-Africa-Mercy-13.jpg 1000w, https:\/\/www.amberg-zahnaerzte.ch\/relaunch\/wp-content\/uploads\/Amberg-Africa-Mercy-13-300x225.jpg 300w, https:\/\/www.amberg-zahnaerzte.ch\/relaunch\/wp-content\/uploads\/Amberg-Africa-Mercy-13-768x576.jpg 768w\" sizes=\"(max-width: 1000px) 100vw, 1000px\" \/><\/figure>\n<\/figure>\n\n\n\n<h2><strong>The Helping Man<\/strong><\/h2>\n\n\n\n<p>Seit rund 30 Jahren steht <a href=\"https:\/\/www.helpingman.ch\/\" target=\"_blank\" rel=\"noreferrer noopener\">Helping Man<\/a> Marcel Steffen aus Oftringen weltweit im Helfereinsatz.<\/p>\n\n\n\n<p>In den letzten acht Jahren hat Steffen das Schwergewicht seiner T\u00e4tigkeit nach Indonesien verlegt. Dort unterst\u00fctzt er Kinderg\u00e4rten, Schulen, Spit\u00e4ler und Strassenkinder mit Hilfsg\u00fctern wie Kleidern, Spielsachen, Medizinalger\u00e4ten und Medikamenten, die er ins Einsatzgebiet einfliegen l\u00e4sst. Mit den Geldspenden realisiert er Bauprojekte. Bei jedem Baueinsatz ist Helping Man vor Ort und \u00fcberwacht die Arbeiten. Er hat bisher insgesamt rund 500 000 Franken aus Geldspenden und aus dem eigenen Sack zusammengetragen. Sein Motto: Ohne Mithilfe der Bed\u00fcrftigen, keine Hilfe von ihm.<\/p>\n\n\n\n<p>F\u00fcr sein stilles Schaffen wurde Marcel Steffen 2004 vom Schweizer Fernsehen der &#171;Swiss Award&#187; in der Katogerie &#171;Held des Alltags&#187; \u00fcbergeben. Wir von der Praxis Amberg unterst\u00fctzen The Helping Man mit zahnmedizinischen und chirurgischen Instrumenten, die auch unter einfachsten medizinischen Verh\u00e4ltnissen verwendet werden k\u00f6nnen.<\/p>\n\n\n\n<p>2012 erhielt er von der Firma Franke den Jahrespreis. Gegenw\u00e4rtig sammelt Marcel Steffen Hilfsg\u00fcter f\u00fcr Bed\u00fcrftige in der Ukraine.<\/p>\n\n\n\n<hr class=\"wp-block-separator has-alpha-channel-opacity\"\/>\n\n\n\n<h2>&nbsp;<strong>MiA \u2013 Mobil im Alter<\/strong><\/h2>\n\n\n\n<p>Kennen Sie den freiwilligen Fahrdienst schon? Ein Verein, gegr\u00fcndet im Jahr 2010 durch Hansj\u00f6rg L\u00fcthi, der sich seither wachsender Beliebtheit erfreut. Die Aufgabe von MiA ist es, Senioren\/Innen und Personen mit einer Einschr\u00e4nkung aus beiden Entfelden, Suhr, Muhen und Hirschthal Fahrten zu einem g\u00fcnstigen Tarif anzubieten. Vor allem Fahrten f\u00fcr Arzt- und Zahnarzttermine sowie diverse Therapieangebote werden sehr oft ben\u00f6tigt.<\/p>\n\n\n\n<p>Zum Erhalt dieses Vereines, haben wir uns als G\u00f6nner und Sponsor eintragen lassen. Wir m\u00f6chten Sie dazu ermuntern, ebenfalls Sponsor oder G\u00f6nner von dieser grossartigen Organisation zu werden. Der G\u00f6nnerbeitrag betr\u00e4gt pro Jahr mindestens CHF 100 und kann von der Steuer abgesetzt werden.<\/p>\n\n\n\n<p>W\u00fcrden Sie die Dienstleistung selber gerne n\u00fctzen, k\u00f6nnen Sie den Fahrdienst unter 062 511 26 11 bestellen.<\/p>\n\n\n\n<p>Weitere Informationen finden Sie unter:<\/p>\n\n\n\n<p><a href=\"http:\/\/www.mia-entfelden.ch\">www.mia-entfelden.ch<\/a><br><a href=\"http:\/\/www.mia-suhr.ch\">www.mia-suhr.ch<\/a><br><a href=\"http:\/\/www.mia-muhen-hirschthal.ch\">www.mia-muhen-hirschthal.ch<\/a><\/p>\n","protected":false},"excerpt":{"rendered":"<p>Zahnbehandlungen in der Ukraine wieder m\u00f6glich \u00dcber die schweizerische Organisation Volunteers for Humanity unterst\u00fctzen wir die Ukraine beim Wiederaufbau zerst\u00f6rter medizinischer Infrastruktur in den Kriegsgebieten. In Trostjanets, 50 Kilometer von der russischen Grenze, beschossen russische Panzer im Fr\u00fchling 2022 das Spital gezielt und zerst\u00f6rten dabei auch die zahn\u00e4rztlichen Einrichtungen. Mit Hilfe von grossz\u00fcgigen Sponsoren konnten [&hellip;]<\/p>\n","protected":false},"author":2,"featured_media":487,"parent":850,"menu_order":35,"comment_status":"closed","ping_status":"closed","template":"","meta":[],"acf":[],"yoast_head":"<!-- This site is optimized with the Yoast SEO plugin v20.1 - https:\/\/yoast.com\/wordpress\/plugins\/seo\/ -->\n<title>Soziales Engagement &bull; Amberg Zahn\u00e4rzte<\/title>\n<meta name=\"description\" content=\"Mit unseren engagierten Partnerorganisationen helfen wir, wo wir k\u00f6nnen und wir unser medizinisches Wissen wirkungsvoll einsetzen k\u00f6nnen.\" \/>\n<meta name=\"robots\" content=\"index, follow, max-snippet:-1, max-image-preview:large, max-video-preview:-1\" \/>\n<link rel=\"canonical\" href=\"https:\/\/www.amberg-zahnaerzte.ch\/relaunch\/praxis\/engagements\/\" \/>\n<meta property=\"og:locale\" content=\"de_DE\" \/>\n<meta property=\"og:type\" content=\"article\" \/>\n<meta property=\"og:title\" content=\"Soziales Engagement &bull; Amberg Zahn\u00e4rzte\" \/>\n<meta property=\"og:description\" content=\"Mit unseren engagierten Partnerorganisationen helfen wir, wo wir k\u00f6nnen und wir unser medizinisches Wissen wirkungsvoll einsetzen k\u00f6nnen.\" \/>\n<meta property=\"og:url\" content=\"https:\/\/www.amberg-zahnaerzte.ch\/relaunch\/praxis\/engagements\/\" \/>\n<meta property=\"og:site_name\" content=\"Amberg Zahn\u00e4rzte\" \/>\n<meta property=\"article:modified_time\" content=\"2023-01-17T14:38:05+00:00\" \/>\n<meta property=\"og:image\" content=\"https:\/\/www.amberg-zahnaerzte.ch\/relaunch\/wp-content\/uploads\/Unbenannt.jpg\" \/>\n\t<meta property=\"og:image:width\" content=\"1198\" \/>\n\t<meta property=\"og:image:height\" content=\"478\" \/>\n\t<meta property=\"og:image:type\" content=\"image\/jpeg\" \/>\n<meta name=\"twitter:card\" content=\"summary_large_image\" \/>\n<meta name=\"twitter:label1\" content=\"Est. reading time\" \/>\n\t<meta name=\"twitter:data1\" content=\"8 Minuten\" \/>\n<script type=\"application\/ld+json\" class=\"yoast-schema-graph\">{\"@context\":\"https:\/\/schema.org\",\"@graph\":[{\"@type\":\"WebPage\",\"@id\":\"https:\/\/www.amberg-zahnaerzte.ch\/relaunch\/praxis\/engagements\/\",\"url\":\"https:\/\/www.amberg-zahnaerzte.ch\/relaunch\/praxis\/engagements\/\",\"name\":\"Soziales Engagement &bull; Amberg Zahn\u00e4rzte\",\"isPartOf\":{\"@id\":\"https:\/\/www.amberg-zahnaerzte.ch\/relaunch\/#website\"},\"datePublished\":\"2022-07-11T12:40:21+00:00\",\"dateModified\":\"2023-01-17T14:38:05+00:00\",\"description\":\"Mit unseren engagierten Partnerorganisationen helfen wir, wo wir k\u00f6nnen und wir unser medizinisches Wissen wirkungsvoll einsetzen k\u00f6nnen.\",\"breadcrumb\":{\"@id\":\"https:\/\/www.amberg-zahnaerzte.ch\/relaunch\/praxis\/engagements\/#breadcrumb\"},\"inLanguage\":\"de-CH\",\"potentialAction\":[{\"@type\":\"ReadAction\",\"target\":[\"https:\/\/www.amberg-zahnaerzte.ch\/relaunch\/praxis\/engagements\/\"]}]},{\"@type\":\"BreadcrumbList\",\"@id\":\"https:\/\/www.amberg-zahnaerzte.ch\/relaunch\/praxis\/engagements\/#breadcrumb\",\"itemListElement\":[{\"@type\":\"ListItem\",\"position\":1,\"name\":\"Home\",\"item\":\"https:\/\/www.amberg-zahnaerzte.ch\/relaunch\/\"},{\"@type\":\"ListItem\",\"position\":2,\"name\":\"Praxis\",\"item\":\"https:\/\/www.amberg-zahnaerzte.ch\/relaunch\/praxis\/\"},{\"@type\":\"ListItem\",\"position\":3,\"name\":\"Soziales Engagement\"}]},{\"@type\":\"WebSite\",\"@id\":\"https:\/\/www.amberg-zahnaerzte.ch\/relaunch\/#website\",\"url\":\"https:\/\/www.amberg-zahnaerzte.ch\/relaunch\/\",\"name\":\"Amberg Zahn\u00e4rzte\",\"description\":\"\",\"publisher\":{\"@id\":\"https:\/\/www.amberg-zahnaerzte.ch\/relaunch\/#organization\"},\"potentialAction\":[{\"@type\":\"SearchAction\",\"target\":{\"@type\":\"EntryPoint\",\"urlTemplate\":\"https:\/\/www.amberg-zahnaerzte.ch\/relaunch\/?s={search_term_string}\"},\"query-input\":\"required name=search_term_string\"}],\"inLanguage\":\"de-CH\"},{\"@type\":\"Organization\",\"@id\":\"https:\/\/www.amberg-zahnaerzte.ch\/relaunch\/#organization\",\"name\":\"Amberg Zahn\u00e4rzte\",\"url\":\"https:\/\/www.amberg-zahnaerzte.ch\/relaunch\/\",\"logo\":{\"@type\":\"ImageObject\",\"inLanguage\":\"de-CH\",\"@id\":\"https:\/\/www.amberg-zahnaerzte.ch\/relaunch\/#\/schema\/logo\/image\/\",\"url\":\"https:\/\/www.amberg-zahnaerzte.ch\/wp-content\/uploads\/logo_amberg.svg\",\"contentUrl\":\"https:\/\/www.amberg-zahnaerzte.ch\/wp-content\/uploads\/logo_amberg.svg\",\"width\":1,\"height\":1,\"caption\":\"Amberg Zahn\u00e4rzte\"},\"image\":{\"@id\":\"https:\/\/www.amberg-zahnaerzte.ch\/relaunch\/#\/schema\/logo\/image\/\"}}]}<\/script>\n<!-- \/ Yoast SEO plugin. -->","yoast_head_json":{"title":"Soziales Engagement &bull; Amberg Zahn\u00e4rzte","description":"Mit unseren engagierten Partnerorganisationen helfen wir, wo wir k\u00f6nnen und wir unser medizinisches Wissen wirkungsvoll einsetzen k\u00f6nnen.","robots":{"index":"index","follow":"follow","max-snippet":"max-snippet:-1","max-image-preview":"max-image-preview:large","max-video-preview":"max-video-preview:-1"},"canonical":"https:\/\/www.amberg-zahnaerzte.ch\/relaunch\/praxis\/engagements\/","og_locale":"de_DE","og_type":"article","og_title":"Soziales Engagement &bull; Amberg Zahn\u00e4rzte","og_description":"Mit unseren engagierten Partnerorganisationen helfen wir, wo wir k\u00f6nnen und wir unser medizinisches Wissen wirkungsvoll einsetzen k\u00f6nnen.","og_url":"https:\/\/www.amberg-zahnaerzte.ch\/relaunch\/praxis\/engagements\/","og_site_name":"Amberg Zahn\u00e4rzte","article_modified_time":"2023-01-17T14:38:05+00:00","og_image":[{"width":1198,"height":478,"url":"https:\/\/www.amberg-zahnaerzte.ch\/relaunch\/wp-content\/uploads\/Unbenannt.jpg","type":"image\/jpeg"}],"twitter_card":"summary_large_image","twitter_misc":{"Est. reading time":"8 Minuten"},"schema":{"@context":"https:\/\/schema.org","@graph":[{"@type":"WebPage","@id":"https:\/\/www.amberg-zahnaerzte.ch\/relaunch\/praxis\/engagements\/","url":"https:\/\/www.amberg-zahnaerzte.ch\/relaunch\/praxis\/engagements\/","name":"Soziales Engagement &bull; Amberg Zahn\u00e4rzte","isPartOf":{"@id":"https:\/\/www.amberg-zahnaerzte.ch\/relaunch\/#website"},"datePublished":"2022-07-11T12:40:21+00:00","dateModified":"2023-01-17T14:38:05+00:00","description":"Mit unseren engagierten Partnerorganisationen helfen wir, wo wir k\u00f6nnen und wir unser medizinisches Wissen wirkungsvoll einsetzen k\u00f6nnen.","breadcrumb":{"@id":"https:\/\/www.amberg-zahnaerzte.ch\/relaunch\/praxis\/engagements\/#breadcrumb"},"inLanguage":"de-CH","potentialAction":[{"@type":"ReadAction","target":["https:\/\/www.amberg-zahnaerzte.ch\/relaunch\/praxis\/engagements\/"]}]},{"@type":"BreadcrumbList","@id":"https:\/\/www.amberg-zahnaerzte.ch\/relaunch\/praxis\/engagements\/#breadcrumb","itemListElement":[{"@type":"ListItem","position":1,"name":"Home","item":"https:\/\/www.amberg-zahnaerzte.ch\/relaunch\/"},{"@type":"ListItem","position":2,"name":"Praxis","item":"https:\/\/www.amberg-zahnaerzte.ch\/relaunch\/praxis\/"},{"@type":"ListItem","position":3,"name":"Soziales Engagement"}]},{"@type":"WebSite","@id":"https:\/\/www.amberg-zahnaerzte.ch\/relaunch\/#website","url":"https:\/\/www.amberg-zahnaerzte.ch\/relaunch\/","name":"Amberg Zahn\u00e4rzte","description":"","publisher":{"@id":"https:\/\/www.amberg-zahnaerzte.ch\/relaunch\/#organization"},"potentialAction":[{"@type":"SearchAction","target":{"@type":"EntryPoint","urlTemplate":"https:\/\/www.amberg-zahnaerzte.ch\/relaunch\/?s={search_term_string}"},"query-input":"required name=search_term_string"}],"inLanguage":"de-CH"},{"@type":"Organization","@id":"https:\/\/www.amberg-zahnaerzte.ch\/relaunch\/#organization","name":"Amberg Zahn\u00e4rzte","url":"https:\/\/www.amberg-zahnaerzte.ch\/relaunch\/","logo":{"@type":"ImageObject","inLanguage":"de-CH","@id":"https:\/\/www.amberg-zahnaerzte.ch\/relaunch\/#\/schema\/logo\/image\/","url":"https:\/\/www.amberg-zahnaerzte.ch\/wp-content\/uploads\/logo_amberg.svg","contentUrl":"https:\/\/www.amberg-zahnaerzte.ch\/wp-content\/uploads\/logo_amberg.svg","width":1,"height":1,"caption":"Amberg Zahn\u00e4rzte"},"image":{"@id":"https:\/\/www.amberg-zahnaerzte.ch\/relaunch\/#\/schema\/logo\/image\/"}}]}},"_links":{"self":[{"href":"https:\/\/www.amberg-zahnaerzte.ch\/relaunch\/wp-json\/wp\/v2\/pages\/83"}],"collection":[{"href":"https:\/\/www.amberg-zahnaerzte.ch\/relaunch\/wp-json\/wp\/v2\/pages"}],"about":[{"href":"https:\/\/www.amberg-zahnaerzte.ch\/relaunch\/wp-json\/wp\/v2\/types\/page"}],"author":[{"embeddable":true,"href":"https:\/\/www.amberg-zahnaerzte.ch\/relaunch\/wp-json\/wp\/v2\/users\/2"}],"replies":[{"embeddable":true,"href":"https:\/\/www.amberg-zahnaerzte.ch\/relaunch\/wp-json\/wp\/v2\/comments?post=83"}],"version-history":[{"count":4,"href":"https:\/\/www.amberg-zahnaerzte.ch\/relaunch\/wp-json\/wp\/v2\/pages\/83\/revisions"}],"predecessor-version":[{"id":1668,"href":"https:\/\/www.amberg-zahnaerzte.ch\/relaunch\/wp-json\/wp\/v2\/pages\/83\/revisions\/1668"}],"up":[{"embeddable":true,"href":"https:\/\/www.amberg-zahnaerzte.ch\/relaunch\/wp-json\/wp\/v2\/pages\/850"}],"wp:featuredmedia":[{"embeddable":true,"href":"https:\/\/www.amberg-zahnaerzte.ch\/relaunch\/wp-json\/wp\/v2\/media\/487"}],"wp:attachment":[{"href":"https:\/\/www.amberg-zahnaerzte.ch\/relaunch\/wp-json\/wp\/v2\/media?parent=83"}],"curies":[{"name":"wp","href":"https:\/\/api.w.org\/{rel}","templated":true}]}}